{"id":28931,"date":"2017-10-05T01:20:26","date_gmt":"2017-10-04T23:20:26","guid":{"rendered":"https:\/\/europeansnowsport.com\/about-es\/"},"modified":"2023-09-19T17:02:29","modified_gmt":"2023-09-19T15:02:29","slug":"about-es","status":"publish","type":"page","link":"https:\/\/europeansnowsport.com\/fr\/about-es\/","title":{"rendered":"Pourquoi choisir European Snowsport"},"content":{"rendered":"\n<div class=\"wp-block-cover alignfull is-light page-title-area wp-duotone-unset-1\" style=\"min-height:695px;aspect-ratio:unset;\"><span aria-hidden=\"true\" class=\"wp-block-cover__background has-background-dim-20 has-background-dim\"><\/span><img loading=\"lazy\" decoding=\"async\" width=\"2000\" height=\"1000\" class=\"wp-block-cover__image-background wp-image-27482\" alt=\"\" src=\"https:\/\/europeansnowsport.com\/wp-content\/uploads\/ski-instructors-2000w.jpg\" style=\"object-position:49% 51%\" data-object-fit=\"cover\" data-object-position=\"49% 51%\" srcset=\"https:\/\/europeansnowsport.com\/wp-content\/uploads\/ski-instructors-2000w.jpg 2000w, https:\/\/europeansnowsport.com\/wp-content\/uploads\/ski-instructors-2000w-300x150.jpg 300w, https:\/\/europeansnowsport.com\/wp-content\/uploads\/ski-instructors-2000w-1024x512.jpg 1024w, https:\/\/europeansnowsport.com\/wp-content\/uploads\/ski-instructors-2000w-768x384.jpg 768w, https:\/\/europeansnowsport.com\/wp-content\/uploads\/ski-instructors-2000w-1536x768.jpg 1536w, https:\/\/europeansnowsport.com\/wp-content\/uploads\/ski-instructors-2000w-500x250.jpg 500w, https:\/\/europeansnowsport.com\/wp-content\/uploads\/ski-instructors-2000w-800x400.jpg 800w, https:\/\/europeansnowsport.com\/wp-content\/uploads\/ski-instructors-2000w-1280x640.jpg 1280w, https:\/\/europeansnowsport.com\/wp-content\/uploads\/ski-instructors-2000w-1920x960.jpg 1920w\" sizes=\"auto, (max-width: 2000px) 100vw, 2000px\" \/><div class=\"wp-block-cover__inner-container is-layout-flow wp-block-cover-is-layout-flow\">\n<h1 class=\"wp-block-heading has-text-align-left has-large-font-size\" id=\"h-pourquoi-choisir-european-snowsport\">Pourquoi choisir European Snowsport<\/h1>\n\n\n\n<div class=\"wp-block-buttons is-layout-flex wp-block-buttons-is-layout-flex\">\n<div class=\"wp-block-button\"><a class=\"wp-block-button__link wp-element-button\" href=\"https:\/\/europeansnowsport.com\/fr\/stations-de-ski\/\">Stations de ski<\/a><\/div>\n\n\n\n<div class=\"wp-block-button ghost-button-light\"><a class=\"wp-block-button__link wp-element-button\" href=\"https:\/\/europeansnowsport.com\/fr\/contact\/\">Contactez-nous<\/a><\/div>\n<\/div>\n<\/div><\/div>\n\n\n\n<div class=\"wp-block-group alignfull something-different-container underlying\"><div class=\"wp-block-group__inner-container is-layout-constrained wp-block-group-is-layout-constrained\">\n<h2 class=\"wp-block-heading\">Pourquoi choisir European Snowsport<\/h2>\n\n\n\n<div class=\"wp-block-columns something-different first-row is-layout-flex wp-container-core-columns-is-layout-9d6595d7 wp-block-columns-is-layout-flex\">\n<div class=\"wp-block-column es-panel is-layout-flow wp-block-column-is-layout-flow\" style=\"flex-basis:50%\">\n<div class=\"wp-block-columns is-layout-flex wp-container-core-columns-is-layout-9d6595d7 wp-block-columns-is-layout-flex\">\n<div class=\"wp-block-column is-layout-flow wp-block-column-is-layout-flow\" style=\"flex-basis:28%\">\n<figure class=\"wp-block-image size-full\"><img loading=\"lazy\" decoding=\"async\" width=\"500\" height=\"500\" src=\"https:\/\/europeansnowsport.com\/wp-content\/uploads\/Chloe-ski-instructor-carving-500w.jpg\" alt=\"\" class=\"wp-image-27520\" srcset=\"https:\/\/europeansnowsport.com\/wp-content\/uploads\/Chloe-ski-instructor-carving-500w.jpg 500w, https:\/\/europeansnowsport.com\/wp-content\/uploads\/Chloe-ski-instructor-carving-500w-300x300.jpg 300w, https:\/\/europeansnowsport.com\/wp-content\/uploads\/Chloe-ski-instructor-carving-500w-150x150.jpg 150w, https:\/\/europeansnowsport.com\/wp-content\/uploads\/Chloe-ski-instructor-carving-500w-75x75.jpg 75w\" sizes=\"auto, (max-width: 500px) 100vw, 500px\" \/><\/figure>\n<\/div>\n\n\n\n<div class=\"wp-block-column is-layout-flow wp-block-column-is-layout-flow\" style=\"flex-basis:72%\">\n<h3 class=\"wp-block-heading\">Fiables. Chevronn\u00e9s. Comp\u00e9tents.<\/h3>\n\n\n\n<p>Toute personne ayant la confiance et les capacit\u00e9s n\u00e9cessaires sur les pistes peut enseigner, et vous trouverez de nombreuses \u00e9coles parmi lesquelles choisir les meilleurs moniteurs de ski. Chez ES, tous nos moniteurs sont exceptionnels en mati\u00e8re de sports d&rsquo;hiver, c&rsquo;est une \u00e9vidence. Mais ce sont les d\u00e9tails qui font la singularit\u00e9 de notre \u00e9cole.<\/p>\n\n\n\n<p>Notre priorit\u00e9 absolue est de faire de votre exp\u00e9rience une exp\u00e9rience s\u00fbre, c&rsquo;est pourquoi nous ne faisons appel qu&rsquo;\u00e0 des moniteurs que nous estimons \u00eatre les meilleurs de leur cat\u00e9gorie, et qui sont qualifi\u00e9s et exp\u00e9riment\u00e9s.<\/p>\n\n\n\n<p>Ils parlent tous un bon fran\u00e7ais, et le fait d&rsquo;insister sur les qualifications professionnelles signifie qu&rsquo;ils ont prouv\u00e9 leurs capacit\u00e9s dans les petits d\u00e9tails comme dans les grandes courses. De plus, une fois qu&rsquo;ils sont chez nous, nous organisons un solide programme de formation en interne afin de veiller \u00e0 ce qu&rsquo;ils restent toujours au top de leur forme.<\/p>\n<\/div>\n<\/div>\n<\/div>\n\n\n\n<div class=\"wp-block-column es-panel is-layout-flow wp-block-column-is-layout-flow\" style=\"flex-basis:50%\">\n<div class=\"wp-block-columns is-layout-flex wp-container-core-columns-is-layout-9d6595d7 wp-block-columns-is-layout-flex\">\n<div class=\"wp-block-column is-layout-flow wp-block-column-is-layout-flow\" style=\"flex-basis:28%\">\n<figure class=\"wp-block-image size-full\"><img loading=\"lazy\" decoding=\"async\" width=\"500\" height=\"500\" src=\"https:\/\/europeansnowsport.com\/wp-content\/uploads\/Two-ski-instructors-500w.jpg\" alt=\"\" class=\"wp-image-27544\" srcset=\"https:\/\/europeansnowsport.com\/wp-content\/uploads\/Two-ski-instructors-500w.jpg 500w, https:\/\/europeansnowsport.com\/wp-content\/uploads\/Two-ski-instructors-500w-300x300.jpg 300w, https:\/\/europeansnowsport.com\/wp-content\/uploads\/Two-ski-instructors-500w-150x150.jpg 150w, https:\/\/europeansnowsport.com\/wp-content\/uploads\/Two-ski-instructors-500w-75x75.jpg 75w\" sizes=\"auto, (max-width: 500px) 100vw, 500px\" \/><\/figure>\n<\/div>\n\n\n\n<div class=\"wp-block-column is-layout-flow wp-block-column-is-layout-flow\" style=\"flex-basis:72%\">\n<h3 class=\"wp-block-heading\">Stimulants. Coop\u00e9ratifs. Amusants.<\/h3>\n\n\n\n<p>Nos instructeurs ne se contentent pas d&rsquo;am\u00e9liorer votre technique, ils savent comment renforcer votre confiance en vous, parfaire votre posture, choisir les bonnes chaussures qui vous feront passer \u00e0 la vitesse sup\u00e9rieure. Tout le monde est diff\u00e9rent et nos instructeurs sont formidables pour adapter leur p\u00e9dagogie \u00e0 vos besoins.<\/p>\n\n\n\n<p>Apr\u00e8s tout, c&rsquo;est votre moment sur les montagnes, alors nous ferons en sorte qu&rsquo;il se d\u00e9roule \u00e0 votre fa\u00e7on.<\/p>\n\n\n\n<p>Que vous soyez d\u00e9butant ou expert, vous pouvez \u00eatre s\u00fbr que les moniteurs ES vous aideront \u00e0 vous sentir plus fort sur les pistes et plus en s\u00e9curit\u00e9 sur vos skis ou votre snowboard. Oh, et ils sont aussi tr\u00e8s amusants. Parce que nous pensons que pour \u00eatre au meilleur de votre forme sur la neige, il est essentiel d&rsquo;avoir le sourire aux l\u00e8vres.<\/p>\n<\/div>\n<\/div>\n<\/div>\n<\/div>\n\n\n\n<div class=\"wp-block-columns something-different second-row is-layout-flex wp-container-core-columns-is-layout-9d6595d7 wp-block-columns-is-layout-flex\">\n<div class=\"wp-block-column es-panel is-layout-flow wp-block-column-is-layout-flow\" style=\"flex-basis:50%\">\n<div class=\"wp-block-columns is-layout-flex wp-container-core-columns-is-layout-9d6595d7 wp-block-columns-is-layout-flex\">\n<div class=\"wp-block-column is-layout-flow wp-block-column-is-layout-flow\" style=\"flex-basis:28%\">\n<figure class=\"wp-block-image size-full\"><img loading=\"lazy\" decoding=\"async\" width=\"500\" height=\"500\" src=\"https:\/\/europeansnowsport.com\/wp-content\/uploads\/televerbier-le-chable-gondola-cropped-500w.jpg\" alt=\"\" class=\"wp-image-27528\" srcset=\"https:\/\/europeansnowsport.com\/wp-content\/uploads\/televerbier-le-chable-gondola-cropped-500w.jpg 500w, https:\/\/europeansnowsport.com\/wp-content\/uploads\/televerbier-le-chable-gondola-cropped-500w-300x300.jpg 300w, https:\/\/europeansnowsport.com\/wp-content\/uploads\/televerbier-le-chable-gondola-cropped-500w-150x150.jpg 150w, https:\/\/europeansnowsport.com\/wp-content\/uploads\/televerbier-le-chable-gondola-cropped-500w-75x75.jpg 75w\" sizes=\"auto, (max-width: 500px) 100vw, 500px\" \/><\/figure>\n<\/div>\n\n\n\n<div class=\"wp-block-column is-layout-flow wp-block-column-is-layout-flow\" style=\"flex-basis:72%\">\n<h3 class=\"wp-block-heading\">Souple. Sans stress. Flexible.<\/h3>\n\n\n\n<p>En vous proposant les meilleures le\u00e7ons de ski, nous tenons \u00e0 ce que vous viviez une exp\u00e9rience de premi\u00e8re classe, en profitant des plus belles choses de la vie, comme un d\u00e9jeuner avec une vue imprenable apr\u00e8s un d\u00e9but de journ\u00e9e exaltant.<\/p>\n\n\n\n<p>Vous ne voulez pas \u00eatre frustr\u00e9 par les longues files d&rsquo;attente pour les remont\u00e9es m\u00e9caniques, les pistes encombr\u00e9es ou les longues attentes pour le repas, alors nous ferons tout notre possible pour que votre s\u00e9jour sur la neige (et en dehors) soit le plus agr\u00e9able possible.<\/p>\n\n\n\n<p>ES a la r\u00e9putation d&rsquo;\u00eatre flexible, vous pouvez donc ajouter des amis et de la famille \u00e0 votre le\u00e7on priv\u00e9e sans frais suppl\u00e9mentaires. Votre moniteur vous aidera \u00e0 adapter son temps pour qu&rsquo;il corresponde au mieux \u00e0 votre groupe et \u00e0 vos projets au fur et \u00e0 mesure qu&rsquo;ils se d\u00e9veloppent. Il est possible de commencer les le\u00e7ons priv\u00e9es d&rsquo;une journ\u00e9e enti\u00e8re \u00e0 l&rsquo;heure et \u00e0 l&rsquo;endroit de<br>votre choix. Pour les r\u00e9servations plus importantes, nous d\u00e9signons un moniteur principal qui coordonne tous les d\u00e9tails.<\/p>\n<\/div>\n<\/div>\n<\/div>\n\n\n\n<div class=\"wp-block-column es-panel is-layout-flow wp-block-column-is-layout-flow\" style=\"flex-basis:50%\">\n<div class=\"wp-block-columns is-layout-flex wp-container-core-columns-is-layout-9d6595d7 wp-block-columns-is-layout-flex\">\n<div class=\"wp-block-column is-layout-flow wp-block-column-is-layout-flow\" style=\"flex-basis:28%\">\n<figure class=\"wp-block-image size-full\"><img loading=\"lazy\" decoding=\"async\" width=\"500\" height=\"500\" src=\"https:\/\/europeansnowsport.com\/wp-content\/uploads\/two-children-skiers-500w.jpg\" alt=\"\" class=\"wp-image-27536\" srcset=\"https:\/\/europeansnowsport.com\/wp-content\/uploads\/two-children-skiers-500w.jpg 500w, https:\/\/europeansnowsport.com\/wp-content\/uploads\/two-children-skiers-500w-300x300.jpg 300w, https:\/\/europeansnowsport.com\/wp-content\/uploads\/two-children-skiers-500w-150x150.jpg 150w, https:\/\/europeansnowsport.com\/wp-content\/uploads\/two-children-skiers-500w-75x75.jpg 75w\" sizes=\"auto, (max-width: 500px) 100vw, 500px\" \/><\/figure>\n<\/div>\n\n\n\n<div class=\"wp-block-column is-layout-flow wp-block-column-is-layout-flow\" style=\"flex-basis:72%\">\n<h3 class=\"wp-block-heading\">Des plus petits aux plus grands.<\/h3>\n\n\n\n<p>Des enfants heureux font des vacances heureuses et nous voulons qu&rsquo;ils passent un moment s\u00fbr et agr\u00e9able sur la neige, pour que vous puissiez vous d\u00e9tendre pleinement.<\/p>\n\n\n\n<p>Organisez avec nous des cours de ski pour les enfants de 3 \u00e0 17 ans et nous trouverons la le\u00e7on qui leur convient le mieux, qu&rsquo;il s&rsquo;agisse de l&rsquo;ES Penguins, de l&rsquo;ES Kids Academy ou de l&rsquo;ES Freeski.<\/p>\n\n\n\n<p>En mettant l&rsquo;accent sur la progression, nos cours pour enfants donnent de vrais r\u00e9sultats lorsqu&rsquo;il s&rsquo;agit d&rsquo;am\u00e9liorer la technique et de dire adieu aux mauvaises habitudes. Nous accueillons des enfants de tous niveaux, des novices aux jeunes champions. Quel que soit leur niveau, nous savons identifier les besoins des jeunes et nos instructeurs sont des personnes vraiment adorables, qui mettent l&rsquo;accent sur l&#8217;empathie et l&rsquo;humour.<\/p>\n\n\n\n<p>En toute s\u00e9curit\u00e9, vos enfants seront sur le toit du monde (ou du moins de la montagne) en un rien de temps<\/p>\n\n\n\n<p> &nbsp;<\/p>\n<\/div>\n<\/div>\n<\/div>\n<\/div>\n\n\n\n<div class=\"wp-block-buttons big-buttons is-layout-flex wp-block-buttons-is-layout-flex\">\n<div class=\"wp-block-button\"><a class=\"wp-block-button__link wp-element-button\" href=\"https:\/\/europeansnowsport.com\/fr\/decouvrez-lequipe\/\">Voir les moniteurs de ski<\/a><\/div>\n\n\n\n<div class=\"wp-block-button\"><a class=\"wp-block-button__link wp-element-button\" href=\"https:\/\/europeansnowsport.com\/fr\/cours-de-ski\/\">Cours de ski<\/a><\/div>\n\n\n\n<div class=\"wp-block-button\"><a class=\"wp-block-button__link wp-element-button\" href=\"https:\/\/europeansnowsport.com\/fr\/contact\/\">Contactez-nous<\/a><\/div>\n<\/div>\n<\/div><\/div>\n\n\n\n<p><a id=\"_msocom_2\"><\/a><\/p>\n","protected":false},"excerpt":{"rendered":"<p>Pourquoi choisir European Snowsport Fiables. Chevronn\u00e9s. Comp\u00e9tents. Toute personne ayant la confiance et les capacit\u00e9s n\u00e9cessaires sur les pistes peut enseigner, et vous trouverez de nombreuses \u00e9coles parmi lesquelles choisir les meilleurs moniteurs de ski. Chez ES, tous nos moniteurs sont exceptionnels en mati\u00e8re de sports d&rsquo;hiver, c&rsquo;est une \u00e9vidence. Mais ce sont les d\u00e9tails [&hellip;]<\/p>\n","protected":false},"author":2,"featured_media":28932,"parent":0,"menu_order":0,"comment_status":"closed","ping_status":"closed","template":"","meta":{"_genesis_hide_title":false,"_genesis_hide_breadcrumbs":false,"_genesis_hide_singular_image":false,"_genesis_hide_footer_widgets":false,"_genesis_custom_body_class":"","_genesis_custom_post_class":"","_genesis_layout":"","footnotes":""},"class_list":{"0":"post-28931","1":"page","2":"type-page","3":"status-publish","4":"has-post-thumbnail","6":"entry"},"yoast_head":"<!-- This site is optimized with the Yoast SEO Premium plugin v26.6 (Yoast SEO v26.6) - https:\/\/yoast.com\/wordpress\/plugins\/seo\/ -->\n<title>About European Snowsport<\/title>\n<meta name=\"description\" content=\"The ES Story, How we came to develop the premier ski school in Verbier, Zermatt, Chamonix , Nendaz and St Moritz. European Snowsort was founded in 2003.\" \/>\n<meta name=\"robots\" content=\"index, follow, max-snippet:-1, max-image-preview:large, max-video-preview:-1\" \/>\n<link rel=\"canonical\" href=\"https:\/\/europeansnowsport.com\/fr\/about-es\/\" \/>\n<meta property=\"og:locale\" content=\"fr_FR\" \/>\n<meta property=\"og:type\" content=\"article\" \/>\n<meta property=\"og:title\" content=\"Pourquoi choisir European Snowsport\" \/>\n<meta property=\"og:description\" content=\"The ES Story, How we came to develop the premier ski school in Verbier, Zermatt, Chamonix , Nendaz and St Moritz. European Snowsort was founded in 2003.\" \/>\n<meta property=\"og:url\" content=\"https:\/\/europeansnowsport.com\/fr\/about-es\/\" \/>\n<meta property=\"og:site_name\" content=\"European Snowsport\" \/>\n<meta property=\"article:publisher\" content=\"https:\/\/www.facebook.com\/verbierskischool\/\" \/>\n<meta property=\"article:modified_time\" content=\"2023-09-19T15:02:29+00:00\" \/>\n<meta property=\"og:image\" content=\"https:\/\/europeansnowsport.com\/wp-content\/uploads\/Untitled-design.jpg\" \/>\n\t<meta property=\"og:image:width\" content=\"800\" \/>\n\t<meta property=\"og:image:height\" content=\"600\" \/>\n\t<meta property=\"og:image:type\" content=\"image\/jpeg\" \/>\n<meta name=\"twitter:card\" content=\"summary_large_image\" \/>\n<meta name=\"twitter:site\" content=\"@ESSkiSchool\" \/>\n<meta name=\"twitter:label1\" content=\"Dur\u00e9e de lecture estim\u00e9e\" \/>\n\t<meta name=\"twitter:data1\" content=\"4 minutes\" \/>\n<script type=\"application\/ld+json\" class=\"yoast-schema-graph\">{\"@context\":\"https:\/\/schema.org\",\"@graph\":[{\"@type\":\"WebPage\",\"@id\":\"https:\/\/europeansnowsport.com\/fr\/about-es\/\",\"url\":\"https:\/\/europeansnowsport.com\/fr\/about-es\/\",\"name\":\"About European Snowsport\",\"isPartOf\":{\"@id\":\"https:\/\/europeansnowsport.com\/fr\/#website\"},\"primaryImageOfPage\":{\"@id\":\"https:\/\/europeansnowsport.com\/fr\/about-es\/#primaryimage\"},\"image\":{\"@id\":\"https:\/\/europeansnowsport.com\/fr\/about-es\/#primaryimage\"},\"thumbnailUrl\":\"https:\/\/europeansnowsport.com\/wp-content\/uploads\/15995_563161793698277_1439927204_n-blackwhite.jpg\",\"datePublished\":\"2017-10-04T23:20:26+00:00\",\"dateModified\":\"2023-09-19T15:02:29+00:00\",\"description\":\"The ES Story, How we came to develop the premier ski school in Verbier, Zermatt, Chamonix , Nendaz and St Moritz. European Snowsort was founded in 2003.\",\"breadcrumb\":{\"@id\":\"https:\/\/europeansnowsport.com\/fr\/about-es\/#breadcrumb\"},\"inLanguage\":\"fr-FR\",\"potentialAction\":[{\"@type\":\"ReadAction\",\"target\":[\"https:\/\/europeansnowsport.com\/fr\/about-es\/\"]}]},{\"@type\":\"ImageObject\",\"inLanguage\":\"fr-FR\",\"@id\":\"https:\/\/europeansnowsport.com\/fr\/about-es\/#primaryimage\",\"url\":\"https:\/\/europeansnowsport.com\/wp-content\/uploads\/15995_563161793698277_1439927204_n-blackwhite.jpg\",\"contentUrl\":\"https:\/\/europeansnowsport.com\/wp-content\/uploads\/15995_563161793698277_1439927204_n-blackwhite.jpg\",\"width\":960,\"height\":720},{\"@type\":\"BreadcrumbList\",\"@id\":\"https:\/\/europeansnowsport.com\/fr\/about-es\/#breadcrumb\",\"itemListElement\":[{\"@type\":\"ListItem\",\"position\":1,\"name\":\"Home\",\"item\":\"https:\/\/europeansnowsport.com\/fr\/\"},{\"@type\":\"ListItem\",\"position\":2,\"name\":\"Pourquoi choisir European Snowsport\"}]},{\"@type\":\"WebSite\",\"@id\":\"https:\/\/europeansnowsport.com\/fr\/#website\",\"url\":\"https:\/\/europeansnowsport.com\/fr\/\",\"name\":\"European Snowsport\",\"description\":\"Outstanding, independent ski schools in Verbier, Zermatt, Nendaz, St Moritz and Chamonix\",\"publisher\":{\"@id\":\"https:\/\/europeansnowsport.com\/fr\/#organization\"},\"potentialAction\":[{\"@type\":\"SearchAction\",\"target\":{\"@type\":\"EntryPoint\",\"urlTemplate\":\"https:\/\/europeansnowsport.com\/fr\/?s={search_term_string}\"},\"query-input\":{\"@type\":\"PropertyValueSpecification\",\"valueRequired\":true,\"valueName\":\"search_term_string\"}}],\"inLanguage\":\"fr-FR\"},{\"@type\":[\"Organization\",\"Place\",\"LocalBusiness\"],\"@id\":\"https:\/\/europeansnowsport.com\/fr\/#organization\",\"name\":\"European Snowsport\",\"url\":\"https:\/\/europeansnowsport.com\/fr\/\",\"logo\":{\"@id\":\"https:\/\/europeansnowsport.com\/fr\/about-es\/#local-main-organization-logo\"},\"image\":{\"@id\":\"https:\/\/europeansnowsport.com\/fr\/about-es\/#local-main-organization-logo\"},\"sameAs\":[\"https:\/\/www.facebook.com\/verbierskischool\/\",\"https:\/\/x.com\/ESSkiSchool\",\"https:\/\/www.instagram.com\/europeansnowsport\/\",\"https:\/\/www.linkedin.com\/company\/european-snowsport-ski-and-snowboard-school\",\"https:\/\/www.pinterest.ch\/SkiSchool\/\",\"https:\/\/www.youtube.com\/channel\/UCRNrr3rTgbMt8SeKpS673lQ\"],\"address\":{\"@id\":\"https:\/\/europeansnowsport.com\/fr\/about-es\/#local-main-place-address\"},\"geo\":{\"@type\":\"GeoCoordinates\",\"latitude\":\"46.092474\",\"longitude\":\"7.233592\"},\"telephone\":[\"+41 27 771 6222\"],\"openingHoursSpecification\":[{\"@type\":\"OpeningHoursSpecification\",\"dayOfWeek\":[\"Monday\",\"Tuesday\",\"Wednesday\",\"Thursday\",\"Friday\",\"Saturday\"],\"opens\":\"08:00\",\"closes\":\"19:00\"},{\"@type\":\"OpeningHoursSpecification\",\"dayOfWeek\":[\"Sunday\"],\"opens\":\"08:00\",\"closes\":\"21:00\"}],\"email\":\"info@europeansnowsport.com\",\"faxNumber\":\"+41277716221\",\"priceRange\":\"CHF-CHF\"},{\"@type\":\"PostalAddress\",\"@id\":\"https:\/\/europeansnowsport.com\/fr\/about-es\/#local-main-place-address\",\"streetAddress\":\"European Snowsport, Rue de M\u00e9dran\",\"addressLocality\":\"Bagnes\",\"postalCode\":\"1936\",\"addressCountry\":\"CH\"},{\"@type\":\"ImageObject\",\"inLanguage\":\"fr-FR\",\"@id\":\"https:\/\/europeansnowsport.com\/fr\/about-es\/#local-main-organization-logo\",\"url\":\"https:\/\/europeansnowsport.com\/wp-content\/uploads\/ESlogo400-1.jpg\",\"contentUrl\":\"https:\/\/europeansnowsport.com\/wp-content\/uploads\/ESlogo400-1.jpg\",\"width\":400,\"height\":400,\"caption\":\"European Snowsport\"}]}<\/script>\n<meta name=\"geo.placename\" content=\"Bagnes\" \/>\n<meta name=\"geo.position\" content=\"46.092474;7.233592\" \/>\n<meta name=\"geo.region\" content=\"Suisse\" \/>\n<!-- \/ Yoast SEO Premium plugin. -->","yoast_head_json":{"title":"About European Snowsport","description":"The ES Story, How we came to develop the premier ski school in Verbier, Zermatt, Chamonix , Nendaz and St Moritz. European Snowsort was founded in 2003.","robots":{"index":"index","follow":"follow","max-snippet":"max-snippet:-1","max-image-preview":"max-image-preview:large","max-video-preview":"max-video-preview:-1"},"canonical":"https:\/\/europeansnowsport.com\/fr\/about-es\/","og_locale":"fr_FR","og_type":"article","og_title":"Pourquoi choisir European Snowsport","og_description":"The ES Story, How we came to develop the premier ski school in Verbier, Zermatt, Chamonix , Nendaz and St Moritz. European Snowsort was founded in 2003.","og_url":"https:\/\/europeansnowsport.com\/fr\/about-es\/","og_site_name":"European Snowsport","article_publisher":"https:\/\/www.facebook.com\/verbierskischool\/","article_modified_time":"2023-09-19T15:02:29+00:00","og_image":[{"width":800,"height":600,"url":"https:\/\/europeansnowsport.com\/wp-content\/uploads\/Untitled-design.jpg","type":"image\/jpeg"}],"twitter_card":"summary_large_image","twitter_site":"@ESSkiSchool","twitter_misc":{"Dur\u00e9e de lecture estim\u00e9e":"4 minutes"},"schema":{"@context":"https:\/\/schema.org","@graph":[{"@type":"WebPage","@id":"https:\/\/europeansnowsport.com\/fr\/about-es\/","url":"https:\/\/europeansnowsport.com\/fr\/about-es\/","name":"About European Snowsport","isPartOf":{"@id":"https:\/\/europeansnowsport.com\/fr\/#website"},"primaryImageOfPage":{"@id":"https:\/\/europeansnowsport.com\/fr\/about-es\/#primaryimage"},"image":{"@id":"https:\/\/europeansnowsport.com\/fr\/about-es\/#primaryimage"},"thumbnailUrl":"https:\/\/europeansnowsport.com\/wp-content\/uploads\/15995_563161793698277_1439927204_n-blackwhite.jpg","datePublished":"2017-10-04T23:20:26+00:00","dateModified":"2023-09-19T15:02:29+00:00","description":"The ES Story, How we came to develop the premier ski school in Verbier, Zermatt, Chamonix , Nendaz and St Moritz. European Snowsort was founded in 2003.","breadcrumb":{"@id":"https:\/\/europeansnowsport.com\/fr\/about-es\/#breadcrumb"},"inLanguage":"fr-FR","potentialAction":[{"@type":"ReadAction","target":["https:\/\/europeansnowsport.com\/fr\/about-es\/"]}]},{"@type":"ImageObject","inLanguage":"fr-FR","@id":"https:\/\/europeansnowsport.com\/fr\/about-es\/#primaryimage","url":"https:\/\/europeansnowsport.com\/wp-content\/uploads\/15995_563161793698277_1439927204_n-blackwhite.jpg","contentUrl":"https:\/\/europeansnowsport.com\/wp-content\/uploads\/15995_563161793698277_1439927204_n-blackwhite.jpg","width":960,"height":720},{"@type":"BreadcrumbList","@id":"https:\/\/europeansnowsport.com\/fr\/about-es\/#breadcrumb","itemListElement":[{"@type":"ListItem","position":1,"name":"Home","item":"https:\/\/europeansnowsport.com\/fr\/"},{"@type":"ListItem","position":2,"name":"Pourquoi choisir European Snowsport"}]},{"@type":"WebSite","@id":"https:\/\/europeansnowsport.com\/fr\/#website","url":"https:\/\/europeansnowsport.com\/fr\/","name":"European Snowsport","description":"Outstanding, independent ski schools in Verbier, Zermatt, Nendaz, St Moritz and Chamonix","publisher":{"@id":"https:\/\/europeansnowsport.com\/fr\/#organization"},"potentialAction":[{"@type":"SearchAction","target":{"@type":"EntryPoint","urlTemplate":"https:\/\/europeansnowsport.com\/fr\/?s={search_term_string}"},"query-input":{"@type":"PropertyValueSpecification","valueRequired":true,"valueName":"search_term_string"}}],"inLanguage":"fr-FR"},{"@type":["Organization","Place","LocalBusiness"],"@id":"https:\/\/europeansnowsport.com\/fr\/#organization","name":"European Snowsport","url":"https:\/\/europeansnowsport.com\/fr\/","logo":{"@id":"https:\/\/europeansnowsport.com\/fr\/about-es\/#local-main-organization-logo"},"image":{"@id":"https:\/\/europeansnowsport.com\/fr\/about-es\/#local-main-organization-logo"},"sameAs":["https:\/\/www.facebook.com\/verbierskischool\/","https:\/\/x.com\/ESSkiSchool","https:\/\/www.instagram.com\/europeansnowsport\/","https:\/\/www.linkedin.com\/company\/european-snowsport-ski-and-snowboard-school","https:\/\/www.pinterest.ch\/SkiSchool\/","https:\/\/www.youtube.com\/channel\/UCRNrr3rTgbMt8SeKpS673lQ"],"address":{"@id":"https:\/\/europeansnowsport.com\/fr\/about-es\/#local-main-place-address"},"geo":{"@type":"GeoCoordinates","latitude":"46.092474","longitude":"7.233592"},"telephone":["+41 27 771 6222"],"openingHoursSpecification":[{"@type":"OpeningHoursSpecification","dayOfWeek":["Monday","Tuesday","Wednesday","Thursday","Friday","Saturday"],"opens":"08:00","closes":"19:00"},{"@type":"OpeningHoursSpecification","dayOfWeek":["Sunday"],"opens":"08:00","closes":"21:00"}],"email":"info@europeansnowsport.com","faxNumber":"+41277716221","priceRange":"CHF-CHF"},{"@type":"PostalAddress","@id":"https:\/\/europeansnowsport.com\/fr\/about-es\/#local-main-place-address","streetAddress":"European Snowsport, Rue de M\u00e9dran","addressLocality":"Bagnes","postalCode":"1936","addressCountry":"CH"},{"@type":"ImageObject","inLanguage":"fr-FR","@id":"https:\/\/europeansnowsport.com\/fr\/about-es\/#local-main-organization-logo","url":"https:\/\/europeansnowsport.com\/wp-content\/uploads\/ESlogo400-1.jpg","contentUrl":"https:\/\/europeansnowsport.com\/wp-content\/uploads\/ESlogo400-1.jpg","width":400,"height":400,"caption":"European Snowsport"}]},"geo.placename":"Bagnes","geo.position":{"lat":"46.092474","long":"7.233592"},"geo.region":"Suisse"},"featured_image_src":"https:\/\/europeansnowsport.com\/wp-content\/uploads\/15995_563161793698277_1439927204_n-blackwhite.jpg","featured_image_src_square":"https:\/\/europeansnowsport.com\/wp-content\/uploads\/15995_563161793698277_1439927204_n-blackwhite.jpg","_links":{"self":[{"href":"https:\/\/europeansnowsport.com\/fr\/wp-json\/wp\/v2\/pages\/28931","targetHints":{"allow":["GET"]}}],"collection":[{"href":"https:\/\/europeansnowsport.com\/fr\/wp-json\/wp\/v2\/pages"}],"about":[{"href":"https:\/\/europeansnowsport.com\/fr\/wp-json\/wp\/v2\/types\/page"}],"author":[{"embeddable":true,"href":"https:\/\/europeansnowsport.com\/fr\/wp-json\/wp\/v2\/users\/2"}],"replies":[{"embeddable":true,"href":"https:\/\/europeansnowsport.com\/fr\/wp-json\/wp\/v2\/comments?post=28931"}],"version-history":[{"count":0,"href":"https:\/\/europeansnowsport.com\/fr\/wp-json\/wp\/v2\/pages\/28931\/revisions"}],"wp:featuredmedia":[{"embeddable":true,"href":"https:\/\/europeansnowsport.com\/fr\/wp-json\/wp\/v2\/media\/28932"}],"wp:attachment":[{"href":"https:\/\/europeansnowsport.com\/fr\/wp-json\/wp\/v2\/media?parent=28931"}],"curies":[{"name":"wp","href":"https:\/\/api.w.org\/{rel}","templated":true}]}}