{"id":21495,"date":"2019-10-11T15:50:41","date_gmt":"2019-10-11T13:50:41","guid":{"rendered":"https:\/\/europeansnowsport.com\/contacter-leuropean-snowsport\/"},"modified":"2024-11-25T12:02:48","modified_gmt":"2024-11-25T11:02:48","slug":"contact","status":"publish","type":"page","link":"https:\/\/europeansnowsport.com\/fr\/contact\/","title":{"rendered":"Contacter l&rsquo;European Snowsport"},"content":{"rendered":"\n<div class=\"wp-block-cover alignfull is-light page-title-area wp-duotone-unset-1\" style=\"min-height:695px;aspect-ratio:unset;\"><span aria-hidden=\"true\" class=\"wp-block-cover__background has-background-dim-20 has-background-dim\"><\/span><img loading=\"lazy\" decoding=\"async\" width=\"2000\" height=\"1000\" class=\"wp-block-cover__image-background wp-image-27455\" alt=\"\" src=\"https:\/\/europeansnowsport.com\/wp-content\/uploads\/Mattia-smiling-2000w.jpg\" style=\"object-position:50% 33%\" data-object-fit=\"cover\" data-object-position=\"50% 33%\" srcset=\"https:\/\/europeansnowsport.com\/wp-content\/uploads\/Mattia-smiling-2000w.jpg 2000w, https:\/\/europeansnowsport.com\/wp-content\/uploads\/Mattia-smiling-2000w-300x150.jpg 300w, https:\/\/europeansnowsport.com\/wp-content\/uploads\/Mattia-smiling-2000w-1024x512.jpg 1024w, https:\/\/europeansnowsport.com\/wp-content\/uploads\/Mattia-smiling-2000w-768x384.jpg 768w, https:\/\/europeansnowsport.com\/wp-content\/uploads\/Mattia-smiling-2000w-1536x768.jpg 1536w, https:\/\/europeansnowsport.com\/wp-content\/uploads\/Mattia-smiling-2000w-500x250.jpg 500w, https:\/\/europeansnowsport.com\/wp-content\/uploads\/Mattia-smiling-2000w-800x400.jpg 800w, https:\/\/europeansnowsport.com\/wp-content\/uploads\/Mattia-smiling-2000w-1280x640.jpg 1280w, https:\/\/europeansnowsport.com\/wp-content\/uploads\/Mattia-smiling-2000w-1920x960.jpg 1920w\" sizes=\"auto, (max-width: 2000px) 100vw, 2000px\" \/><div class=\"wp-block-cover__inner-container is-layout-flow wp-block-cover-is-layout-flow\">\n<h1 class=\"wp-block-heading has-text-align-left has-large-font-size\" id=\"h-contacter-l-european-snowsport\">Contacter l&rsquo;European Snowsport<\/h1>\n\n\n\n<div class=\"wp-block-buttons is-layout-flex wp-block-buttons-is-layout-flex\">\n<div class=\"wp-block-button\"><a class=\"wp-block-button__link wp-element-button\" href=\"tel:+41277716222\">Appelez le +41 27 771 6222<\/a><\/div>\n\n\n\n<div class=\"wp-block-button ghost-button-light\"><a class=\"wp-block-button__link wp-element-button\" href=\"mailto:info@europeansnowsport.com\">Envoyez-nous un e-mail<\/a><\/div>\n<\/div>\n<\/div><\/div>\n\n\n\n<div class=\"wp-block-group es-panel intro-panel contact-booking-intro\"><div class=\"wp-block-group__inner-container is-layout-constrained wp-block-group-is-layout-constrained\">\n<div class=\"wp-block-group two-thirds first\"><div class=\"wp-block-group__inner-container is-layout-constrained wp-block-group-is-layout-constrained\">\n<h2 class=\"wp-block-heading\" id=\"h-contactez-nous-0\">Contactez-nous<\/h2>\n\n\n\n<p>Depuis plus de 20 ans, nous proposons des cours de ski et de snowboard conviviaux et professionnels pour les personnes de tous niveaux. Notre \u00e9quipe \u2013 et en particulier nos moniteurs \u2013 re\u00e7oivent constamment des commentaires \u00e9logieux. Si vous n\u2019\u00eates pas certain de ce dont vous avez besoin ou m\u00eame si vous souhaitez prendre des cours, n\u2019h\u00e9sitez pas \u00e0 nous appeler et nous serons ravis de discuter de ce qui pourrait le mieux fonctionner pour vous.<\/p>\n<\/div><\/div>\n\n\n\n<figure class=\"wp-block-image size-full one-third\"><img loading=\"lazy\" decoding=\"async\" width=\"1000\" height=\"721\" src=\"https:\/\/europeansnowsport.com\/wp-content\/uploads\/contact-sub-image-1000w.jpg\" alt=\"\" class=\"wp-image-27447\" srcset=\"https:\/\/europeansnowsport.com\/wp-content\/uploads\/contact-sub-image-1000w.jpg 1000w, https:\/\/europeansnowsport.com\/wp-content\/uploads\/contact-sub-image-1000w-300x216.jpg 300w, https:\/\/europeansnowsport.com\/wp-content\/uploads\/contact-sub-image-1000w-768x554.jpg 768w, https:\/\/europeansnowsport.com\/wp-content\/uploads\/contact-sub-image-1000w-500x361.jpg 500w, https:\/\/europeansnowsport.com\/wp-content\/uploads\/contact-sub-image-1000w-800x577.jpg 800w\" sizes=\"auto, (max-width: 1000px) 100vw, 1000px\" \/><\/figure>\n<\/div><\/div>\n\n\n\n<div class=\"wp-block-group contact-full\"><div class=\"wp-block-group__inner-container is-layout-constrained wp-block-group-is-layout-constrained\">\n<div class=\"wp-block-columns is-layout-flex wp-container-core-columns-is-layout-9d6595d7 wp-block-columns-is-layout-flex\">\n<div class=\"wp-block-column es-panel is-layout-flow wp-block-column-is-layout-flow\">\n<h2 class=\"wp-block-heading full-width\">Demande de renseignement<\/h2>\n\n\n\n<div class=\"wp-block-contact-form-7-contact-form-selector\">\n<div class=\"wpcf7 no-js\" id=\"wpcf7-f25450-o1\" lang=\"fr-FR\" dir=\"ltr\" data-wpcf7-id=\"25450\">\n<div class=\"screen-reader-response\"><p role=\"status\" aria-live=\"polite\" aria-atomic=\"true\"><\/p> <ul><\/ul><\/div>\n<form action=\"\/fr\/wp-json\/wp\/v2\/pages\/21495#wpcf7-f25450-o1\" method=\"post\" class=\"wpcf7-form init\" aria-label=\"Formulaire de contact\" novalidate=\"novalidate\" data-status=\"init\">\n<fieldset class=\"hidden-fields-container\"><input type=\"hidden\" name=\"_wpcf7\" value=\"25450\" \/><input type=\"hidden\" name=\"_wpcf7_version\" value=\"6.1.4\" \/><input type=\"hidden\" name=\"_wpcf7_locale\" value=\"fr_FR\" \/><input type=\"hidden\" name=\"_wpcf7_unit_tag\" value=\"wpcf7-f25450-o1\" \/><input type=\"hidden\" name=\"_wpcf7_container_post\" value=\"0\" \/><input type=\"hidden\" name=\"_wpcf7_posted_data_hash\" value=\"\" \/><input type=\"hidden\" name=\"_wpcf7_recaptcha_response\" value=\"\" \/>\n<\/fieldset>\n<div class=\"input-wrap narrow\">\n\t<p><label> Votre nom<br \/>\n<span class=\"wpcf7-form-control-wrap\" data-name=\"your-name\"><input size=\"40\" maxlength=\"400\" class=\"wpcf7-form-control wpcf7-text wpcf7-validates-as-required\" aria-required=\"true\" aria-invalid=\"false\" value=\"\" type=\"text\" name=\"your-name\" \/><\/span> <\/label>\n\t<\/p>\n<\/div>\n<div class=\"input-wrap narrow with-space\">\n\t<p><label> Votre email<br \/>\n<span class=\"wpcf7-form-control-wrap\" data-name=\"your-email\"><input size=\"40\" maxlength=\"400\" class=\"wpcf7-form-control wpcf7-email wpcf7-validates-as-required wpcf7-text wpcf7-validates-as-email\" aria-required=\"true\" aria-invalid=\"false\" value=\"\" type=\"email\" name=\"your-email\" \/><\/span> <\/label>\n\t<\/p>\n<\/div>\n<div class=\"input-wrap narrow\">\n\t<p><label>Quelle station ?<br \/>\n<span class=\"wpcf7-form-control-wrap\" data-name=\"resort\"><select class=\"wpcf7-form-control wpcf7-select\" aria-invalid=\"false\" name=\"resort\"><option value=\"Je ne sais pas ou plus d&#039;un\">Je ne sais pas ou plus d&#039;un<\/option><option value=\"Verbier\">Verbier<\/option><option value=\"Zermatt\">Zermatt<\/option><option value=\"St Moritz\">St Moritz<\/option><option value=\"Chamonix\">Chamonix<\/option><option value=\"Nendaz\">Nendaz<\/option><option value=\"Val d\u2019Is\u00e8re\">Val d\u2019Is\u00e8re<\/option><option value=\"M\u00e9ribel, Courchevel, La Tania\">M\u00e9ribel, Courchevel, La Tania<\/option><\/select><\/span> <\/label>\n\t<\/p>\n<\/div>\n<div class=\"input-wrap full\">\n\t<p><label> Votre message<br \/>\n<span class=\"wpcf7-form-control-wrap\" data-name=\"your-message\"><textarea cols=\"40\" rows=\"10\" maxlength=\"2000\" class=\"wpcf7-form-control wpcf7-textarea\" aria-invalid=\"false\" name=\"your-message\"><\/textarea><\/span> <\/label>\n\t<\/p>\n<\/div>\n<p><input type=\"hidden\" name=\"gclid\" value=\"\" \/>\n<\/p>\n<p><input class=\"wpcf7-form-control wpcf7-submit has-spinner\" type=\"submit\" value=\"Envoyer\" \/>\n<\/p><div class=\"wpcf7-response-output\" aria-hidden=\"true\"><\/div>\n<\/form>\n<\/div>\n<\/div>\n<\/div>\n\n\n\n<div class=\"wp-block-column es-panel es-panel-plain is-layout-flow wp-block-column-is-layout-flow\">\n<h2 class=\"wp-block-heading full-width\" id=\"h-call-or-email\">Appeler ou nous envoyer un e-mail<\/h2>\n\n\n\n<p>Notre \u00e9quipe est disponible pour r\u00e9pondre \u00e0 vos questions et prendre des r\u00e9servations de 8 h \u00e0 19 h du lundi au samedi, et jusqu\u2019\u00e0 21 h le dimanche.<\/p>\n\n\n\n<div class=\"wp-block-group contact-links\"><div class=\"wp-block-group__inner-container is-layout-constrained wp-block-group-is-layout-constrained\">\n<a href=\"tel:+41277716222\"><span class=\"material-symbols-outlined\">call<\/span><span class=\"phone-text\">+41 27 771 6222<\/span><\/a>\n\n\n\n<a href=\"mailto:info@europeansnowsport.com\"><span class=\"material-symbols-outlined\">mail<\/span><span class=\"call-text\">info@europeansnowsport.com<\/span><\/a>\n<\/div><\/div>\n\n\n\n<h2 class=\"wp-block-heading full-width\">Tarifs et conditions d\u2019utilisation<\/h2>\n\n\n\n<p>Nos <a href=\"https:\/\/europeansnowsport.com\/fr\/conditions-generales\/\">conditions g\u00e9n\u00e9rales<\/a> s\u2019appliquent \u00e0 toutes les r\u00e9servations.<\/p>\n\n\n\n<div class=\"wp-block-buttons price-lists is-content-justification-center is-layout-flex wp-container-core-buttons-is-layout-16018d1d wp-block-buttons-is-layout-flex\">\n<div class=\"wp-block-button\"><a class=\"wp-block-button__link wp-element-button\" href=\"\/wp-content\/uploads\/ES-Price-List-Verbier.pdf\">Tarifs Verbier<\/a><\/div>\n\n\n\n<div class=\"wp-block-button\"><a class=\"wp-block-button__link wp-element-button\" href=\"\/wp-content\/uploads\/ES-Price-List-Zermatt.pdf\">Tarifs Zermatt<\/a><\/div>\n\n\n\n<div class=\"wp-block-button\"><a class=\"wp-block-button__link wp-element-button\" href=\"\/wp-content\/uploads\/ES-Price-List-St-Moritz.pdf\">Tarifs St Moritz<\/a><\/div>\n\n\n\n<div class=\"wp-block-button\"><a class=\"wp-block-button__link wp-element-button\" href=\"\/wp-content\/uploads\/ES-Price-List-Chamonix.pdf\">Tarifs Chamonix<\/a><\/div>\n\n\n\n<div class=\"wp-block-button\"><a class=\"wp-block-button__link wp-element-button\" href=\"\/wp-content\/uploads\/ES-Price-List-Nendaz.pdf\">Tarifs Nendaz<\/a><\/div>\n\n\n\n<div class=\"wp-block-button\"><a class=\"wp-block-button__link wp-element-button\" href=\"\/wp-content\/uploads\/ES-Price-List-Val-DIsere-Tignes.pdf\">Tarifs Val d\u2019Is\u00e8re<\/a><\/div>\n\n\n\n<div class=\"wp-block-button\"><a class=\"wp-block-button__link wp-element-button\" href=\"https:\/\/europeansnowsport.com\/wp-content\/uploads\/ES-Price-List-3-Vallees.pdf\">Tarifs 3 Vall\u00e9es<\/a><\/div>\n<\/div>\n<\/div>\n<\/div>\n<\/div><\/div>\n\n\n\n<div class=\"wp-block-group\"><div class=\"wp-block-group__inner-container is-layout-constrained wp-block-group-is-layout-constrained\">\n<div class=\"wp-block-columns is-layout-flex wp-container-core-columns-is-layout-9d6595d7 wp-block-columns-is-layout-flex\">\n<div class=\"wp-block-column is-layout-flow wp-block-column-is-layout-flow\">\n<h2 class=\"wp-block-heading full-width\" id=\"h-other-options\">Autres options<\/h2>\n\n\n\n<p>Nous sommes fiers de vous proposer un service personnalis\u00e9 exceptionnel, de votre demande initiale jusqu\u2019\u00e0 la cr\u00e9ation de cours de ski adapt\u00e9s \u00e0 vos besoins. Alors n\u2019h\u00e9sitez pas \u00e0 nous contacter par e-mail ou par t\u00e9l\u00e9phone. Toutefois, si vous le pr\u00e9f\u00e9rez, vous pouvez r\u00e9server en ligne :<\/p>\n\n\n\n<div class=\"wp-block-buttons is-content-justification-center is-layout-flex wp-container-core-buttons-is-layout-16018d1d wp-block-buttons-is-layout-flex\">\n<div class=\"wp-block-button\"><a class=\"wp-block-button__link wp-element-button\" href=\"https:\/\/esverbier.skischool.shop\/\">R\u00e9server Verbier<\/a><\/div>\n\n\n\n<div class=\"wp-block-button\"><a class=\"wp-block-button__link wp-element-button\" href=\"https:\/\/eszermatt.skischool.shop\/\">R\u00e9server Zermatt<\/a><\/div>\n\n\n\n<div class=\"wp-block-button\"><a class=\"wp-block-button__link wp-element-button\" href=\"https:\/\/esstmoritz.skischool.shop\/en\/\">R\u00e9server Saint-Moritz<\/a><\/div>\n<\/div>\n<\/div>\n\n\n\n<div class=\"wp-block-column is-layout-flow wp-block-column-is-layout-flow\">\n<figure class=\"wp-block-image size-full es-fancy-image top-spacing\"><img loading=\"lazy\" decoding=\"async\" width=\"1000\" height=\"643\" src=\"https:\/\/europeansnowsport.com\/wp-content\/uploads\/Erik-1000x643-1.jpg\" alt=\"\" class=\"wp-image-27345\" srcset=\"https:\/\/europeansnowsport.com\/wp-content\/uploads\/Erik-1000x643-1.jpg 1000w, https:\/\/europeansnowsport.com\/wp-content\/uploads\/Erik-1000x643-1-300x193.jpg 300w, https:\/\/europeansnowsport.com\/wp-content\/uploads\/Erik-1000x643-1-768x494.jpg 768w, https:\/\/europeansnowsport.com\/wp-content\/uploads\/Erik-1000x643-1-500x322.jpg 500w, https:\/\/europeansnowsport.com\/wp-content\/uploads\/Erik-1000x643-1-800x514.jpg 800w\" sizes=\"auto, (max-width: 1000px) 100vw, 1000px\" \/><\/figure>\n<\/div>\n<\/div>\n<\/div><\/div>\n","protected":false},"excerpt":{"rendered":"<p>Contactez-nous Depuis plus de 20 ans, nous proposons des cours de ski et de snowboard conviviaux et professionnels pour les personnes de tous niveaux. Notre \u00e9quipe \u2013 et en particulier nos moniteurs \u2013 re\u00e7oivent constamment des commentaires \u00e9logieux. Si vous n\u2019\u00eates pas certain de ce dont vous avez besoin ou m\u00eame si vous souhaitez prendre [&hellip;]<\/p>\n","protected":false},"author":32,"featured_media":23982,"parent":0,"menu_order":0,"comment_status":"closed","ping_status":"closed","template":"","meta":{"_genesis_hide_title":false,"_genesis_hide_breadcrumbs":false,"_genesis_hide_singular_image":false,"_genesis_hide_footer_widgets":false,"_genesis_custom_body_class":"","_genesis_custom_post_class":"","_genesis_layout":"","footnotes":""},"class_list":{"0":"post-21495","1":"page","2":"type-page","3":"status-publish","4":"has-post-thumbnail","6":"entry"},"yoast_head":"<!-- This site is optimized with the Yoast SEO Premium plugin v26.6 (Yoast SEO v26.6) - https:\/\/yoast.com\/wordpress\/plugins\/seo\/ -->\n<title>Contacter l&#039;European Snowsport -<\/title>\n<meta name=\"description\" content=\"Contacter l&#039;European Snowsport Nous serons ravis de r\u00e9pondre \u00e0 vos questions concernant nos cours de ski dans les principales stations suisses. Appelez le +41 27 771 6222.\" \/>\n<meta name=\"robots\" content=\"index, follow, max-snippet:-1, max-image-preview:large, max-video-preview:-1\" \/>\n<link rel=\"canonical\" href=\"https:\/\/europeansnowsport.com\/fr\/contact\/\" \/>\n<meta property=\"og:locale\" content=\"fr_FR\" \/>\n<meta property=\"og:type\" content=\"article\" \/>\n<meta property=\"og:title\" content=\"Contacter l&#039;European Snowsport\" \/>\n<meta property=\"og:description\" content=\"Appelez, renseignez-vous, discutez ou r\u00e9servez en ligne.\" \/>\n<meta property=\"og:url\" content=\"https:\/\/europeansnowsport.com\/fr\/contact\/\" \/>\n<meta property=\"og:site_name\" content=\"European Snowsport\" \/>\n<meta property=\"article:publisher\" content=\"https:\/\/www.facebook.com\/verbierskischool\/\" \/>\n<meta property=\"article:modified_time\" content=\"2024-11-25T11:02:48+00:00\" \/>\n<meta property=\"og:image\" content=\"https:\/\/europeansnowsport.com\/wp-content\/uploads\/European-Snowsport-Facebook-default-image.jpg\" \/>\n\t<meta property=\"og:image:width\" content=\"1200\" \/>\n\t<meta property=\"og:image:height\" content=\"628\" \/>\n\t<meta property=\"og:image:type\" content=\"image\/jpeg\" \/>\n<meta name=\"twitter:card\" content=\"summary_large_image\" \/>\n<meta name=\"twitter:title\" content=\"Contacter l&#039;\u00e9cole de ski European Snowsport\" \/>\n<meta name=\"twitter:image\" content=\"https:\/\/europeansnowsport.com\/wp-content\/uploads\/European-Snowsport-Twitter-default-image.jpg\" \/>\n<meta name=\"twitter:site\" content=\"@ESSkiSchool\" \/>\n<meta name=\"twitter:label1\" content=\"Dur\u00e9e de lecture estim\u00e9e\" \/>\n\t<meta name=\"twitter:data1\" content=\"3 minutes\" \/>\n<script type=\"application\/ld+json\" class=\"yoast-schema-graph\">{\"@context\":\"https:\/\/schema.org\",\"@graph\":[{\"@type\":\"WebPage\",\"@id\":\"https:\/\/europeansnowsport.com\/fr\/contact\/\",\"url\":\"https:\/\/europeansnowsport.com\/fr\/contact\/\",\"name\":\"Contacter l'European Snowsport -\",\"isPartOf\":{\"@id\":\"https:\/\/europeansnowsport.com\/fr\/#website\"},\"primaryImageOfPage\":{\"@id\":\"https:\/\/europeansnowsport.com\/fr\/contact\/#primaryimage\"},\"image\":{\"@id\":\"https:\/\/europeansnowsport.com\/fr\/contact\/#primaryimage\"},\"thumbnailUrl\":\"https:\/\/europeansnowsport.com\/wp-content\/uploads\/European-Snowsport-Facebook-default-image.jpg\",\"datePublished\":\"2019-10-11T13:50:41+00:00\",\"dateModified\":\"2024-11-25T11:02:48+00:00\",\"description\":\"Contacter l'European Snowsport Nous serons ravis de r\u00e9pondre \u00e0 vos questions concernant nos cours de ski dans les principales stations suisses. Appelez le +41 27 771 6222.\",\"breadcrumb\":{\"@id\":\"https:\/\/europeansnowsport.com\/fr\/contact\/#breadcrumb\"},\"inLanguage\":\"fr-FR\",\"potentialAction\":[{\"@type\":\"ReadAction\",\"target\":[\"https:\/\/europeansnowsport.com\/fr\/contact\/\"]}]},{\"@type\":\"ImageObject\",\"inLanguage\":\"fr-FR\",\"@id\":\"https:\/\/europeansnowsport.com\/fr\/contact\/#primaryimage\",\"url\":\"https:\/\/europeansnowsport.com\/wp-content\/uploads\/European-Snowsport-Facebook-default-image.jpg\",\"contentUrl\":\"https:\/\/europeansnowsport.com\/wp-content\/uploads\/European-Snowsport-Facebook-default-image.jpg\",\"width\":1200,\"height\":628,\"caption\":\"European Snowsport ski instructors\"},{\"@type\":\"BreadcrumbList\",\"@id\":\"https:\/\/europeansnowsport.com\/fr\/contact\/#breadcrumb\",\"itemListElement\":[{\"@type\":\"ListItem\",\"position\":1,\"name\":\"Home\",\"item\":\"https:\/\/europeansnowsport.com\/fr\/\"},{\"@type\":\"ListItem\",\"position\":2,\"name\":\"Contacter l&#8217;European Snowsport\"}]},{\"@type\":\"WebSite\",\"@id\":\"https:\/\/europeansnowsport.com\/fr\/#website\",\"url\":\"https:\/\/europeansnowsport.com\/fr\/\",\"name\":\"European Snowsport\",\"description\":\"Outstanding, independent ski schools in Verbier, Zermatt, Nendaz, St Moritz and Chamonix\",\"publisher\":{\"@id\":\"https:\/\/europeansnowsport.com\/fr\/#organization\"},\"potentialAction\":[{\"@type\":\"SearchAction\",\"target\":{\"@type\":\"EntryPoint\",\"urlTemplate\":\"https:\/\/europeansnowsport.com\/fr\/?s={search_term_string}\"},\"query-input\":{\"@type\":\"PropertyValueSpecification\",\"valueRequired\":true,\"valueName\":\"search_term_string\"}}],\"inLanguage\":\"fr-FR\"},{\"@type\":[\"Organization\",\"Place\",\"LocalBusiness\"],\"@id\":\"https:\/\/europeansnowsport.com\/fr\/#organization\",\"name\":\"European Snowsport\",\"url\":\"https:\/\/europeansnowsport.com\/fr\/\",\"logo\":{\"@id\":\"https:\/\/europeansnowsport.com\/fr\/contact\/#local-main-organization-logo\"},\"image\":{\"@id\":\"https:\/\/europeansnowsport.com\/fr\/contact\/#local-main-organization-logo\"},\"sameAs\":[\"https:\/\/www.facebook.com\/verbierskischool\/\",\"https:\/\/x.com\/ESSkiSchool\",\"https:\/\/www.instagram.com\/europeansnowsport\/\",\"https:\/\/www.linkedin.com\/company\/european-snowsport-ski-and-snowboard-school\",\"https:\/\/www.pinterest.ch\/SkiSchool\/\",\"https:\/\/www.youtube.com\/channel\/UCRNrr3rTgbMt8SeKpS673lQ\"],\"address\":{\"@id\":\"https:\/\/europeansnowsport.com\/fr\/contact\/#local-main-place-address\"},\"geo\":{\"@type\":\"GeoCoordinates\",\"latitude\":\"46.092474\",\"longitude\":\"7.233592\"},\"telephone\":[\"+41 27 771 6222\"],\"openingHoursSpecification\":[{\"@type\":\"OpeningHoursSpecification\",\"dayOfWeek\":[\"Monday\",\"Tuesday\",\"Wednesday\",\"Thursday\",\"Friday\",\"Saturday\"],\"opens\":\"08:00\",\"closes\":\"19:00\"},{\"@type\":\"OpeningHoursSpecification\",\"dayOfWeek\":[\"Sunday\"],\"opens\":\"08:00\",\"closes\":\"21:00\"}],\"email\":\"info@europeansnowsport.com\",\"faxNumber\":\"+41277716221\",\"priceRange\":\"CHF-CHF\"},{\"@type\":\"PostalAddress\",\"@id\":\"https:\/\/europeansnowsport.com\/fr\/contact\/#local-main-place-address\",\"streetAddress\":\"European Snowsport, Rue de M\u00e9dran\",\"addressLocality\":\"Bagnes\",\"postalCode\":\"1936\",\"addressCountry\":\"CH\"},{\"@type\":\"ImageObject\",\"inLanguage\":\"fr-FR\",\"@id\":\"https:\/\/europeansnowsport.com\/fr\/contact\/#local-main-organization-logo\",\"url\":\"https:\/\/europeansnowsport.com\/wp-content\/uploads\/ESlogo400-1.jpg\",\"contentUrl\":\"https:\/\/europeansnowsport.com\/wp-content\/uploads\/ESlogo400-1.jpg\",\"width\":400,\"height\":400,\"caption\":\"European Snowsport\"}]}<\/script>\n<meta name=\"geo.placename\" content=\"Bagnes\" \/>\n<meta name=\"geo.position\" content=\"46.092474;7.233592\" \/>\n<meta name=\"geo.region\" content=\"Suisse\" \/>\n<!-- \/ Yoast SEO Premium plugin. -->","yoast_head_json":{"title":"Contacter l'European Snowsport -","description":"Contacter l'European Snowsport Nous serons ravis de r\u00e9pondre \u00e0 vos questions concernant nos cours de ski dans les principales stations suisses. Appelez le +41 27 771 6222.","robots":{"index":"index","follow":"follow","max-snippet":"max-snippet:-1","max-image-preview":"max-image-preview:large","max-video-preview":"max-video-preview:-1"},"canonical":"https:\/\/europeansnowsport.com\/fr\/contact\/","og_locale":"fr_FR","og_type":"article","og_title":"Contacter l'European Snowsport","og_description":"Appelez, renseignez-vous, discutez ou r\u00e9servez en ligne.","og_url":"https:\/\/europeansnowsport.com\/fr\/contact\/","og_site_name":"European Snowsport","article_publisher":"https:\/\/www.facebook.com\/verbierskischool\/","article_modified_time":"2024-11-25T11:02:48+00:00","og_image":[{"width":1200,"height":628,"url":"https:\/\/europeansnowsport.com\/wp-content\/uploads\/European-Snowsport-Facebook-default-image.jpg","type":"image\/jpeg"}],"twitter_card":"summary_large_image","twitter_title":"Contacter l'\u00e9cole de ski European Snowsport","twitter_image":"https:\/\/europeansnowsport.com\/wp-content\/uploads\/European-Snowsport-Twitter-default-image.jpg","twitter_site":"@ESSkiSchool","twitter_misc":{"Dur\u00e9e de lecture estim\u00e9e":"3 minutes"},"schema":{"@context":"https:\/\/schema.org","@graph":[{"@type":"WebPage","@id":"https:\/\/europeansnowsport.com\/fr\/contact\/","url":"https:\/\/europeansnowsport.com\/fr\/contact\/","name":"Contacter l'European Snowsport -","isPartOf":{"@id":"https:\/\/europeansnowsport.com\/fr\/#website"},"primaryImageOfPage":{"@id":"https:\/\/europeansnowsport.com\/fr\/contact\/#primaryimage"},"image":{"@id":"https:\/\/europeansnowsport.com\/fr\/contact\/#primaryimage"},"thumbnailUrl":"https:\/\/europeansnowsport.com\/wp-content\/uploads\/European-Snowsport-Facebook-default-image.jpg","datePublished":"2019-10-11T13:50:41+00:00","dateModified":"2024-11-25T11:02:48+00:00","description":"Contacter l'European Snowsport Nous serons ravis de r\u00e9pondre \u00e0 vos questions concernant nos cours de ski dans les principales stations suisses. Appelez le +41 27 771 6222.","breadcrumb":{"@id":"https:\/\/europeansnowsport.com\/fr\/contact\/#breadcrumb"},"inLanguage":"fr-FR","potentialAction":[{"@type":"ReadAction","target":["https:\/\/europeansnowsport.com\/fr\/contact\/"]}]},{"@type":"ImageObject","inLanguage":"fr-FR","@id":"https:\/\/europeansnowsport.com\/fr\/contact\/#primaryimage","url":"https:\/\/europeansnowsport.com\/wp-content\/uploads\/European-Snowsport-Facebook-default-image.jpg","contentUrl":"https:\/\/europeansnowsport.com\/wp-content\/uploads\/European-Snowsport-Facebook-default-image.jpg","width":1200,"height":628,"caption":"European Snowsport ski instructors"},{"@type":"BreadcrumbList","@id":"https:\/\/europeansnowsport.com\/fr\/contact\/#breadcrumb","itemListElement":[{"@type":"ListItem","position":1,"name":"Home","item":"https:\/\/europeansnowsport.com\/fr\/"},{"@type":"ListItem","position":2,"name":"Contacter l&#8217;European Snowsport"}]},{"@type":"WebSite","@id":"https:\/\/europeansnowsport.com\/fr\/#website","url":"https:\/\/europeansnowsport.com\/fr\/","name":"European Snowsport","description":"Outstanding, independent ski schools in Verbier, Zermatt, Nendaz, St Moritz and Chamonix","publisher":{"@id":"https:\/\/europeansnowsport.com\/fr\/#organization"},"potentialAction":[{"@type":"SearchAction","target":{"@type":"EntryPoint","urlTemplate":"https:\/\/europeansnowsport.com\/fr\/?s={search_term_string}"},"query-input":{"@type":"PropertyValueSpecification","valueRequired":true,"valueName":"search_term_string"}}],"inLanguage":"fr-FR"},{"@type":["Organization","Place","LocalBusiness"],"@id":"https:\/\/europeansnowsport.com\/fr\/#organization","name":"European Snowsport","url":"https:\/\/europeansnowsport.com\/fr\/","logo":{"@id":"https:\/\/europeansnowsport.com\/fr\/contact\/#local-main-organization-logo"},"image":{"@id":"https:\/\/europeansnowsport.com\/fr\/contact\/#local-main-organization-logo"},"sameAs":["https:\/\/www.facebook.com\/verbierskischool\/","https:\/\/x.com\/ESSkiSchool","https:\/\/www.instagram.com\/europeansnowsport\/","https:\/\/www.linkedin.com\/company\/european-snowsport-ski-and-snowboard-school","https:\/\/www.pinterest.ch\/SkiSchool\/","https:\/\/www.youtube.com\/channel\/UCRNrr3rTgbMt8SeKpS673lQ"],"address":{"@id":"https:\/\/europeansnowsport.com\/fr\/contact\/#local-main-place-address"},"geo":{"@type":"GeoCoordinates","latitude":"46.092474","longitude":"7.233592"},"telephone":["+41 27 771 6222"],"openingHoursSpecification":[{"@type":"OpeningHoursSpecification","dayOfWeek":["Monday","Tuesday","Wednesday","Thursday","Friday","Saturday"],"opens":"08:00","closes":"19:00"},{"@type":"OpeningHoursSpecification","dayOfWeek":["Sunday"],"opens":"08:00","closes":"21:00"}],"email":"info@europeansnowsport.com","faxNumber":"+41277716221","priceRange":"CHF-CHF"},{"@type":"PostalAddress","@id":"https:\/\/europeansnowsport.com\/fr\/contact\/#local-main-place-address","streetAddress":"European Snowsport, Rue de M\u00e9dran","addressLocality":"Bagnes","postalCode":"1936","addressCountry":"CH"},{"@type":"ImageObject","inLanguage":"fr-FR","@id":"https:\/\/europeansnowsport.com\/fr\/contact\/#local-main-organization-logo","url":"https:\/\/europeansnowsport.com\/wp-content\/uploads\/ESlogo400-1.jpg","contentUrl":"https:\/\/europeansnowsport.com\/wp-content\/uploads\/ESlogo400-1.jpg","width":400,"height":400,"caption":"European Snowsport"}]},"geo.placename":"Bagnes","geo.position":{"lat":"46.092474","long":"7.233592"},"geo.region":"Suisse"},"featured_image_src":"https:\/\/europeansnowsport.com\/wp-content\/uploads\/European-Snowsport-Facebook-default-image.jpg","featured_image_src_square":"https:\/\/europeansnowsport.com\/wp-content\/uploads\/European-Snowsport-Facebook-default-image.jpg","_links":{"self":[{"href":"https:\/\/europeansnowsport.com\/fr\/wp-json\/wp\/v2\/pages\/21495","targetHints":{"allow":["GET"]}}],"collection":[{"href":"https:\/\/europeansnowsport.com\/fr\/wp-json\/wp\/v2\/pages"}],"about":[{"href":"https:\/\/europeansnowsport.com\/fr\/wp-json\/wp\/v2\/types\/page"}],"author":[{"embeddable":true,"href":"https:\/\/europeansnowsport.com\/fr\/wp-json\/wp\/v2\/users\/32"}],"replies":[{"embeddable":true,"href":"https:\/\/europeansnowsport.com\/fr\/wp-json\/wp\/v2\/comments?post=21495"}],"version-history":[{"count":0,"href":"https:\/\/europeansnowsport.com\/fr\/wp-json\/wp\/v2\/pages\/21495\/revisions"}],"wp:featuredmedia":[{"embeddable":true,"href":"https:\/\/europeansnowsport.com\/fr\/wp-json\/wp\/v2\/media\/23982"}],"wp:attachment":[{"href":"https:\/\/europeansnowsport.com\/fr\/wp-json\/wp\/v2\/media?parent=21495"}],"curies":[{"name":"wp","href":"https:\/\/api.w.org\/{rel}","templated":true}]}}