{"id":21315,"date":"2019-09-27T17:26:03","date_gmt":"2019-09-27T15:26:03","guid":{"rendered":"https:\/\/europeansnowsport.com\/ecole-de-ski-de-saint-moritz\/moniteurs-de-ski-a-saint-moritz\/"},"modified":"2026-01-05T12:46:04","modified_gmt":"2026-01-05T11:46:04","slug":"moniteurs-de-ski-a-saint-moritz","status":"publish","type":"page","link":"https:\/\/europeansnowsport.com\/fr\/ecole-de-ski-de-saint-moritz\/moniteurs-de-ski-a-saint-moritz\/","title":{"rendered":"Moniteurs de ski \u00e0 Saint-Moritz"},"content":{"rendered":"\n<div class=\"wp-block-cover alignfull is-light page-title-area wp-duotone-unset-1\" style=\"min-height:695px;aspect-ratio:unset;\"><img loading=\"lazy\" decoding=\"async\" width=\"2000\" height=\"1000\" class=\"wp-block-cover__image-background wp-image-27482\" alt=\"\" src=\"https:\/\/europeansnowsport.com\/wp-content\/uploads\/ski-instructors-2000w.jpg\" style=\"object-position:49% 51%\" data-object-fit=\"cover\" data-object-position=\"49% 51%\" srcset=\"https:\/\/europeansnowsport.com\/wp-content\/uploads\/ski-instructors-2000w.jpg 2000w, https:\/\/europeansnowsport.com\/wp-content\/uploads\/ski-instructors-2000w-300x150.jpg 300w, https:\/\/europeansnowsport.com\/wp-content\/uploads\/ski-instructors-2000w-1024x512.jpg 1024w, https:\/\/europeansnowsport.com\/wp-content\/uploads\/ski-instructors-2000w-768x384.jpg 768w, https:\/\/europeansnowsport.com\/wp-content\/uploads\/ski-instructors-2000w-1536x768.jpg 1536w, https:\/\/europeansnowsport.com\/wp-content\/uploads\/ski-instructors-2000w-500x250.jpg 500w, https:\/\/europeansnowsport.com\/wp-content\/uploads\/ski-instructors-2000w-800x400.jpg 800w, https:\/\/europeansnowsport.com\/wp-content\/uploads\/ski-instructors-2000w-1280x640.jpg 1280w, https:\/\/europeansnowsport.com\/wp-content\/uploads\/ski-instructors-2000w-1920x960.jpg 1920w\" sizes=\"auto, (max-width: 2000px) 100vw, 2000px\" \/><span aria-hidden=\"true\" class=\"wp-block-cover__background has-background-dim-20 has-background-dim\"><\/span><div class=\"wp-block-cover__inner-container is-layout-flow wp-block-cover-is-layout-flow\">\n<h1 class=\"wp-block-heading has-text-align-left has-large-font-size\" id=\"h-moniteurs-de-ski-a-saint-moritz\">Moniteurs de ski \u00e0 Saint-Moritz<\/h1>\n\n\n\n<div class=\"wp-block-buttons is-layout-flex wp-block-buttons-is-layout-flex\">\n<div class=\"wp-block-button\"><a class=\"wp-block-button__link wp-element-button\" href=\"https:\/\/europeansnowsport.com\/fr\/contact\/\">R\u00e9servations et tarifs<\/a><\/div>\n\n\n\n<div class=\"wp-block-button ghost-button-light\"><a class=\"wp-block-button__link wp-element-button\" href=\"https:\/\/europeansnowsport.com\/fr\/contact\/\">Contactez-nous<\/a><\/div>\n<\/div>\n<\/div><\/div>\n\n\n\n<div class=\"wp-block-group es-panel intro-panel\"><div class=\"wp-block-group__inner-container is-layout-constrained wp-block-group-is-layout-constrained\">\n<div class=\"wp-block-group first\"><div class=\"wp-block-group__inner-container is-layout-constrained wp-block-group-is-layout-constrained\">\n<h2 class=\"wp-block-heading\" id=\"h-reservez-des-cours-de-ski-avec-nos-sympathiques-et-talentueux-professionnels-du-ski\">R\u00e9servez des cours de ski avec nos sympathiques et talentueux professionnels du ski<\/h2>\n\n\n\n<p>Dans notre\u00a0<a href=\"https:\/\/europeansnowsport.com\/fr\/ecole-de-ski-de-saint-moritz\/\">\u00e9cole de ski de Saint-Moritz<\/a>, nous sommes fiers d\u2019offrir des cours priv\u00e9s de ski et des cours pour enfants, avec les moniteurs les plus professionnels, sympathiques et comp\u00e9tents du secteur. Nous faisons tout notre possible pour trouver, former et garder au sein de nos \u00e9quipes des gens qui aiment enseigner et qui veulent partager leurs comp\u00e9tences et leurs connaissances avec vous. <\/p>\n\n\n\n<p>Pour discuter de vos besoins, veuillez\u00a0<a href=\"https:\/\/europeansnowsport.com\/fr\/contact\/\">nous contacter<\/a>\u00a0ou\u00a0<a href=\"tel:+41277716222\">appeler le +41 27 771 6222<\/a>.<\/p>\n\n\n\n<div class=\"wp-block-buttons is-layout-flex wp-block-buttons-is-layout-flex\">\n<div class=\"wp-block-button ghost-button\"><a class=\"wp-block-button__link wp-element-button\" href=\"https:\/\/europeansnowsport.com\/fr\/contact\/\">Contactez-nous<\/a><\/div>\n\n\n\n<div class=\"wp-block-button\"><a class=\"wp-block-button__link wp-element-button\" href=\"https:\/\/europeansnowsport.com\/fr\/contact\/\">R\u00e9server<\/a><\/div>\n<\/div>\n<\/div><\/div>\n<\/div><\/div>\n\n\n\n<div class=\"wp-block-group alignfull instructors-list instructors-short-list st-moritz underlying\"><div class=\"wp-block-group__inner-container is-layout-constrained wp-block-group-is-layout-constrained\">\n<h2 class=\"wp-block-heading top-spacing\" id=\"h-moniteurs-de-ski-a-saint-moritz-0\">Moniteurs de ski \u00e0 Saint-Moritz<\/h2>\n\n\n<div class=\"lps-block-preview\"><section class=\"latest-post-selection four-columns as-column has-shadow hover-zoom content-center light ver2\" id=\"lps-37edc63e6228e08ea0ed03f15b5d4481\" style=\" --default-tile-height: 15rem; --tablet-tile-height: 15rem; --mobile-tile-height: 15rem; --article-size-title: 16px;\" role=\"list\"><article class=\"post-28124 ski_instructor type-ski_instructor status-publish has-post-thumbnail ski_resorts-st-moritz entry has-link\" data-lps-id=\"28124\" role=\"listitem\"><figure class=\"article__image\"><img decoding=\"async\" src=\"https:\/\/europeansnowsport.com\/wp-content\/uploads\/StM-Anda-172x172-1.jpg\" class=\"lps-tile-main-image lps-custom-medium\" loading=\"lazy\" alt=\"Anda Sproge\" width=\"172\" height=\"172\" srcset=\"https:\/\/europeansnowsport.com\/wp-content\/uploads\/StM-Anda-172x172-1.jpg 172w, https:\/\/europeansnowsport.com\/wp-content\/uploads\/StM-Anda-172x172-1-150x150.jpg 150w, https:\/\/europeansnowsport.com\/wp-content\/uploads\/StM-Anda-172x172-1-75x75.jpg 75w\"><\/figure><div class=\"article__info\"><h3 class=\"article__title item-title-tag\"><a href=\"https:\/\/europeansnowsport.com\/fr\/ski_instructor\/anda-sproge\/\" title=\"Anda Sproge\" class=\"article__link main-link\">Anda Sproge<\/a><\/h3><\/div><\/article><article class=\"post-28119 ski_instructor type-ski_instructor status-publish has-post-thumbnail ski_resorts-st-moritz entry has-link\" data-lps-id=\"28119\" role=\"listitem\"><figure class=\"article__image\"><img decoding=\"async\" src=\"https:\/\/europeansnowsport.com\/wp-content\/uploads\/StM-Enrico-172x172-1.jpg\" class=\"lps-tile-main-image lps-custom-medium\" loading=\"lazy\" alt=\"Enrico Lombardo\" width=\"172\" height=\"172\" srcset=\"https:\/\/europeansnowsport.com\/wp-content\/uploads\/StM-Enrico-172x172-1.jpg 172w, https:\/\/europeansnowsport.com\/wp-content\/uploads\/StM-Enrico-172x172-1-150x150.jpg 150w, https:\/\/europeansnowsport.com\/wp-content\/uploads\/StM-Enrico-172x172-1-75x75.jpg 75w\"><\/figure><div class=\"article__info\"><h3 class=\"article__title item-title-tag\"><a href=\"https:\/\/europeansnowsport.com\/fr\/ski_instructor\/enrico-lombardo\/\" title=\"Enrico Lombardo\" class=\"article__link main-link\">Enrico Lombardo<\/a><\/h3><\/div><\/article><article class=\"post-28121 ski_instructor type-ski_instructor status-publish has-post-thumbnail ski_resorts-st-moritz entry has-link\" data-lps-id=\"28121\" role=\"listitem\"><figure class=\"article__image\"><img decoding=\"async\" src=\"https:\/\/europeansnowsport.com\/wp-content\/uploads\/StM-Eugene-172x172-1.jpg\" class=\"lps-tile-main-image lps-custom-medium\" loading=\"lazy\" alt=\"Eugene Derkach\" width=\"172\" height=\"172\" srcset=\"https:\/\/europeansnowsport.com\/wp-content\/uploads\/StM-Eugene-172x172-1.jpg 172w, https:\/\/europeansnowsport.com\/wp-content\/uploads\/StM-Eugene-172x172-1-150x150.jpg 150w, https:\/\/europeansnowsport.com\/wp-content\/uploads\/StM-Eugene-172x172-1-75x75.jpg 75w\"><\/figure><div class=\"article__info\"><h3 class=\"article__title item-title-tag\"><a href=\"https:\/\/europeansnowsport.com\/fr\/ski_instructor\/eugene-derkach\/\" title=\"Eugene Derkach\" class=\"article__link main-link\">Eugene Derkach<\/a><\/h3><\/div><\/article><article class=\"post-28120 ski_instructor type-ski_instructor status-publish has-post-thumbnail ski_resorts-st-moritz entry has-link\" data-lps-id=\"28120\" role=\"listitem\"><figure class=\"article__image\"><img decoding=\"async\" src=\"https:\/\/europeansnowsport.com\/wp-content\/uploads\/StM-Juris-172x172-1.jpg\" class=\"lps-tile-main-image lps-custom-medium\" loading=\"lazy\" alt=\"Juris Jaunzemis\" width=\"172\" height=\"172\" srcset=\"https:\/\/europeansnowsport.com\/wp-content\/uploads\/StM-Juris-172x172-1.jpg 172w, https:\/\/europeansnowsport.com\/wp-content\/uploads\/StM-Juris-172x172-1-150x150.jpg 150w, https:\/\/europeansnowsport.com\/wp-content\/uploads\/StM-Juris-172x172-1-75x75.jpg 75w\"><\/figure><div class=\"article__info\"><h3 class=\"article__title item-title-tag\"><a href=\"https:\/\/europeansnowsport.com\/fr\/ski_instructor\/juris-jaunzemis\/\" title=\"Juris Jaunzemis\" class=\"article__link main-link\">Juris Jaunzemis<\/a><\/h3><\/div><\/article><article class=\"post-28118 ski_instructor type-ski_instructor status-publish has-post-thumbnail ski_resorts-st-moritz entry has-link\" data-lps-id=\"28118\" role=\"listitem\"><figure class=\"article__image\"><img decoding=\"async\" src=\"https:\/\/europeansnowsport.com\/wp-content\/uploads\/StM-Una-172x172-1.jpg\" class=\"lps-tile-main-image lps-custom-medium\" loading=\"lazy\" alt=\"Una Leitane\" width=\"172\" height=\"172\" srcset=\"https:\/\/europeansnowsport.com\/wp-content\/uploads\/StM-Una-172x172-1.jpg 172w, https:\/\/europeansnowsport.com\/wp-content\/uploads\/StM-Una-172x172-1-150x150.jpg 150w, https:\/\/europeansnowsport.com\/wp-content\/uploads\/StM-Una-172x172-1-75x75.jpg 75w\"><\/figure><div class=\"article__info\"><h3 class=\"article__title item-title-tag\"><a href=\"https:\/\/europeansnowsport.com\/fr\/ski_instructor\/una-leitane\/\" title=\"Una Leitane\" class=\"article__link main-link\">Una Leitane<\/a><\/h3><\/div><\/article><article class=\"post-3953 ski_instructor type-ski_instructor status-publish has-post-thumbnail ski_resorts-st-moritz entry has-link\" data-lps-id=\"3953\" role=\"listitem\"><figure class=\"article__image\"><img decoding=\"async\" src=\"https:\/\/europeansnowsport.com\/wp-content\/uploads\/StM-Vittoria-172x172-1.jpg\" class=\"lps-tile-main-image lps-custom-medium\" loading=\"lazy\" alt=\"Vittorio Caffi\" width=\"172\" height=\"172\" srcset=\"https:\/\/europeansnowsport.com\/wp-content\/uploads\/StM-Vittoria-172x172-1.jpg 172w, https:\/\/europeansnowsport.com\/wp-content\/uploads\/StM-Vittoria-172x172-1-150x150.jpg 150w, https:\/\/europeansnowsport.com\/wp-content\/uploads\/StM-Vittoria-172x172-1-75x75.jpg 75w\"><\/figure><div class=\"article__info\"><h3 class=\"article__title item-title-tag\"><a href=\"https:\/\/europeansnowsport.com\/fr\/ski_instructor\/vittorio-caffi\/\" title=\"Vittorio Caffi\" class=\"article__link main-link\">Vittorio Caffi<\/a><\/h3><\/div><\/article><\/section><\/div>\n\n\n<div class=\"wp-block-buttons big-buttons is-layout-flex wp-block-buttons-is-layout-flex\">\n<div class=\"wp-block-button\"><a class=\"wp-block-button__link wp-element-button\" href=\"https:\/\/europeansnowsport.com\/fr\/ecole-de-ski-de-saint-moritz\/\">\u00c9cole de ski de Saint-Moritz<\/a><\/div>\n\n\n\n<div class=\"wp-block-button\"><a class=\"wp-block-button__link wp-element-button\" href=\"https:\/\/europeansnowsport.com\/fr\/contact\/\">Demande de renseignements ou r\u00e9servation<\/a><\/div>\n<\/div>\n<\/div><\/div>\n","protected":false},"excerpt":{"rendered":"<p>R\u00e9servez des cours de ski avec nos sympathiques et talentueux professionnels du ski Dans notre\u00a0\u00e9cole de ski de Saint-Moritz, nous sommes fiers d\u2019offrir des cours priv\u00e9s de ski et des cours pour enfants, avec les moniteurs les plus professionnels, sympathiques et comp\u00e9tents du secteur. Nous faisons tout notre possible pour trouver, former et garder au [&hellip;]<\/p>\n","protected":false},"author":1,"featured_media":0,"parent":21311,"menu_order":0,"comment_status":"closed","ping_status":"closed","template":"","meta":{"_genesis_hide_title":false,"_genesis_hide_breadcrumbs":false,"_genesis_hide_singular_image":false,"_genesis_hide_footer_widgets":false,"_genesis_custom_body_class":"","_genesis_custom_post_class":"","_genesis_layout":"","footnotes":""},"class_list":{"0":"post-21315","1":"page","2":"type-page","3":"status-publish","5":"entry"},"yoast_head":"<!-- This site is optimized with the Yoast SEO Premium plugin v27.5 (Yoast SEO v27.5) - https:\/\/yoast.com\/product\/yoast-seo-premium-wordpress\/ -->\n<title>Moniteurs de ski \u00e0 Saint-Moritz<\/title>\n<meta name=\"description\" content=\"Nos moniteurs de ski \u00e0 Saint-Moritz\" \/>\n<meta name=\"robots\" content=\"index, follow, max-snippet:-1, max-image-preview:large, max-video-preview:-1\" \/>\n<link rel=\"canonical\" href=\"https:\/\/europeansnowsport.com\/fr\/ecole-de-ski-de-saint-moritz\/moniteurs-de-ski-a-saint-moritz\/\" \/>\n<meta property=\"og:locale\" content=\"fr_FR\" \/>\n<meta property=\"og:type\" content=\"article\" \/>\n<meta property=\"og:title\" content=\"Moniteurs de ski \u00e0 Saint-Moritz\" \/>\n<meta property=\"og:description\" content=\"Nos moniteurs de ski \u00e0 Saint-Moritz\" \/>\n<meta property=\"og:url\" content=\"https:\/\/europeansnowsport.com\/fr\/ecole-de-ski-de-saint-moritz\/moniteurs-de-ski-a-saint-moritz\/\" \/>\n<meta property=\"og:site_name\" content=\"European Snowsport\" \/>\n<meta property=\"article:publisher\" content=\"https:\/\/www.facebook.com\/verbierskischool\/\" \/>\n<meta property=\"article:modified_time\" content=\"2026-01-05T11:46:04+00:00\" \/>\n<meta property=\"og:image\" content=\"https:\/\/europeansnowsport.com\/wp-content\/uploads\/ski-instructors-2000w.jpg\" \/>\n\t<meta property=\"og:image:width\" content=\"2000\" \/>\n\t<meta property=\"og:image:height\" content=\"1000\" \/>\n\t<meta property=\"og:image:type\" content=\"image\/jpeg\" \/>\n<meta name=\"twitter:card\" content=\"summary_large_image\" \/>\n<meta name=\"twitter:site\" content=\"@ESSkiSchool\" \/>\n<meta name=\"twitter:label1\" content=\"Dur\u00e9e de lecture estim\u00e9e\" \/>\n\t<meta name=\"twitter:data1\" content=\"1 minute\" \/>\n<script type=\"application\/ld+json\" class=\"yoast-schema-graph\">{\"@context\":\"https:\\\/\\\/schema.org\",\"@graph\":[{\"@type\":\"WebPage\",\"@id\":\"https:\\\/\\\/europeansnowsport.com\\\/fr\\\/ecole-de-ski-de-saint-moritz\\\/moniteurs-de-ski-a-saint-moritz\\\/\",\"url\":\"https:\\\/\\\/europeansnowsport.com\\\/fr\\\/ecole-de-ski-de-saint-moritz\\\/moniteurs-de-ski-a-saint-moritz\\\/\",\"name\":\"Moniteurs de ski \u00e0 Saint-Moritz\",\"isPartOf\":{\"@id\":\"https:\\\/\\\/europeansnowsport.com\\\/fr\\\/#website\"},\"primaryImageOfPage\":{\"@id\":\"https:\\\/\\\/europeansnowsport.com\\\/fr\\\/ecole-de-ski-de-saint-moritz\\\/moniteurs-de-ski-a-saint-moritz\\\/#primaryimage\"},\"image\":{\"@id\":\"https:\\\/\\\/europeansnowsport.com\\\/fr\\\/ecole-de-ski-de-saint-moritz\\\/moniteurs-de-ski-a-saint-moritz\\\/#primaryimage\"},\"thumbnailUrl\":\"https:\\\/\\\/europeansnowsport.com\\\/wp-content\\\/uploads\\\/ski-instructors-2000w.jpg\",\"datePublished\":\"2019-09-27T15:26:03+00:00\",\"dateModified\":\"2026-01-05T11:46:04+00:00\",\"description\":\"Nos moniteurs de ski \u00e0 Saint-Moritz\",\"breadcrumb\":{\"@id\":\"https:\\\/\\\/europeansnowsport.com\\\/fr\\\/ecole-de-ski-de-saint-moritz\\\/moniteurs-de-ski-a-saint-moritz\\\/#breadcrumb\"},\"inLanguage\":\"fr-FR\",\"potentialAction\":[{\"@type\":\"ReadAction\",\"target\":[\"https:\\\/\\\/europeansnowsport.com\\\/fr\\\/ecole-de-ski-de-saint-moritz\\\/moniteurs-de-ski-a-saint-moritz\\\/\"]}]},{\"@type\":\"ImageObject\",\"inLanguage\":\"fr-FR\",\"@id\":\"https:\\\/\\\/europeansnowsport.com\\\/fr\\\/ecole-de-ski-de-saint-moritz\\\/moniteurs-de-ski-a-saint-moritz\\\/#primaryimage\",\"url\":\"https:\\\/\\\/europeansnowsport.com\\\/wp-content\\\/uploads\\\/ski-instructors-2000w.jpg\",\"contentUrl\":\"https:\\\/\\\/europeansnowsport.com\\\/wp-content\\\/uploads\\\/ski-instructors-2000w.jpg\"},{\"@type\":\"BreadcrumbList\",\"@id\":\"https:\\\/\\\/europeansnowsport.com\\\/fr\\\/ecole-de-ski-de-saint-moritz\\\/moniteurs-de-ski-a-saint-moritz\\\/#breadcrumb\",\"itemListElement\":[{\"@type\":\"ListItem\",\"position\":1,\"name\":\"Home\",\"item\":\"https:\\\/\\\/europeansnowsport.com\\\/fr\\\/\"},{\"@type\":\"ListItem\",\"position\":2,\"name\":\"\u00c9cole de ski de Saint-Moritz\",\"item\":\"https:\\\/\\\/europeansnowsport.com\\\/fr\\\/ecole-de-ski-de-saint-moritz\\\/\"},{\"@type\":\"ListItem\",\"position\":3,\"name\":\"Moniteurs de ski \u00e0 Saint-Moritz\"}]},{\"@type\":\"WebSite\",\"@id\":\"https:\\\/\\\/europeansnowsport.com\\\/fr\\\/#website\",\"url\":\"https:\\\/\\\/europeansnowsport.com\\\/fr\\\/\",\"name\":\"European Snowsport\",\"description\":\"Outstanding, independent ski schools in Verbier, Zermatt, Nendaz, St Moritz and Chamonix\",\"publisher\":{\"@id\":\"https:\\\/\\\/europeansnowsport.com\\\/fr\\\/#organization\"},\"potentialAction\":[{\"@type\":\"SearchAction\",\"target\":{\"@type\":\"EntryPoint\",\"urlTemplate\":\"https:\\\/\\\/europeansnowsport.com\\\/fr\\\/?s={search_term_string}\"},\"query-input\":{\"@type\":\"PropertyValueSpecification\",\"valueRequired\":true,\"valueName\":\"search_term_string\"}}],\"inLanguage\":\"fr-FR\"},{\"@type\":[\"Organization\",\"Place\",\"LocalBusiness\"],\"@id\":\"https:\\\/\\\/europeansnowsport.com\\\/fr\\\/#organization\",\"name\":\"European Snowsport\",\"url\":\"https:\\\/\\\/europeansnowsport.com\\\/fr\\\/\",\"logo\":{\"@id\":\"https:\\\/\\\/europeansnowsport.com\\\/fr\\\/ecole-de-ski-de-saint-moritz\\\/moniteurs-de-ski-a-saint-moritz\\\/#local-main-organization-logo\"},\"image\":{\"@id\":\"https:\\\/\\\/europeansnowsport.com\\\/fr\\\/ecole-de-ski-de-saint-moritz\\\/moniteurs-de-ski-a-saint-moritz\\\/#local-main-organization-logo\"},\"sameAs\":[\"https:\\\/\\\/www.facebook.com\\\/verbierskischool\\\/\",\"https:\\\/\\\/x.com\\\/ESSkiSchool\",\"https:\\\/\\\/www.instagram.com\\\/europeansnowsport\\\/\",\"https:\\\/\\\/www.linkedin.com\\\/company\\\/european-snowsport-ski-and-snowboard-school\",\"https:\\\/\\\/www.pinterest.ch\\\/SkiSchool\\\/\",\"https:\\\/\\\/www.youtube.com\\\/channel\\\/UCRNrr3rTgbMt8SeKpS673lQ\"],\"address\":{\"@id\":\"https:\\\/\\\/europeansnowsport.com\\\/fr\\\/ecole-de-ski-de-saint-moritz\\\/moniteurs-de-ski-a-saint-moritz\\\/#local-main-place-address\"},\"geo\":{\"@type\":\"GeoCoordinates\",\"latitude\":\"46.092474\",\"longitude\":\"7.233592\"},\"telephone\":[\"+41 27 771 6222\"],\"openingHoursSpecification\":[{\"@type\":\"OpeningHoursSpecification\",\"dayOfWeek\":[\"Monday\",\"Tuesday\",\"Wednesday\",\"Thursday\",\"Friday\",\"Saturday\"],\"opens\":\"08:00\",\"closes\":\"19:00\"},{\"@type\":\"OpeningHoursSpecification\",\"dayOfWeek\":[\"Sunday\"],\"opens\":\"08:00\",\"closes\":\"21:00\"}],\"email\":\"info@europeansnowsport.com\",\"faxNumber\":\"+41277716221\",\"priceRange\":\"CHF-CHF\"},{\"@type\":\"PostalAddress\",\"@id\":\"https:\\\/\\\/europeansnowsport.com\\\/fr\\\/ecole-de-ski-de-saint-moritz\\\/moniteurs-de-ski-a-saint-moritz\\\/#local-main-place-address\",\"streetAddress\":\"European Snowsport, Rue de M\u00e9dran\",\"addressLocality\":\"Bagnes\",\"postalCode\":\"1936\",\"addressCountry\":\"CH\"},{\"@type\":\"ImageObject\",\"inLanguage\":\"fr-FR\",\"@id\":\"https:\\\/\\\/europeansnowsport.com\\\/fr\\\/ecole-de-ski-de-saint-moritz\\\/moniteurs-de-ski-a-saint-moritz\\\/#local-main-organization-logo\",\"url\":\"https:\\\/\\\/europeansnowsport.com\\\/wp-content\\\/uploads\\\/ESlogo400-1.jpg\",\"contentUrl\":\"https:\\\/\\\/europeansnowsport.com\\\/wp-content\\\/uploads\\\/ESlogo400-1.jpg\",\"width\":400,\"height\":400,\"caption\":\"European Snowsport\"}]}<\/script>\n<meta name=\"geo.placename\" content=\"Bagnes\" \/>\n<meta name=\"geo.position\" content=\"46.092474;7.233592\" \/>\n<meta name=\"geo.region\" content=\"Suisse\" \/>\n<!-- \/ Yoast SEO Premium plugin. -->","yoast_head_json":{"title":"Moniteurs de ski \u00e0 Saint-Moritz","description":"Nos moniteurs de ski \u00e0 Saint-Moritz","robots":{"index":"index","follow":"follow","max-snippet":"max-snippet:-1","max-image-preview":"max-image-preview:large","max-video-preview":"max-video-preview:-1"},"canonical":"https:\/\/europeansnowsport.com\/fr\/ecole-de-ski-de-saint-moritz\/moniteurs-de-ski-a-saint-moritz\/","og_locale":"fr_FR","og_type":"article","og_title":"Moniteurs de ski \u00e0 Saint-Moritz","og_description":"Nos moniteurs de ski \u00e0 Saint-Moritz","og_url":"https:\/\/europeansnowsport.com\/fr\/ecole-de-ski-de-saint-moritz\/moniteurs-de-ski-a-saint-moritz\/","og_site_name":"European Snowsport","article_publisher":"https:\/\/www.facebook.com\/verbierskischool\/","article_modified_time":"2026-01-05T11:46:04+00:00","og_image":[{"width":2000,"height":1000,"url":"https:\/\/europeansnowsport.com\/wp-content\/uploads\/ski-instructors-2000w.jpg","type":"image\/jpeg"}],"twitter_card":"summary_large_image","twitter_site":"@ESSkiSchool","twitter_misc":{"Dur\u00e9e de lecture estim\u00e9e":"1 minute"},"schema":{"@context":"https:\/\/schema.org","@graph":[{"@type":"WebPage","@id":"https:\/\/europeansnowsport.com\/fr\/ecole-de-ski-de-saint-moritz\/moniteurs-de-ski-a-saint-moritz\/","url":"https:\/\/europeansnowsport.com\/fr\/ecole-de-ski-de-saint-moritz\/moniteurs-de-ski-a-saint-moritz\/","name":"Moniteurs de ski \u00e0 Saint-Moritz","isPartOf":{"@id":"https:\/\/europeansnowsport.com\/fr\/#website"},"primaryImageOfPage":{"@id":"https:\/\/europeansnowsport.com\/fr\/ecole-de-ski-de-saint-moritz\/moniteurs-de-ski-a-saint-moritz\/#primaryimage"},"image":{"@id":"https:\/\/europeansnowsport.com\/fr\/ecole-de-ski-de-saint-moritz\/moniteurs-de-ski-a-saint-moritz\/#primaryimage"},"thumbnailUrl":"https:\/\/europeansnowsport.com\/wp-content\/uploads\/ski-instructors-2000w.jpg","datePublished":"2019-09-27T15:26:03+00:00","dateModified":"2026-01-05T11:46:04+00:00","description":"Nos moniteurs de ski \u00e0 Saint-Moritz","breadcrumb":{"@id":"https:\/\/europeansnowsport.com\/fr\/ecole-de-ski-de-saint-moritz\/moniteurs-de-ski-a-saint-moritz\/#breadcrumb"},"inLanguage":"fr-FR","potentialAction":[{"@type":"ReadAction","target":["https:\/\/europeansnowsport.com\/fr\/ecole-de-ski-de-saint-moritz\/moniteurs-de-ski-a-saint-moritz\/"]}]},{"@type":"ImageObject","inLanguage":"fr-FR","@id":"https:\/\/europeansnowsport.com\/fr\/ecole-de-ski-de-saint-moritz\/moniteurs-de-ski-a-saint-moritz\/#primaryimage","url":"https:\/\/europeansnowsport.com\/wp-content\/uploads\/ski-instructors-2000w.jpg","contentUrl":"https:\/\/europeansnowsport.com\/wp-content\/uploads\/ski-instructors-2000w.jpg"},{"@type":"BreadcrumbList","@id":"https:\/\/europeansnowsport.com\/fr\/ecole-de-ski-de-saint-moritz\/moniteurs-de-ski-a-saint-moritz\/#breadcrumb","itemListElement":[{"@type":"ListItem","position":1,"name":"Home","item":"https:\/\/europeansnowsport.com\/fr\/"},{"@type":"ListItem","position":2,"name":"\u00c9cole de ski de Saint-Moritz","item":"https:\/\/europeansnowsport.com\/fr\/ecole-de-ski-de-saint-moritz\/"},{"@type":"ListItem","position":3,"name":"Moniteurs de ski \u00e0 Saint-Moritz"}]},{"@type":"WebSite","@id":"https:\/\/europeansnowsport.com\/fr\/#website","url":"https:\/\/europeansnowsport.com\/fr\/","name":"European Snowsport","description":"Outstanding, independent ski schools in Verbier, Zermatt, Nendaz, St Moritz and Chamonix","publisher":{"@id":"https:\/\/europeansnowsport.com\/fr\/#organization"},"potentialAction":[{"@type":"SearchAction","target":{"@type":"EntryPoint","urlTemplate":"https:\/\/europeansnowsport.com\/fr\/?s={search_term_string}"},"query-input":{"@type":"PropertyValueSpecification","valueRequired":true,"valueName":"search_term_string"}}],"inLanguage":"fr-FR"},{"@type":["Organization","Place","LocalBusiness"],"@id":"https:\/\/europeansnowsport.com\/fr\/#organization","name":"European Snowsport","url":"https:\/\/europeansnowsport.com\/fr\/","logo":{"@id":"https:\/\/europeansnowsport.com\/fr\/ecole-de-ski-de-saint-moritz\/moniteurs-de-ski-a-saint-moritz\/#local-main-organization-logo"},"image":{"@id":"https:\/\/europeansnowsport.com\/fr\/ecole-de-ski-de-saint-moritz\/moniteurs-de-ski-a-saint-moritz\/#local-main-organization-logo"},"sameAs":["https:\/\/www.facebook.com\/verbierskischool\/","https:\/\/x.com\/ESSkiSchool","https:\/\/www.instagram.com\/europeansnowsport\/","https:\/\/www.linkedin.com\/company\/european-snowsport-ski-and-snowboard-school","https:\/\/www.pinterest.ch\/SkiSchool\/","https:\/\/www.youtube.com\/channel\/UCRNrr3rTgbMt8SeKpS673lQ"],"address":{"@id":"https:\/\/europeansnowsport.com\/fr\/ecole-de-ski-de-saint-moritz\/moniteurs-de-ski-a-saint-moritz\/#local-main-place-address"},"geo":{"@type":"GeoCoordinates","latitude":"46.092474","longitude":"7.233592"},"telephone":["+41 27 771 6222"],"openingHoursSpecification":[{"@type":"OpeningHoursSpecification","dayOfWeek":["Monday","Tuesday","Wednesday","Thursday","Friday","Saturday"],"opens":"08:00","closes":"19:00"},{"@type":"OpeningHoursSpecification","dayOfWeek":["Sunday"],"opens":"08:00","closes":"21:00"}],"email":"info@europeansnowsport.com","faxNumber":"+41277716221","priceRange":"CHF-CHF"},{"@type":"PostalAddress","@id":"https:\/\/europeansnowsport.com\/fr\/ecole-de-ski-de-saint-moritz\/moniteurs-de-ski-a-saint-moritz\/#local-main-place-address","streetAddress":"European Snowsport, Rue de M\u00e9dran","addressLocality":"Bagnes","postalCode":"1936","addressCountry":"CH"},{"@type":"ImageObject","inLanguage":"fr-FR","@id":"https:\/\/europeansnowsport.com\/fr\/ecole-de-ski-de-saint-moritz\/moniteurs-de-ski-a-saint-moritz\/#local-main-organization-logo","url":"https:\/\/europeansnowsport.com\/wp-content\/uploads\/ESlogo400-1.jpg","contentUrl":"https:\/\/europeansnowsport.com\/wp-content\/uploads\/ESlogo400-1.jpg","width":400,"height":400,"caption":"European Snowsport"}]},"geo.placename":"Bagnes","geo.position":{"lat":"46.092474","long":"7.233592"},"geo.region":"Suisse"},"featured_image_src":null,"featured_image_src_square":null,"_links":{"self":[{"href":"https:\/\/europeansnowsport.com\/fr\/wp-json\/wp\/v2\/pages\/21315","targetHints":{"allow":["GET"]}}],"collection":[{"href":"https:\/\/europeansnowsport.com\/fr\/wp-json\/wp\/v2\/pages"}],"about":[{"href":"https:\/\/europeansnowsport.com\/fr\/wp-json\/wp\/v2\/types\/page"}],"author":[{"embeddable":true,"href":"https:\/\/europeansnowsport.com\/fr\/wp-json\/wp\/v2\/users\/1"}],"replies":[{"embeddable":true,"href":"https:\/\/europeansnowsport.com\/fr\/wp-json\/wp\/v2\/comments?post=21315"}],"version-history":[{"count":0,"href":"https:\/\/europeansnowsport.com\/fr\/wp-json\/wp\/v2\/pages\/21315\/revisions"}],"up":[{"embeddable":true,"href":"https:\/\/europeansnowsport.com\/fr\/wp-json\/wp\/v2\/pages\/21311"}],"wp:attachment":[{"href":"https:\/\/europeansnowsport.com\/fr\/wp-json\/wp\/v2\/media?parent=21315"}],"curies":[{"name":"wp","href":"https:\/\/api.w.org\/{rel}","templated":true}]}}