{"id":22641,"date":"2019-12-03T14:35:46","date_gmt":"2019-12-03T13:35:46","guid":{"rendered":"https:\/\/europeansnowsport.com\/contacto-european-snowsport\/"},"modified":"2025-08-18T17:27:32","modified_gmt":"2025-08-18T15:27:32","slug":"contact","status":"publish","type":"page","link":"https:\/\/europeansnowsport.com\/es\/contact\/","title":{"rendered":"Contacto European Snowsport"},"content":{"rendered":"\n<div class=\"wp-block-cover alignfull is-light page-title-area wp-duotone-unset-1\" style=\"min-height:695px;aspect-ratio:unset;\"><span aria-hidden=\"true\" class=\"wp-block-cover__background has-background-dim-20 has-background-dim\"><\/span><img loading=\"lazy\" decoding=\"async\" width=\"2000\" height=\"1000\" class=\"wp-block-cover__image-background wp-image-27455\" alt=\"\" src=\"https:\/\/europeansnowsport.com\/wp-content\/uploads\/Mattia-smiling-2000w.jpg\" style=\"object-position:50% 33%\" data-object-fit=\"cover\" data-object-position=\"50% 33%\" srcset=\"https:\/\/europeansnowsport.com\/wp-content\/uploads\/Mattia-smiling-2000w.jpg 2000w, https:\/\/europeansnowsport.com\/wp-content\/uploads\/Mattia-smiling-2000w-300x150.jpg 300w, https:\/\/europeansnowsport.com\/wp-content\/uploads\/Mattia-smiling-2000w-1024x512.jpg 1024w, https:\/\/europeansnowsport.com\/wp-content\/uploads\/Mattia-smiling-2000w-768x384.jpg 768w, https:\/\/europeansnowsport.com\/wp-content\/uploads\/Mattia-smiling-2000w-1536x768.jpg 1536w, https:\/\/europeansnowsport.com\/wp-content\/uploads\/Mattia-smiling-2000w-500x250.jpg 500w, https:\/\/europeansnowsport.com\/wp-content\/uploads\/Mattia-smiling-2000w-800x400.jpg 800w, https:\/\/europeansnowsport.com\/wp-content\/uploads\/Mattia-smiling-2000w-1280x640.jpg 1280w, https:\/\/europeansnowsport.com\/wp-content\/uploads\/Mattia-smiling-2000w-1920x960.jpg 1920w\" sizes=\"auto, (max-width: 2000px) 100vw, 2000px\" \/><div class=\"wp-block-cover__inner-container is-layout-flow wp-block-cover-is-layout-flow\">\n<h1 class=\"wp-block-heading has-text-align-left has-large-font-size\" id=\"h-contacto-european-snowsport\">Contacto European Snowsport<\/h1>\n\n\n\n<div class=\"wp-block-buttons is-layout-flex wp-block-buttons-is-layout-flex\">\n<div class=\"wp-block-button\"><a class=\"wp-block-button__link wp-element-button\" href=\"tel:+41277716222\">Ll\u00e1menos al +41 27 771 6222<\/a><\/div>\n\n\n\n<div class=\"wp-block-button ghost-button-light\"><a class=\"wp-block-button__link wp-element-button\" href=\"mailto:info@europeansnowsport.com\">Env\u00edenos un correo electr\u00f3nico<\/a><\/div>\n<\/div>\n<\/div><\/div>\n\n\n\n<div class=\"wp-block-group es-panel intro-panel contact-booking-intro\"><div class=\"wp-block-group__inner-container is-layout-constrained wp-block-group-is-layout-constrained\">\n<div class=\"wp-block-group two-thirds first\"><div class=\"wp-block-group__inner-container is-layout-constrained wp-block-group-is-layout-constrained\">\n<div class=\"wp-block-group contact-intro\"><div class=\"wp-block-group__inner-container is-layout-constrained wp-block-group-is-layout-constrained\">\n<h2 class=\"wp-block-heading\" id=\"h-contacto\">Contacto<\/h2>\n\n\n\n<p>Llevamos m\u00e1s de 20 a\u00f1os proporcionando clases de esqu\u00ed y snowboard divertidas y profesionales para gente de todos los niveles. Nuestro equipo, especialmente nuestros monitores, no paran de recibir comentarios muy positivos. Si no est\u00e1 seguro sobre lo que necesita o incluso si quiere una clase, puede llamarnos. Estaremos encantados de hablar sobre lo que mejro se puede ajustar a sus necesidades.<\/p>\n<\/div><\/div>\n<\/div><\/div>\n\n\n\n<figure class=\"wp-block-image size-full one-third\"><img loading=\"lazy\" decoding=\"async\" width=\"1000\" height=\"721\" src=\"https:\/\/europeansnowsport.com\/wp-content\/uploads\/contact-sub-image-1000w.jpg\" alt=\"\" class=\"wp-image-27447\" srcset=\"https:\/\/europeansnowsport.com\/wp-content\/uploads\/contact-sub-image-1000w.jpg 1000w, https:\/\/europeansnowsport.com\/wp-content\/uploads\/contact-sub-image-1000w-300x216.jpg 300w, https:\/\/europeansnowsport.com\/wp-content\/uploads\/contact-sub-image-1000w-768x554.jpg 768w, https:\/\/europeansnowsport.com\/wp-content\/uploads\/contact-sub-image-1000w-500x361.jpg 500w, https:\/\/europeansnowsport.com\/wp-content\/uploads\/contact-sub-image-1000w-800x577.jpg 800w\" sizes=\"auto, (max-width: 1000px) 100vw, 1000px\" \/><\/figure>\n<\/div><\/div>\n\n\n\n<div class=\"wp-block-group contact-full\"><div class=\"wp-block-group__inner-container is-layout-constrained wp-block-group-is-layout-constrained\">\n<div class=\"wp-block-columns is-layout-flex wp-container-core-columns-is-layout-9d6595d7 wp-block-columns-is-layout-flex\">\n<div class=\"wp-block-column es-panel is-layout-flow wp-block-column-is-layout-flow\">\n<h2 class=\"wp-block-heading full-width\" id=\"h-contacto\">Contacto<\/h2>\n\n\n\n<div class=\"wp-block-contact-form-7-contact-form-selector\">\n<div class=\"wpcf7 no-js\" id=\"wpcf7-f23524-o1\" lang=\"es-ES\" dir=\"ltr\" data-wpcf7-id=\"23524\">\n<div class=\"screen-reader-response\"><p role=\"status\" aria-live=\"polite\" aria-atomic=\"true\"><\/p> <ul><\/ul><\/div>\n<form action=\"\/es\/wp-json\/wp\/v2\/pages\/22641#wpcf7-f23524-o1\" method=\"post\" class=\"wpcf7-form init\" aria-label=\"Formulario de contacto\" novalidate=\"novalidate\" data-status=\"init\">\n<fieldset class=\"hidden-fields-container\"><input type=\"hidden\" name=\"_wpcf7\" value=\"23524\" \/><input type=\"hidden\" name=\"_wpcf7_version\" value=\"6.1.4\" \/><input type=\"hidden\" name=\"_wpcf7_locale\" value=\"es_ES\" \/><input type=\"hidden\" name=\"_wpcf7_unit_tag\" value=\"wpcf7-f23524-o1\" \/><input type=\"hidden\" name=\"_wpcf7_container_post\" value=\"0\" \/><input type=\"hidden\" name=\"_wpcf7_posted_data_hash\" value=\"\" \/><input type=\"hidden\" name=\"_wpcf7_recaptcha_response\" value=\"\" \/>\n<\/fieldset>\n<div class=\"input-wrap narrow\">\n\t<p><label> Su nombre<br \/>\n<span class=\"wpcf7-form-control-wrap\" data-name=\"your-name\"><input size=\"40\" maxlength=\"400\" class=\"wpcf7-form-control wpcf7-text wpcf7-validates-as-required\" aria-required=\"true\" aria-invalid=\"false\" value=\"\" type=\"text\" name=\"your-name\" \/><\/span> <\/label>\n\t<\/p>\n<\/div>\n<div class=\"input-wrap narrow with-space\">\n\t<p><label> Su correo electr\u00f3nico<br \/>\n<span class=\"wpcf7-form-control-wrap\" data-name=\"your-email\"><input size=\"40\" maxlength=\"400\" class=\"wpcf7-form-control wpcf7-email wpcf7-validates-as-required wpcf7-text wpcf7-validates-as-email\" aria-required=\"true\" aria-invalid=\"false\" value=\"\" type=\"email\" name=\"your-email\" \/><\/span> <\/label>\n\t<\/p>\n<\/div>\n<div class=\"input-wrap narrow\">\n\t<p><label>\u00bfQu\u00e9 estaci\u00f3n?<br \/>\n<span class=\"wpcf7-form-control-wrap\" data-name=\"resort\"><select class=\"wpcf7-form-control wpcf7-select\" aria-invalid=\"false\" name=\"resort\"><option value=\"No estoy seguro o m\u00e1s de una\">No estoy seguro o m\u00e1s de una<\/option><option value=\"Verbier\">Verbier<\/option><option value=\"Zermatt\">Zermatt<\/option><option value=\"St Moritz\">St Moritz<\/option><option value=\"Chamonix\">Chamonix<\/option><option value=\"Nendaz\">Nendaz<\/option><option value=\"Val d\u2019Is\u00e8re\">Val d\u2019Is\u00e8re<\/option><option value=\"M\u00e9ribel, Courchevel, La Tania\">M\u00e9ribel, Courchevel, La Tania<\/option><\/select><\/span> <\/label>\n\t<\/p>\n<\/div>\n<div class=\"input-wrap full\">\n\t<p><label> Su mensaje<br \/>\n<span class=\"wpcf7-form-control-wrap\" data-name=\"your-message\"><textarea cols=\"40\" rows=\"10\" maxlength=\"2000\" class=\"wpcf7-form-control wpcf7-textarea\" aria-invalid=\"false\" name=\"your-message\"><\/textarea><\/span> <\/label>\n\t<\/p>\n<\/div>\n<p><input type=\"hidden\" name=\"gclid\" value=\"\" \/>\n<\/p>\n<p><input class=\"wpcf7-form-control wpcf7-submit has-spinner\" type=\"submit\" value=\"Enviar\" \/>\n<\/p><div class=\"wpcf7-response-output\" aria-hidden=\"true\"><\/div>\n<\/form>\n<\/div>\n<\/div>\n<\/div>\n\n\n\n<div class=\"wp-block-column es-panel es-panel-plain is-layout-flow wp-block-column-is-layout-flow\">\n<h2 class=\"wp-block-heading full-width\" id=\"h-llamada-o-correo-electronico\">Llamada o correo electr\u00f3nico<\/h2>\n\n\n\n<p>Estamos a su disposici\u00f3n para responder a sus preguntas y realizar reservas por correo electr\u00f3nico, tel\u00e9fono o chat de 08:00 a 19:00 todos los d\u00edas, y hasta las 21:00 los domingos.<\/p>\n\n\n\n<div class=\"wp-block-group contact-links\"><div class=\"wp-block-group__inner-container is-layout-constrained wp-block-group-is-layout-constrained\">\n<a href=\"tel:+41277716222\"><span class=\"material-symbols-outlined\">call<\/span><span class=\"phone-text\">+41 27 771 6222<\/span><\/a>\n\n\n\n<a href=\"mailto:info@europeansnowsport.com\"><span class=\"material-symbols-outlined\">mail<\/span><span class=\"call-text\">info@europeansnowsport.com<\/span><\/a>\n<\/div><\/div>\n\n\n\n<h2 class=\"wp-block-heading full-width\">Precios y condiciones<\/h2>\n\n\n\n<p>Nuestras&nbsp;<a href=\"https:\/\/europeansnowsport.com\/es\/terminos-y-condiciones\/\">condiciones<\/a>&nbsp;se aplican a todas las reservas.<\/p>\n\n\n\n<div class=\"wp-block-buttons price-lists is-content-justification-center is-layout-flex wp-container-core-buttons-is-layout-16018d1d wp-block-buttons-is-layout-flex\">\n<div class=\"wp-block-button\"><a class=\"wp-block-button__link wp-element-button\" href=\"\/wp-content\/uploads\/ES-Price-List-Verbier.pdf\">Precios de Verbier<\/a><\/div>\n\n\n\n<div class=\"wp-block-button\"><a class=\"wp-block-button__link wp-element-button\" href=\"\/wp-content\/uploads\/ES-Price-List-Zermatt.pdf\">Precios de Zermatt<\/a><\/div>\n\n\n\n<div class=\"wp-block-button\"><a class=\"wp-block-button__link wp-element-button\" href=\"\/wp-content\/uploads\/ES-Price-List-St-Moritz.pdf\">Precios de St Moritz<\/a><\/div>\n\n\n\n<div class=\"wp-block-button\"><a class=\"wp-block-button__link wp-element-button\" href=\"\/wp-content\/uploads\/ES-Price-List-Chamonix.pdf\">Precios de Chamonix<\/a><\/div>\n\n\n\n<div class=\"wp-block-button\"><a class=\"wp-block-button__link wp-element-button\" href=\"\/wp-content\/uploads\/ES-Price-List-Nendaz.pdf\">Precios de Nendaz<\/a><\/div>\n\n\n\n<div class=\"wp-block-button\"><a class=\"wp-block-button__link wp-element-button\" href=\"\/wp-content\/uploads\/ES-Price-List-Val-DIsere-Tignes.pdf\">Precios de Val d\u2019Is\u00e8re<\/a><\/div>\n\n\n\n<div class=\"wp-block-button\"><a class=\"wp-block-button__link wp-element-button\" href=\"https:\/\/europeansnowsport.com\/wp-content\/uploads\/ES-Price-List-3-Vallees.pdf\">Precios de 3 Vall\u00e9es<\/a><\/div>\n<\/div>\n<\/div>\n<\/div>\n<\/div><\/div>\n\n\n\n<div class=\"wp-block-group\"><div class=\"wp-block-group__inner-container is-layout-constrained wp-block-group-is-layout-constrained\">\n<div class=\"wp-block-columns is-layout-flex wp-container-core-columns-is-layout-9d6595d7 wp-block-columns-is-layout-flex\">\n<div class=\"wp-block-column is-layout-flow wp-block-column-is-layout-flow\">\n<h2 class=\"wp-block-heading full-width\" id=\"h-otras-opciones\">Otras opciones<\/h2>\n\n\n\n<p>Nos enorgullecemos de nuestro servicio de atenci\u00f3n excepcional, desde su primera consulta hasta la personalizaci\u00f3n de las clases de esqu\u00ed a sus necesidades. As\u00ed que le recomendamos que nos env\u00ede un correo electr\u00f3nico o nos llame por tel\u00e9fono. Si lo prefiere, tambi\u00e9n puede reservar en l\u00ednea:<\/p>\n\n\n\n<div class=\"wp-block-buttons is-content-justification-center is-layout-flex wp-container-core-buttons-is-layout-16018d1d wp-block-buttons-is-layout-flex\">\n<div class=\"wp-block-button\"><a class=\"wp-block-button__link wp-element-button\" href=\"https:\/\/esverbier.skischool.shop\/\">Reservar en Verbier<\/a><\/div>\n\n\n\n<div class=\"wp-block-button\"><a class=\"wp-block-button__link wp-element-button\" href=\"https:\/\/eszermatt.skischool.shop\/\">Reservar en Zermatt<\/a><\/div>\n\n\n\n<div class=\"wp-block-button\"><a class=\"wp-block-button__link wp-element-button\" href=\"https:\/\/esstmoritz.skischool.shop\/en\">Reservar en Sankt Moritz<\/a><\/div>\n<\/div>\n<\/div>\n\n\n\n<div class=\"wp-block-column is-layout-flow wp-block-column-is-layout-flow\">\n<figure class=\"wp-block-image size-full es-fancy-image top-spacing\"><img loading=\"lazy\" decoding=\"async\" width=\"1000\" height=\"643\" src=\"https:\/\/europeansnowsport.com\/wp-content\/uploads\/Erik-1000x643-1.jpg\" alt=\"\" class=\"wp-image-27345\" srcset=\"https:\/\/europeansnowsport.com\/wp-content\/uploads\/Erik-1000x643-1.jpg 1000w, https:\/\/europeansnowsport.com\/wp-content\/uploads\/Erik-1000x643-1-300x193.jpg 300w, https:\/\/europeansnowsport.com\/wp-content\/uploads\/Erik-1000x643-1-768x494.jpg 768w, https:\/\/europeansnowsport.com\/wp-content\/uploads\/Erik-1000x643-1-500x322.jpg 500w, https:\/\/europeansnowsport.com\/wp-content\/uploads\/Erik-1000x643-1-800x514.jpg 800w\" sizes=\"auto, (max-width: 1000px) 100vw, 1000px\" \/><\/figure>\n<\/div>\n<\/div>\n<\/div><\/div>\n","protected":false},"excerpt":{"rendered":"","protected":false},"author":32,"featured_media":23996,"parent":0,"menu_order":0,"comment_status":"closed","ping_status":"closed","template":"","meta":{"_genesis_hide_title":false,"_genesis_hide_breadcrumbs":false,"_genesis_hide_singular_image":false,"_genesis_hide_footer_widgets":false,"_genesis_custom_body_class":"","_genesis_custom_post_class":"","_genesis_layout":"","footnotes":""},"class_list":{"0":"post-22641","1":"page","2":"type-page","3":"status-publish","4":"has-post-thumbnail","6":"entry"},"yoast_head":"<!-- This site is optimized with the Yoast SEO Premium plugin v26.6 (Yoast SEO v26.6) - https:\/\/yoast.com\/wordpress\/plugins\/seo\/ -->\n<title>Contacto European Snowsport<\/title>\n<meta name=\"description\" content=\"Contacto European Snowsport Estaremos encantados de responder a sus preguntas sobre nuestras clases de esqu\u00ed en las principales estaciones suizas. Ll\u00e1menos al +41 27 771 6222.\" \/>\n<meta name=\"robots\" content=\"index, follow, max-snippet:-1, max-image-preview:large, max-video-preview:-1\" \/>\n<link rel=\"canonical\" href=\"https:\/\/europeansnowsport.com\/es\/contact\/\" \/>\n<meta property=\"og:locale\" content=\"es_ES\" \/>\n<meta property=\"og:type\" content=\"article\" \/>\n<meta property=\"og:title\" content=\"Contacto European Snowsport\" \/>\n<meta property=\"og:description\" content=\"Llamadas, peticiones, chat o reservas en l\u00ednea.\" \/>\n<meta property=\"og:url\" content=\"https:\/\/europeansnowsport.com\/es\/contact\/\" \/>\n<meta property=\"og:site_name\" content=\"European Snowsport\" \/>\n<meta property=\"article:publisher\" content=\"https:\/\/www.facebook.com\/verbierskischool\/\" \/>\n<meta property=\"article:modified_time\" content=\"2025-08-18T15:27:32+00:00\" \/>\n<meta property=\"og:image\" content=\"https:\/\/europeansnowsport.com\/wp-content\/uploads\/European-Snowsport-Facebook-default-image.jpg\" \/>\n\t<meta property=\"og:image:width\" content=\"1200\" \/>\n\t<meta property=\"og:image:height\" content=\"628\" \/>\n\t<meta property=\"og:image:type\" content=\"image\/jpeg\" \/>\n<meta name=\"twitter:card\" content=\"summary_large_image\" \/>\n<meta name=\"twitter:title\" content=\"Contacto European Snowsport\" \/>\n<meta name=\"twitter:description\" content=\"Llamadas, peticiones, chat o reservas en l\u00ednea.\" \/>\n<meta name=\"twitter:image\" content=\"https:\/\/europeansnowsport.com\/wp-content\/uploads\/European-Snowsport-Twitter-default-image.jpg\" \/>\n<meta name=\"twitter:site\" content=\"@ESSkiSchool\" \/>\n<meta name=\"twitter:label1\" content=\"Tiempo de lectura\" \/>\n\t<meta name=\"twitter:data1\" content=\"3 minutos\" \/>\n<script type=\"application\/ld+json\" class=\"yoast-schema-graph\">{\"@context\":\"https:\/\/schema.org\",\"@graph\":[{\"@type\":\"WebPage\",\"@id\":\"https:\/\/europeansnowsport.com\/es\/contact\/\",\"url\":\"https:\/\/europeansnowsport.com\/es\/contact\/\",\"name\":\"Contacto European Snowsport\",\"isPartOf\":{\"@id\":\"https:\/\/europeansnowsport.com\/es\/#website\"},\"primaryImageOfPage\":{\"@id\":\"https:\/\/europeansnowsport.com\/es\/contact\/#primaryimage\"},\"image\":{\"@id\":\"https:\/\/europeansnowsport.com\/es\/contact\/#primaryimage\"},\"thumbnailUrl\":\"https:\/\/europeansnowsport.com\/wp-content\/uploads\/European-Snowsport-Twitter-default-image.jpg\",\"datePublished\":\"2019-12-03T13:35:46+00:00\",\"dateModified\":\"2025-08-18T15:27:32+00:00\",\"description\":\"Contacto European Snowsport Estaremos encantados de responder a sus preguntas sobre nuestras clases de esqu\u00ed en las principales estaciones suizas. Ll\u00e1menos al +41 27 771 6222.\",\"breadcrumb\":{\"@id\":\"https:\/\/europeansnowsport.com\/es\/contact\/#breadcrumb\"},\"inLanguage\":\"es\",\"potentialAction\":[{\"@type\":\"ReadAction\",\"target\":[\"https:\/\/europeansnowsport.com\/es\/contact\/\"]}]},{\"@type\":\"ImageObject\",\"inLanguage\":\"es\",\"@id\":\"https:\/\/europeansnowsport.com\/es\/contact\/#primaryimage\",\"url\":\"https:\/\/europeansnowsport.com\/wp-content\/uploads\/European-Snowsport-Twitter-default-image.jpg\",\"contentUrl\":\"https:\/\/europeansnowsport.com\/wp-content\/uploads\/European-Snowsport-Twitter-default-image.jpg\",\"width\":1024,\"height\":512,\"caption\":\"European Snowsport ski instructors\"},{\"@type\":\"BreadcrumbList\",\"@id\":\"https:\/\/europeansnowsport.com\/es\/contact\/#breadcrumb\",\"itemListElement\":[{\"@type\":\"ListItem\",\"position\":1,\"name\":\"Home\",\"item\":\"https:\/\/europeansnowsport.com\/es\/\"},{\"@type\":\"ListItem\",\"position\":2,\"name\":\"Contacto European Snowsport\"}]},{\"@type\":\"WebSite\",\"@id\":\"https:\/\/europeansnowsport.com\/es\/#website\",\"url\":\"https:\/\/europeansnowsport.com\/es\/\",\"name\":\"European Snowsport\",\"description\":\"Outstanding, independent ski schools in Verbier, Zermatt, Nendaz, St Moritz and Chamonix\",\"publisher\":{\"@id\":\"https:\/\/europeansnowsport.com\/es\/#organization\"},\"potentialAction\":[{\"@type\":\"SearchAction\",\"target\":{\"@type\":\"EntryPoint\",\"urlTemplate\":\"https:\/\/europeansnowsport.com\/es\/?s={search_term_string}\"},\"query-input\":{\"@type\":\"PropertyValueSpecification\",\"valueRequired\":true,\"valueName\":\"search_term_string\"}}],\"inLanguage\":\"es\"},{\"@type\":[\"Organization\",\"Place\",\"LocalBusiness\"],\"@id\":\"https:\/\/europeansnowsport.com\/es\/#organization\",\"name\":\"European Snowsport\",\"url\":\"https:\/\/europeansnowsport.com\/es\/\",\"logo\":{\"@id\":\"https:\/\/europeansnowsport.com\/es\/contact\/#local-main-organization-logo\"},\"image\":{\"@id\":\"https:\/\/europeansnowsport.com\/es\/contact\/#local-main-organization-logo\"},\"sameAs\":[\"https:\/\/www.facebook.com\/verbierskischool\/\",\"https:\/\/x.com\/ESSkiSchool\",\"https:\/\/www.instagram.com\/europeansnowsport\/\",\"https:\/\/www.linkedin.com\/company\/european-snowsport-ski-and-snowboard-school\",\"https:\/\/www.pinterest.ch\/SkiSchool\/\",\"https:\/\/www.youtube.com\/channel\/UCRNrr3rTgbMt8SeKpS673lQ\"],\"address\":{\"@id\":\"https:\/\/europeansnowsport.com\/es\/contact\/#local-main-place-address\"},\"geo\":{\"@type\":\"GeoCoordinates\",\"latitude\":\"46.092474\",\"longitude\":\"7.233592\"},\"telephone\":[\"+41 27 771 6222\"],\"openingHoursSpecification\":[{\"@type\":\"OpeningHoursSpecification\",\"dayOfWeek\":[\"Monday\",\"Tuesday\",\"Wednesday\",\"Thursday\",\"Friday\",\"Saturday\"],\"opens\":\"08:00\",\"closes\":\"19:00\"},{\"@type\":\"OpeningHoursSpecification\",\"dayOfWeek\":[\"Sunday\"],\"opens\":\"08:00\",\"closes\":\"21:00\"}],\"email\":\"info@europeansnowsport.com\",\"faxNumber\":\"+41277716221\",\"priceRange\":\"CHF-CHF\"},{\"@type\":\"PostalAddress\",\"@id\":\"https:\/\/europeansnowsport.com\/es\/contact\/#local-main-place-address\",\"streetAddress\":\"European Snowsport, Rue de M\u00e9dran\",\"addressLocality\":\"Bagnes\",\"postalCode\":\"1936\",\"addressCountry\":\"CH\"},{\"@type\":\"ImageObject\",\"inLanguage\":\"es\",\"@id\":\"https:\/\/europeansnowsport.com\/es\/contact\/#local-main-organization-logo\",\"url\":\"https:\/\/europeansnowsport.com\/wp-content\/uploads\/ESlogo400-1.jpg\",\"contentUrl\":\"https:\/\/europeansnowsport.com\/wp-content\/uploads\/ESlogo400-1.jpg\",\"width\":400,\"height\":400,\"caption\":\"European Snowsport\"}]}<\/script>\n<meta name=\"geo.placename\" content=\"Bagnes\" \/>\n<meta name=\"geo.position\" content=\"46.092474;7.233592\" \/>\n<meta name=\"geo.region\" content=\"Suiza\" \/>\n<!-- \/ Yoast SEO Premium plugin. -->","yoast_head_json":{"title":"Contacto European Snowsport","description":"Contacto European Snowsport Estaremos encantados de responder a sus preguntas sobre nuestras clases de esqu\u00ed en las principales estaciones suizas. Ll\u00e1menos al +41 27 771 6222.","robots":{"index":"index","follow":"follow","max-snippet":"max-snippet:-1","max-image-preview":"max-image-preview:large","max-video-preview":"max-video-preview:-1"},"canonical":"https:\/\/europeansnowsport.com\/es\/contact\/","og_locale":"es_ES","og_type":"article","og_title":"Contacto European Snowsport","og_description":"Llamadas, peticiones, chat o reservas en l\u00ednea.","og_url":"https:\/\/europeansnowsport.com\/es\/contact\/","og_site_name":"European Snowsport","article_publisher":"https:\/\/www.facebook.com\/verbierskischool\/","article_modified_time":"2025-08-18T15:27:32+00:00","og_image":[{"width":1200,"height":628,"url":"https:\/\/europeansnowsport.com\/wp-content\/uploads\/European-Snowsport-Facebook-default-image.jpg","type":"image\/jpeg"}],"twitter_card":"summary_large_image","twitter_title":"Contacto European Snowsport","twitter_description":"Llamadas, peticiones, chat o reservas en l\u00ednea.","twitter_image":"https:\/\/europeansnowsport.com\/wp-content\/uploads\/European-Snowsport-Twitter-default-image.jpg","twitter_site":"@ESSkiSchool","twitter_misc":{"Tiempo de lectura":"3 minutos"},"schema":{"@context":"https:\/\/schema.org","@graph":[{"@type":"WebPage","@id":"https:\/\/europeansnowsport.com\/es\/contact\/","url":"https:\/\/europeansnowsport.com\/es\/contact\/","name":"Contacto European Snowsport","isPartOf":{"@id":"https:\/\/europeansnowsport.com\/es\/#website"},"primaryImageOfPage":{"@id":"https:\/\/europeansnowsport.com\/es\/contact\/#primaryimage"},"image":{"@id":"https:\/\/europeansnowsport.com\/es\/contact\/#primaryimage"},"thumbnailUrl":"https:\/\/europeansnowsport.com\/wp-content\/uploads\/European-Snowsport-Twitter-default-image.jpg","datePublished":"2019-12-03T13:35:46+00:00","dateModified":"2025-08-18T15:27:32+00:00","description":"Contacto European Snowsport Estaremos encantados de responder a sus preguntas sobre nuestras clases de esqu\u00ed en las principales estaciones suizas. Ll\u00e1menos al +41 27 771 6222.","breadcrumb":{"@id":"https:\/\/europeansnowsport.com\/es\/contact\/#breadcrumb"},"inLanguage":"es","potentialAction":[{"@type":"ReadAction","target":["https:\/\/europeansnowsport.com\/es\/contact\/"]}]},{"@type":"ImageObject","inLanguage":"es","@id":"https:\/\/europeansnowsport.com\/es\/contact\/#primaryimage","url":"https:\/\/europeansnowsport.com\/wp-content\/uploads\/European-Snowsport-Twitter-default-image.jpg","contentUrl":"https:\/\/europeansnowsport.com\/wp-content\/uploads\/European-Snowsport-Twitter-default-image.jpg","width":1024,"height":512,"caption":"European Snowsport ski instructors"},{"@type":"BreadcrumbList","@id":"https:\/\/europeansnowsport.com\/es\/contact\/#breadcrumb","itemListElement":[{"@type":"ListItem","position":1,"name":"Home","item":"https:\/\/europeansnowsport.com\/es\/"},{"@type":"ListItem","position":2,"name":"Contacto European Snowsport"}]},{"@type":"WebSite","@id":"https:\/\/europeansnowsport.com\/es\/#website","url":"https:\/\/europeansnowsport.com\/es\/","name":"European Snowsport","description":"Outstanding, independent ski schools in Verbier, Zermatt, Nendaz, St Moritz and Chamonix","publisher":{"@id":"https:\/\/europeansnowsport.com\/es\/#organization"},"potentialAction":[{"@type":"SearchAction","target":{"@type":"EntryPoint","urlTemplate":"https:\/\/europeansnowsport.com\/es\/?s={search_term_string}"},"query-input":{"@type":"PropertyValueSpecification","valueRequired":true,"valueName":"search_term_string"}}],"inLanguage":"es"},{"@type":["Organization","Place","LocalBusiness"],"@id":"https:\/\/europeansnowsport.com\/es\/#organization","name":"European Snowsport","url":"https:\/\/europeansnowsport.com\/es\/","logo":{"@id":"https:\/\/europeansnowsport.com\/es\/contact\/#local-main-organization-logo"},"image":{"@id":"https:\/\/europeansnowsport.com\/es\/contact\/#local-main-organization-logo"},"sameAs":["https:\/\/www.facebook.com\/verbierskischool\/","https:\/\/x.com\/ESSkiSchool","https:\/\/www.instagram.com\/europeansnowsport\/","https:\/\/www.linkedin.com\/company\/european-snowsport-ski-and-snowboard-school","https:\/\/www.pinterest.ch\/SkiSchool\/","https:\/\/www.youtube.com\/channel\/UCRNrr3rTgbMt8SeKpS673lQ"],"address":{"@id":"https:\/\/europeansnowsport.com\/es\/contact\/#local-main-place-address"},"geo":{"@type":"GeoCoordinates","latitude":"46.092474","longitude":"7.233592"},"telephone":["+41 27 771 6222"],"openingHoursSpecification":[{"@type":"OpeningHoursSpecification","dayOfWeek":["Monday","Tuesday","Wednesday","Thursday","Friday","Saturday"],"opens":"08:00","closes":"19:00"},{"@type":"OpeningHoursSpecification","dayOfWeek":["Sunday"],"opens":"08:00","closes":"21:00"}],"email":"info@europeansnowsport.com","faxNumber":"+41277716221","priceRange":"CHF-CHF"},{"@type":"PostalAddress","@id":"https:\/\/europeansnowsport.com\/es\/contact\/#local-main-place-address","streetAddress":"European Snowsport, Rue de M\u00e9dran","addressLocality":"Bagnes","postalCode":"1936","addressCountry":"CH"},{"@type":"ImageObject","inLanguage":"es","@id":"https:\/\/europeansnowsport.com\/es\/contact\/#local-main-organization-logo","url":"https:\/\/europeansnowsport.com\/wp-content\/uploads\/ESlogo400-1.jpg","contentUrl":"https:\/\/europeansnowsport.com\/wp-content\/uploads\/ESlogo400-1.jpg","width":400,"height":400,"caption":"European Snowsport"}]},"geo.placename":"Bagnes","geo.position":{"lat":"46.092474","long":"7.233592"},"geo.region":"Suiza"},"featured_image_src":"https:\/\/europeansnowsport.com\/wp-content\/uploads\/European-Snowsport-Twitter-default-image.jpg","featured_image_src_square":"https:\/\/europeansnowsport.com\/wp-content\/uploads\/European-Snowsport-Twitter-default-image.jpg","_links":{"self":[{"href":"https:\/\/europeansnowsport.com\/es\/wp-json\/wp\/v2\/pages\/22641","targetHints":{"allow":["GET"]}}],"collection":[{"href":"https:\/\/europeansnowsport.com\/es\/wp-json\/wp\/v2\/pages"}],"about":[{"href":"https:\/\/europeansnowsport.com\/es\/wp-json\/wp\/v2\/types\/page"}],"author":[{"embeddable":true,"href":"https:\/\/europeansnowsport.com\/es\/wp-json\/wp\/v2\/users\/32"}],"replies":[{"embeddable":true,"href":"https:\/\/europeansnowsport.com\/es\/wp-json\/wp\/v2\/comments?post=22641"}],"version-history":[{"count":0,"href":"https:\/\/europeansnowsport.com\/es\/wp-json\/wp\/v2\/pages\/22641\/revisions"}],"wp:featuredmedia":[{"embeddable":true,"href":"https:\/\/europeansnowsport.com\/es\/wp-json\/wp\/v2\/media\/23996"}],"wp:attachment":[{"href":"https:\/\/europeansnowsport.com\/es\/wp-json\/wp\/v2\/media?parent=22641"}],"curies":[{"name":"wp","href":"https:\/\/api.w.org\/{rel}","templated":true}]}}