{"id":28933,"date":"2017-10-05T01:20:26","date_gmt":"2017-10-04T23:20:26","guid":{"rendered":"https:\/\/europeansnowsport.com\/about-es\/"},"modified":"2023-09-21T14:01:28","modified_gmt":"2023-09-21T12:01:28","slug":"warum-es","status":"publish","type":"page","link":"https:\/\/europeansnowsport.com\/de\/warum-es\/","title":{"rendered":"Warum European Snowsport"},"content":{"rendered":"\n<div class=\"wp-block-cover alignfull is-light page-title-area wp-duotone-unset-1\" style=\"min-height:695px;aspect-ratio:unset;\"><span aria-hidden=\"true\" class=\"wp-block-cover__background has-background-dim-20 has-background-dim\"><\/span><img loading=\"lazy\" decoding=\"async\" width=\"2000\" height=\"1000\" class=\"wp-block-cover__image-background wp-image-27482\" alt=\"\" src=\"https:\/\/europeansnowsport.com\/wp-content\/uploads\/ski-instructors-2000w.jpg\" style=\"object-position:49% 51%\" data-object-fit=\"cover\" data-object-position=\"49% 51%\" srcset=\"https:\/\/europeansnowsport.com\/wp-content\/uploads\/ski-instructors-2000w.jpg 2000w, https:\/\/europeansnowsport.com\/wp-content\/uploads\/ski-instructors-2000w-300x150.jpg 300w, https:\/\/europeansnowsport.com\/wp-content\/uploads\/ski-instructors-2000w-1024x512.jpg 1024w, https:\/\/europeansnowsport.com\/wp-content\/uploads\/ski-instructors-2000w-768x384.jpg 768w, https:\/\/europeansnowsport.com\/wp-content\/uploads\/ski-instructors-2000w-1536x768.jpg 1536w, https:\/\/europeansnowsport.com\/wp-content\/uploads\/ski-instructors-2000w-500x250.jpg 500w, https:\/\/europeansnowsport.com\/wp-content\/uploads\/ski-instructors-2000w-800x400.jpg 800w, https:\/\/europeansnowsport.com\/wp-content\/uploads\/ski-instructors-2000w-1280x640.jpg 1280w, https:\/\/europeansnowsport.com\/wp-content\/uploads\/ski-instructors-2000w-1920x960.jpg 1920w\" sizes=\"auto, (max-width: 2000px) 100vw, 2000px\" \/><div class=\"wp-block-cover__inner-container is-layout-flow wp-block-cover-is-layout-flow\">\n<h1 class=\"wp-block-heading has-text-align-left has-large-font-size\" id=\"h-warum-european-snowsport\">Warum European Snowsport<\/h1>\n\n\n\n<div class=\"wp-block-buttons is-layout-flex wp-block-buttons-is-layout-flex\">\n<div class=\"wp-block-button\"><a class=\"wp-block-button__link wp-element-button\" href=\"https:\/\/europeansnowsport.com\/de\/skiorte\/\">Skiorte<\/a><\/div>\n\n\n\n<div class=\"wp-block-button ghost-button-light\"><a class=\"wp-block-button__link wp-element-button\" href=\"https:\/\/europeansnowsport.com\/de\/kontakt\/\">Kontaktieren Sie uns<\/a><\/div>\n<\/div>\n<\/div><\/div>\n\n\n\n<div class=\"wp-block-group alignfull something-different-container underlying\"><div class=\"wp-block-group__inner-container is-layout-constrained wp-block-group-is-layout-constrained\">\n<h2 class=\"wp-block-heading\">Warum European Snowsport&#8230;<\/h2>\n\n\n\n<div class=\"wp-block-columns something-different first-row is-layout-flex wp-container-core-columns-is-layout-9d6595d7 wp-block-columns-is-layout-flex\">\n<div class=\"wp-block-column es-panel is-layout-flow wp-block-column-is-layout-flow\" style=\"flex-basis:50%\">\n<div class=\"wp-block-columns is-layout-flex wp-container-core-columns-is-layout-9d6595d7 wp-block-columns-is-layout-flex\">\n<div class=\"wp-block-column is-layout-flow wp-block-column-is-layout-flow\" style=\"flex-basis:28%\">\n<figure class=\"wp-block-image size-full\"><img loading=\"lazy\" decoding=\"async\" width=\"500\" height=\"500\" src=\"https:\/\/europeansnowsport.com\/wp-content\/uploads\/Chloe-ski-instructor-carving-500w.jpg\" alt=\"\" class=\"wp-image-27520\" srcset=\"https:\/\/europeansnowsport.com\/wp-content\/uploads\/Chloe-ski-instructor-carving-500w.jpg 500w, https:\/\/europeansnowsport.com\/wp-content\/uploads\/Chloe-ski-instructor-carving-500w-300x300.jpg 300w, https:\/\/europeansnowsport.com\/wp-content\/uploads\/Chloe-ski-instructor-carving-500w-150x150.jpg 150w, https:\/\/europeansnowsport.com\/wp-content\/uploads\/Chloe-ski-instructor-carving-500w-75x75.jpg 75w\" sizes=\"auto, (max-width: 500px) 100vw, 500px\" \/><\/figure>\n<\/div>\n\n\n\n<div class=\"wp-block-column is-layout-flow wp-block-column-is-layout-flow\" style=\"flex-basis:72%\">\n<h3 class=\"wp-block-heading\"><strong>Sicher. Erfahren. Qualifiziert.<\/strong><\/h3>\n\n\n\n<p>Zugegeben: Wer Selbstvertrauen hat und gut Ski f\u00e4hrt, kann sein Wissen an andere weitergeben, und die Auswahl an Skischulen mit guten Skilehrern\/innen ist gross. Bei ES sind alle unsere Instruktoren\/innen ausgezeichnete Skifahrer und Snowboarder, das ist selbstverst\u00e4ndlich. Aber es sind die feineren Details, die uns zu einer Top-Skischule machen. &nbsp;<\/p>\n\n\n\n<p>Deine Sicherheit ist unsere erste Priorit\u00e4t, deshalb stellen wir nur Instruktoren\/innen an, von denen wir \u00fcberzeugt sind, dass sie die besten sind und \u00fcber die richtige Qualifikation und Erfahrung verf\u00fcgen.&nbsp; Alle unsere Instruktoren\/innen sprechen sehr gut Englisch, und eine gute berufliche Ausbildung heisst, dass sie sowohl die Theorie als auch die Praxis auf den Pisten beherrschen. Und sobald sie zu unserem Team geh\u00f6ren, werden sie dank unserem internen Trainingsprogramm kontinuierlich geschult, damit sie auch weiterhin zu den Besten geh\u00f6ren.<\/p>\n<\/div>\n<\/div>\n<\/div>\n\n\n\n<div class=\"wp-block-column es-panel is-layout-flow wp-block-column-is-layout-flow\" style=\"flex-basis:50%\">\n<div class=\"wp-block-columns is-layout-flex wp-container-core-columns-is-layout-9d6595d7 wp-block-columns-is-layout-flex\">\n<div class=\"wp-block-column is-layout-flow wp-block-column-is-layout-flow\" style=\"flex-basis:28%\">\n<figure class=\"wp-block-image size-full\"><img loading=\"lazy\" decoding=\"async\" width=\"500\" height=\"500\" src=\"https:\/\/europeansnowsport.com\/wp-content\/uploads\/Two-ski-instructors-500w.jpg\" alt=\"\" class=\"wp-image-27544\" srcset=\"https:\/\/europeansnowsport.com\/wp-content\/uploads\/Two-ski-instructors-500w.jpg 500w, https:\/\/europeansnowsport.com\/wp-content\/uploads\/Two-ski-instructors-500w-300x300.jpg 300w, https:\/\/europeansnowsport.com\/wp-content\/uploads\/Two-ski-instructors-500w-150x150.jpg 150w, https:\/\/europeansnowsport.com\/wp-content\/uploads\/Two-ski-instructors-500w-75x75.jpg 75w\" sizes=\"auto, (max-width: 500px) 100vw, 500px\" \/><\/figure>\n<\/div>\n\n\n\n<div class=\"wp-block-column is-layout-flow wp-block-column-is-layout-flow\" style=\"flex-basis:72%\">\n<h3 class=\"wp-block-heading\"><strong>F\u00f6rderung. Unterst\u00fctzung. Spass.<\/strong><\/h3>\n\n\n\n<p>Unsere Instruktoren\/innen helfen dir nicht nur, deine Technik zu verbessern. Sie unterst\u00fctzen dich dabei, dein Selbstvertrauen aufzubauen, deine Haltung zu perfektionieren oder die richtigen Skischuhe zu finden, um mehr Fortschritte zu machen. Jede Person lernt auf eine andere Weise, und unsere Lehrer\/innen sind spezialisiert darauf, ihren Lernstil deinen Bed\u00fcrfnissen anzupassen.<\/p>\n\n\n\n<p>Dein Fortschritt und dein Erlebnis im Schnee stehen im Mittelpunkt, und wir richten uns ganz nach dir. Vom Anf\u00e4nger \u00fcber Fortgeschrittene bis zum Profi, bei ES wirst du dein Potential aussch\u00f6pfen und sicher und zuversichtlich deine Ski- und Snowboardtechnik verfeinern. Oh, und dabei wirst du auch so richtig Spass haben. Denn wir glauben, dass du mit Spass deine besten Lernerfolge hast!<\/p>\n<\/div>\n<\/div>\n<\/div>\n<\/div>\n\n\n\n<div class=\"wp-block-columns something-different second-row is-layout-flex wp-container-core-columns-is-layout-9d6595d7 wp-block-columns-is-layout-flex\">\n<div class=\"wp-block-column es-panel is-layout-flow wp-block-column-is-layout-flow\" style=\"flex-basis:50%\">\n<div class=\"wp-block-columns is-layout-flex wp-container-core-columns-is-layout-9d6595d7 wp-block-columns-is-layout-flex\">\n<div class=\"wp-block-column is-layout-flow wp-block-column-is-layout-flow\" style=\"flex-basis:28%\">\n<figure class=\"wp-block-image size-full\"><img loading=\"lazy\" decoding=\"async\" width=\"500\" height=\"500\" src=\"https:\/\/europeansnowsport.com\/wp-content\/uploads\/televerbier-le-chable-gondola-cropped-500w.jpg\" alt=\"\" class=\"wp-image-27528\" srcset=\"https:\/\/europeansnowsport.com\/wp-content\/uploads\/televerbier-le-chable-gondola-cropped-500w.jpg 500w, https:\/\/europeansnowsport.com\/wp-content\/uploads\/televerbier-le-chable-gondola-cropped-500w-300x300.jpg 300w, https:\/\/europeansnowsport.com\/wp-content\/uploads\/televerbier-le-chable-gondola-cropped-500w-150x150.jpg 150w, https:\/\/europeansnowsport.com\/wp-content\/uploads\/televerbier-le-chable-gondola-cropped-500w-75x75.jpg 75w\" sizes=\"auto, (max-width: 500px) 100vw, 500px\" \/><\/figure>\n<\/div>\n\n\n\n<div class=\"wp-block-column is-layout-flow wp-block-column-is-layout-flow\" style=\"flex-basis:72%\">\n<h3 class=\"wp-block-heading\"><strong>Reibungslos. Ohne Stress. Flexibel.<\/strong><\/h3>\n\n\n\n<p>Wir bieten den besten Skiunterricht f\u00fcr dich, will heissen: wir m\u00f6chten, dass du rundum eine erstklassiges Skierlebnis hast. Dazu geh\u00f6rt zum Beispiel ein Mittagessen auf der Sonnenterrasse mit traumhaftem Panorama nach einem anspruchsvollen Morgen auf der Piste.<\/p>\n\n\n\n<p>Langes Anstehen an den Liften, \u00fcberf\u00fcllte Pisten und lange Wartezeiten im Restaurant k\u00f6nnen \u00e4rgerlich sein. Ein Wink mit dem Zauberstab gen\u00fcgt, und wir planen deine Zeit auf und neben der Piste optimal, damit dein Tag so reibungslos wie m\u00f6glich abl\u00e4uft. &nbsp;<\/p>\n\n\n\n<p>ES geniesst den Ruf, flexibel zu sein, deshalb kannst du deine Freunde und Familie ohne zus\u00e4tzliche Kosten zu deiner Privatlektion hinzuf\u00fcgen. Dein\/e Instruktor\/in wird den Ablauf der Lektionen so planen, dass sie f\u00fcr alle Beteiligten in den Zeitplan passt. Das heisst, ihr k\u00f6nnt frei w\u00e4hlen, wann und wo eure Lektion beginnen soll. Bei gr\u00f6sseren Gruppen und Buchungen wird euch eine Hauptkontaktperson zugeteilt, welche die Koordinierung aller Lektionen \u00fcbernimmt.<\/p>\n<\/div>\n<\/div>\n<\/div>\n\n\n\n<div class=\"wp-block-column es-panel is-layout-flow wp-block-column-is-layout-flow\" style=\"flex-basis:50%\">\n<div class=\"wp-block-columns is-layout-flex wp-container-core-columns-is-layout-9d6595d7 wp-block-columns-is-layout-flex\">\n<div class=\"wp-block-column is-layout-flow wp-block-column-is-layout-flow\" style=\"flex-basis:28%\">\n<figure class=\"wp-block-image size-full\"><img loading=\"lazy\" decoding=\"async\" width=\"500\" height=\"500\" src=\"https:\/\/europeansnowsport.com\/wp-content\/uploads\/two-children-skiers-500w.jpg\" alt=\"\" class=\"wp-image-27536\" srcset=\"https:\/\/europeansnowsport.com\/wp-content\/uploads\/two-children-skiers-500w.jpg 500w, https:\/\/europeansnowsport.com\/wp-content\/uploads\/two-children-skiers-500w-300x300.jpg 300w, https:\/\/europeansnowsport.com\/wp-content\/uploads\/two-children-skiers-500w-150x150.jpg 150w, https:\/\/europeansnowsport.com\/wp-content\/uploads\/two-children-skiers-500w-75x75.jpg 75w\" sizes=\"auto, (max-width: 500px) 100vw, 500px\" \/><\/figure>\n<\/div>\n\n\n\n<div class=\"wp-block-column is-layout-flow wp-block-column-is-layout-flow\" style=\"flex-basis:72%\">\n<h3 class=\"wp-block-heading\"><strong>F\u00fcr Kids von Klein bis Gross. <\/strong><\/h3>\n\n\n\n<p>Gl\u00fcckliche Kinder \u2013 gl\u00fccklicher Urlaub! Damit ihr als Eltern auch im Urlaub so richtig entspannen k\u00f6nnt, \u00fcbernehmen wir die Aufgabe, den Skitag f\u00fcr eure Kleinen, Jungs, M\u00e4dels und Teenager sicher und unterhaltsam zu gestalten.<\/p>\n\n\n\n<p>Buche deinen Skikurs f\u00fcr Kids von 3 bis 17 Jahre bei uns und wir finden das beste Level und die beste Gruppe f\u00fcr alle, sei es bei den ES Penguins, in der ES Kids Academy oder im ES Freeski-Team.<\/p>\n\n\n\n<p>Mit dem Schwerpunkt auf Fortschritt erzielen unsere Kids-Lektionen gute Resultate, wenn es darum geht, die Technik zu verbessern und schlechte Angewohnheiten zu vergessen. Wir heissen Kinder von allen Niveaus willkommen, vom kompletten Anf\u00e4nger zur jungen Rennfahrerin. Egal, welche F\u00e4higkeiten sie mitbringen \u2013 wir sind spezialisiert darauf, ihre individuellen Bed\u00fcrfnisse zu erkennen. Unsere Instruktoren\/innen sind wirklich nett und sympathisch, mit viel Einf\u00fchlungsverm\u00f6gen und einer guten Portion Humor.&nbsp; &nbsp; Ihre Kinder sind bei uns gut aufgehoben und werden im Handumdrehen zu Gipfelst\u00fcrmern!&nbsp;<\/p>\n\n\n\n<p> &nbsp;<\/p>\n<\/div>\n<\/div>\n<\/div>\n<\/div>\n\n\n\n<div class=\"wp-block-buttons big-buttons is-layout-flex wp-block-buttons-is-layout-flex\">\n<div class=\"wp-block-button\"><a class=\"wp-block-button__link wp-element-button\" href=\"https:\/\/europeansnowsport.com\/de\/lernen-sie-das-team-kennen\/\">Lernen Sie das Team kennen<\/a><\/div>\n\n\n\n<div class=\"wp-block-button\"><a class=\"wp-block-button__link wp-element-button\" href=\"https:\/\/europeansnowsport.com\/de\/skistunden\/\">Skistunden<\/a><\/div>\n\n\n\n<div class=\"wp-block-button\"><a class=\"wp-block-button__link wp-element-button\" href=\"https:\/\/europeansnowsport.com\/de\/kontakt\/\">Kontaktieren Sie uns<\/a><\/div>\n<\/div>\n<\/div><\/div>\n\n\n\n<p><a id=\"_msocom_2\"><\/a><\/p>\n","protected":false},"excerpt":{"rendered":"<p>Warum European Snowsport&#8230; Sicher. Erfahren. Qualifiziert. Zugegeben: Wer Selbstvertrauen hat und gut Ski f\u00e4hrt, kann sein Wissen an andere weitergeben, und die Auswahl an Skischulen mit guten Skilehrern\/innen ist gross. Bei ES sind alle unsere Instruktoren\/innen ausgezeichnete Skifahrer und Snowboarder, das ist selbstverst\u00e4ndlich. Aber es sind die feineren Details, die uns zu einer Top-Skischule machen. [&hellip;]<\/p>\n","protected":false},"author":2,"featured_media":28934,"parent":0,"menu_order":0,"comment_status":"closed","ping_status":"closed","template":"","meta":{"_genesis_hide_title":false,"_genesis_hide_breadcrumbs":false,"_genesis_hide_singular_image":false,"_genesis_hide_footer_widgets":false,"_genesis_custom_body_class":"","_genesis_custom_post_class":"","_genesis_layout":"","footnotes":""},"class_list":{"0":"post-28933","1":"page","2":"type-page","3":"status-publish","4":"has-post-thumbnail","6":"entry"},"yoast_head":"<!-- This site is optimized with the Yoast SEO Premium plugin v27.5 (Yoast SEO v27.5) - https:\/\/yoast.com\/product\/yoast-seo-premium-wordpress\/ -->\n<title>About European Snowsport<\/title>\n<meta name=\"description\" content=\"The ES Story, How we came to develop the premier ski school in Verbier, Zermatt, Chamonix , Nendaz and St Moritz. European Snowsort was founded in 2003.\" \/>\n<meta name=\"robots\" content=\"index, follow, max-snippet:-1, max-image-preview:large, max-video-preview:-1\" \/>\n<link rel=\"canonical\" href=\"https:\/\/europeansnowsport.com\/de\/warum-es\/\" \/>\n<meta property=\"og:locale\" content=\"de_DE\" \/>\n<meta property=\"og:type\" content=\"article\" \/>\n<meta property=\"og:title\" content=\"Warum European Snowsport\" \/>\n<meta property=\"og:description\" content=\"The ES Story, How we came to develop the premier ski school in Verbier, Zermatt, Chamonix , Nendaz and St Moritz. European Snowsort was founded in 2003.\" \/>\n<meta property=\"og:url\" content=\"https:\/\/europeansnowsport.com\/de\/warum-es\/\" \/>\n<meta property=\"og:site_name\" content=\"European Snowsport\" \/>\n<meta property=\"article:publisher\" content=\"https:\/\/www.facebook.com\/verbierskischool\/\" \/>\n<meta property=\"article:modified_time\" content=\"2023-09-21T12:01:28+00:00\" \/>\n<meta property=\"og:image\" content=\"https:\/\/europeansnowsport.com\/wp-content\/uploads\/Untitled-design.jpg\" \/>\n\t<meta property=\"og:image:width\" content=\"800\" \/>\n\t<meta property=\"og:image:height\" content=\"600\" \/>\n\t<meta property=\"og:image:type\" content=\"image\/jpeg\" \/>\n<meta name=\"twitter:card\" content=\"summary_large_image\" \/>\n<meta name=\"twitter:site\" content=\"@ESSkiSchool\" \/>\n<meta name=\"twitter:label1\" content=\"Gesch\u00e4tzte Lesezeit\" \/>\n\t<meta name=\"twitter:data1\" content=\"4 Minuten\" \/>\n<script type=\"application\/ld+json\" class=\"yoast-schema-graph\">{\"@context\":\"https:\\\/\\\/schema.org\",\"@graph\":[{\"@type\":\"WebPage\",\"@id\":\"https:\\\/\\\/europeansnowsport.com\\\/de\\\/warum-es\\\/\",\"url\":\"https:\\\/\\\/europeansnowsport.com\\\/de\\\/warum-es\\\/\",\"name\":\"About European Snowsport\",\"isPartOf\":{\"@id\":\"https:\\\/\\\/europeansnowsport.com\\\/de\\\/#website\"},\"primaryImageOfPage\":{\"@id\":\"https:\\\/\\\/europeansnowsport.com\\\/de\\\/warum-es\\\/#primaryimage\"},\"image\":{\"@id\":\"https:\\\/\\\/europeansnowsport.com\\\/de\\\/warum-es\\\/#primaryimage\"},\"thumbnailUrl\":\"https:\\\/\\\/europeansnowsport.com\\\/wp-content\\\/uploads\\\/15995_563161793698277_1439927204_n-blackwhite.jpg\",\"datePublished\":\"2017-10-04T23:20:26+00:00\",\"dateModified\":\"2023-09-21T12:01:28+00:00\",\"description\":\"The ES Story, How we came to develop the premier ski school in Verbier, Zermatt, Chamonix , Nendaz and St Moritz. European Snowsort was founded in 2003.\",\"breadcrumb\":{\"@id\":\"https:\\\/\\\/europeansnowsport.com\\\/de\\\/warum-es\\\/#breadcrumb\"},\"inLanguage\":\"de-DE\",\"potentialAction\":[{\"@type\":\"ReadAction\",\"target\":[\"https:\\\/\\\/europeansnowsport.com\\\/de\\\/warum-es\\\/\"]}]},{\"@type\":\"ImageObject\",\"inLanguage\":\"de-DE\",\"@id\":\"https:\\\/\\\/europeansnowsport.com\\\/de\\\/warum-es\\\/#primaryimage\",\"url\":\"https:\\\/\\\/europeansnowsport.com\\\/wp-content\\\/uploads\\\/15995_563161793698277_1439927204_n-blackwhite.jpg\",\"contentUrl\":\"https:\\\/\\\/europeansnowsport.com\\\/wp-content\\\/uploads\\\/15995_563161793698277_1439927204_n-blackwhite.jpg\",\"width\":960,\"height\":720},{\"@type\":\"BreadcrumbList\",\"@id\":\"https:\\\/\\\/europeansnowsport.com\\\/de\\\/warum-es\\\/#breadcrumb\",\"itemListElement\":[{\"@type\":\"ListItem\",\"position\":1,\"name\":\"Home\",\"item\":\"https:\\\/\\\/europeansnowsport.com\\\/de\\\/\"},{\"@type\":\"ListItem\",\"position\":2,\"name\":\"Warum European Snowsport\"}]},{\"@type\":\"WebSite\",\"@id\":\"https:\\\/\\\/europeansnowsport.com\\\/de\\\/#website\",\"url\":\"https:\\\/\\\/europeansnowsport.com\\\/de\\\/\",\"name\":\"European Snowsport\",\"description\":\"Outstanding, independent ski schools in Verbier, Zermatt, Nendaz, St Moritz and Chamonix\",\"publisher\":{\"@id\":\"https:\\\/\\\/europeansnowsport.com\\\/de\\\/#organization\"},\"potentialAction\":[{\"@type\":\"SearchAction\",\"target\":{\"@type\":\"EntryPoint\",\"urlTemplate\":\"https:\\\/\\\/europeansnowsport.com\\\/de\\\/?s={search_term_string}\"},\"query-input\":{\"@type\":\"PropertyValueSpecification\",\"valueRequired\":true,\"valueName\":\"search_term_string\"}}],\"inLanguage\":\"de-DE\"},{\"@type\":[\"Organization\",\"Place\",\"LocalBusiness\"],\"@id\":\"https:\\\/\\\/europeansnowsport.com\\\/de\\\/#organization\",\"name\":\"European Snowsport\",\"url\":\"https:\\\/\\\/europeansnowsport.com\\\/de\\\/\",\"logo\":{\"@id\":\"https:\\\/\\\/europeansnowsport.com\\\/de\\\/warum-es\\\/#local-main-organization-logo\"},\"image\":{\"@id\":\"https:\\\/\\\/europeansnowsport.com\\\/de\\\/warum-es\\\/#local-main-organization-logo\"},\"sameAs\":[\"https:\\\/\\\/www.facebook.com\\\/verbierskischool\\\/\",\"https:\\\/\\\/x.com\\\/ESSkiSchool\",\"https:\\\/\\\/www.instagram.com\\\/europeansnowsport\\\/\",\"https:\\\/\\\/www.linkedin.com\\\/company\\\/european-snowsport-ski-and-snowboard-school\",\"https:\\\/\\\/www.pinterest.ch\\\/SkiSchool\\\/\",\"https:\\\/\\\/www.youtube.com\\\/channel\\\/UCRNrr3rTgbMt8SeKpS673lQ\"],\"address\":{\"@id\":\"https:\\\/\\\/europeansnowsport.com\\\/de\\\/warum-es\\\/#local-main-place-address\"},\"geo\":{\"@type\":\"GeoCoordinates\",\"latitude\":\"46.092474\",\"longitude\":\"7.233592\"},\"telephone\":[\"+41 27 771 6222\"],\"openingHoursSpecification\":[{\"@type\":\"OpeningHoursSpecification\",\"dayOfWeek\":[\"Monday\",\"Tuesday\",\"Wednesday\",\"Thursday\",\"Friday\",\"Saturday\"],\"opens\":\"08:00\",\"closes\":\"19:00\"},{\"@type\":\"OpeningHoursSpecification\",\"dayOfWeek\":[\"Sunday\"],\"opens\":\"08:00\",\"closes\":\"21:00\"}],\"email\":\"info@europeansnowsport.com\",\"faxNumber\":\"+41277716221\",\"priceRange\":\"CHF-CHF\"},{\"@type\":\"PostalAddress\",\"@id\":\"https:\\\/\\\/europeansnowsport.com\\\/de\\\/warum-es\\\/#local-main-place-address\",\"streetAddress\":\"European Snowsport, Rue de M\u00e9dran\",\"addressLocality\":\"Bagnes\",\"postalCode\":\"1936\",\"addressCountry\":\"CH\"},{\"@type\":\"ImageObject\",\"inLanguage\":\"de-DE\",\"@id\":\"https:\\\/\\\/europeansnowsport.com\\\/de\\\/warum-es\\\/#local-main-organization-logo\",\"url\":\"https:\\\/\\\/europeansnowsport.com\\\/wp-content\\\/uploads\\\/ESlogo400-1.jpg\",\"contentUrl\":\"https:\\\/\\\/europeansnowsport.com\\\/wp-content\\\/uploads\\\/ESlogo400-1.jpg\",\"width\":400,\"height\":400,\"caption\":\"European Snowsport\"}]}<\/script>\n<meta name=\"geo.placename\" content=\"Bagnes\" \/>\n<meta name=\"geo.position\" content=\"46.092474;7.233592\" \/>\n<meta name=\"geo.region\" content=\"Schweiz\" \/>\n<!-- \/ Yoast SEO Premium plugin. -->","yoast_head_json":{"title":"About European Snowsport","description":"The ES Story, How we came to develop the premier ski school in Verbier, Zermatt, Chamonix , Nendaz and St Moritz. European Snowsort was founded in 2003.","robots":{"index":"index","follow":"follow","max-snippet":"max-snippet:-1","max-image-preview":"max-image-preview:large","max-video-preview":"max-video-preview:-1"},"canonical":"https:\/\/europeansnowsport.com\/de\/warum-es\/","og_locale":"de_DE","og_type":"article","og_title":"Warum European Snowsport","og_description":"The ES Story, How we came to develop the premier ski school in Verbier, Zermatt, Chamonix , Nendaz and St Moritz. European Snowsort was founded in 2003.","og_url":"https:\/\/europeansnowsport.com\/de\/warum-es\/","og_site_name":"European Snowsport","article_publisher":"https:\/\/www.facebook.com\/verbierskischool\/","article_modified_time":"2023-09-21T12:01:28+00:00","og_image":[{"width":800,"height":600,"url":"https:\/\/europeansnowsport.com\/wp-content\/uploads\/Untitled-design.jpg","type":"image\/jpeg"}],"twitter_card":"summary_large_image","twitter_site":"@ESSkiSchool","twitter_misc":{"Gesch\u00e4tzte Lesezeit":"4 Minuten"},"schema":{"@context":"https:\/\/schema.org","@graph":[{"@type":"WebPage","@id":"https:\/\/europeansnowsport.com\/de\/warum-es\/","url":"https:\/\/europeansnowsport.com\/de\/warum-es\/","name":"About European Snowsport","isPartOf":{"@id":"https:\/\/europeansnowsport.com\/de\/#website"},"primaryImageOfPage":{"@id":"https:\/\/europeansnowsport.com\/de\/warum-es\/#primaryimage"},"image":{"@id":"https:\/\/europeansnowsport.com\/de\/warum-es\/#primaryimage"},"thumbnailUrl":"https:\/\/europeansnowsport.com\/wp-content\/uploads\/15995_563161793698277_1439927204_n-blackwhite.jpg","datePublished":"2017-10-04T23:20:26+00:00","dateModified":"2023-09-21T12:01:28+00:00","description":"The ES Story, How we came to develop the premier ski school in Verbier, Zermatt, Chamonix , Nendaz and St Moritz. European Snowsort was founded in 2003.","breadcrumb":{"@id":"https:\/\/europeansnowsport.com\/de\/warum-es\/#breadcrumb"},"inLanguage":"de-DE","potentialAction":[{"@type":"ReadAction","target":["https:\/\/europeansnowsport.com\/de\/warum-es\/"]}]},{"@type":"ImageObject","inLanguage":"de-DE","@id":"https:\/\/europeansnowsport.com\/de\/warum-es\/#primaryimage","url":"https:\/\/europeansnowsport.com\/wp-content\/uploads\/15995_563161793698277_1439927204_n-blackwhite.jpg","contentUrl":"https:\/\/europeansnowsport.com\/wp-content\/uploads\/15995_563161793698277_1439927204_n-blackwhite.jpg","width":960,"height":720},{"@type":"BreadcrumbList","@id":"https:\/\/europeansnowsport.com\/de\/warum-es\/#breadcrumb","itemListElement":[{"@type":"ListItem","position":1,"name":"Home","item":"https:\/\/europeansnowsport.com\/de\/"},{"@type":"ListItem","position":2,"name":"Warum European Snowsport"}]},{"@type":"WebSite","@id":"https:\/\/europeansnowsport.com\/de\/#website","url":"https:\/\/europeansnowsport.com\/de\/","name":"European Snowsport","description":"Outstanding, independent ski schools in Verbier, Zermatt, Nendaz, St Moritz and Chamonix","publisher":{"@id":"https:\/\/europeansnowsport.com\/de\/#organization"},"potentialAction":[{"@type":"SearchAction","target":{"@type":"EntryPoint","urlTemplate":"https:\/\/europeansnowsport.com\/de\/?s={search_term_string}"},"query-input":{"@type":"PropertyValueSpecification","valueRequired":true,"valueName":"search_term_string"}}],"inLanguage":"de-DE"},{"@type":["Organization","Place","LocalBusiness"],"@id":"https:\/\/europeansnowsport.com\/de\/#organization","name":"European Snowsport","url":"https:\/\/europeansnowsport.com\/de\/","logo":{"@id":"https:\/\/europeansnowsport.com\/de\/warum-es\/#local-main-organization-logo"},"image":{"@id":"https:\/\/europeansnowsport.com\/de\/warum-es\/#local-main-organization-logo"},"sameAs":["https:\/\/www.facebook.com\/verbierskischool\/","https:\/\/x.com\/ESSkiSchool","https:\/\/www.instagram.com\/europeansnowsport\/","https:\/\/www.linkedin.com\/company\/european-snowsport-ski-and-snowboard-school","https:\/\/www.pinterest.ch\/SkiSchool\/","https:\/\/www.youtube.com\/channel\/UCRNrr3rTgbMt8SeKpS673lQ"],"address":{"@id":"https:\/\/europeansnowsport.com\/de\/warum-es\/#local-main-place-address"},"geo":{"@type":"GeoCoordinates","latitude":"46.092474","longitude":"7.233592"},"telephone":["+41 27 771 6222"],"openingHoursSpecification":[{"@type":"OpeningHoursSpecification","dayOfWeek":["Monday","Tuesday","Wednesday","Thursday","Friday","Saturday"],"opens":"08:00","closes":"19:00"},{"@type":"OpeningHoursSpecification","dayOfWeek":["Sunday"],"opens":"08:00","closes":"21:00"}],"email":"info@europeansnowsport.com","faxNumber":"+41277716221","priceRange":"CHF-CHF"},{"@type":"PostalAddress","@id":"https:\/\/europeansnowsport.com\/de\/warum-es\/#local-main-place-address","streetAddress":"European Snowsport, Rue de M\u00e9dran","addressLocality":"Bagnes","postalCode":"1936","addressCountry":"CH"},{"@type":"ImageObject","inLanguage":"de-DE","@id":"https:\/\/europeansnowsport.com\/de\/warum-es\/#local-main-organization-logo","url":"https:\/\/europeansnowsport.com\/wp-content\/uploads\/ESlogo400-1.jpg","contentUrl":"https:\/\/europeansnowsport.com\/wp-content\/uploads\/ESlogo400-1.jpg","width":400,"height":400,"caption":"European Snowsport"}]},"geo.placename":"Bagnes","geo.position":{"lat":"46.092474","long":"7.233592"},"geo.region":"Schweiz"},"featured_image_src":"https:\/\/europeansnowsport.com\/wp-content\/uploads\/15995_563161793698277_1439927204_n-blackwhite.jpg","featured_image_src_square":"https:\/\/europeansnowsport.com\/wp-content\/uploads\/15995_563161793698277_1439927204_n-blackwhite.jpg","_links":{"self":[{"href":"https:\/\/europeansnowsport.com\/de\/wp-json\/wp\/v2\/pages\/28933","targetHints":{"allow":["GET"]}}],"collection":[{"href":"https:\/\/europeansnowsport.com\/de\/wp-json\/wp\/v2\/pages"}],"about":[{"href":"https:\/\/europeansnowsport.com\/de\/wp-json\/wp\/v2\/types\/page"}],"author":[{"embeddable":true,"href":"https:\/\/europeansnowsport.com\/de\/wp-json\/wp\/v2\/users\/2"}],"replies":[{"embeddable":true,"href":"https:\/\/europeansnowsport.com\/de\/wp-json\/wp\/v2\/comments?post=28933"}],"version-history":[{"count":0,"href":"https:\/\/europeansnowsport.com\/de\/wp-json\/wp\/v2\/pages\/28933\/revisions"}],"wp:featuredmedia":[{"embeddable":true,"href":"https:\/\/europeansnowsport.com\/de\/wp-json\/wp\/v2\/media\/28934"}],"wp:attachment":[{"href":"https:\/\/europeansnowsport.com\/de\/wp-json\/wp\/v2\/media?parent=28933"}],"curies":[{"name":"wp","href":"https:\/\/api.w.org\/{rel}","templated":true}]}}