{"id":21497,"date":"2017-10-16T00:05:06","date_gmt":"2017-10-15T22:05:06","guid":{"rendered":"https:\/\/europeansnowsport.com\/kontaktieren-sie-european-snowsport\/"},"modified":"2023-09-26T15:33:58","modified_gmt":"2023-09-26T13:33:58","slug":"kontakt","status":"publish","type":"page","link":"https:\/\/europeansnowsport.com\/de\/kontakt\/","title":{"rendered":"Kontaktieren Sie European Snowsport"},"content":{"rendered":"\n<div class=\"wp-block-cover alignfull is-light page-title-area wp-duotone-unset-1\" style=\"min-height:695px;aspect-ratio:unset;\"><span aria-hidden=\"true\" class=\"wp-block-cover__background has-background-dim-20 has-background-dim\"><\/span><img loading=\"lazy\" decoding=\"async\" width=\"2000\" height=\"1000\" class=\"wp-block-cover__image-background wp-image-27455\" alt=\"\" src=\"https:\/\/europeansnowsport.com\/wp-content\/uploads\/Mattia-smiling-2000w.jpg\" style=\"object-position:50% 33%\" data-object-fit=\"cover\" data-object-position=\"50% 33%\" srcset=\"https:\/\/europeansnowsport.com\/wp-content\/uploads\/Mattia-smiling-2000w.jpg 2000w, https:\/\/europeansnowsport.com\/wp-content\/uploads\/Mattia-smiling-2000w-300x150.jpg 300w, https:\/\/europeansnowsport.com\/wp-content\/uploads\/Mattia-smiling-2000w-1024x512.jpg 1024w, https:\/\/europeansnowsport.com\/wp-content\/uploads\/Mattia-smiling-2000w-768x384.jpg 768w, https:\/\/europeansnowsport.com\/wp-content\/uploads\/Mattia-smiling-2000w-1536x768.jpg 1536w, https:\/\/europeansnowsport.com\/wp-content\/uploads\/Mattia-smiling-2000w-500x250.jpg 500w, https:\/\/europeansnowsport.com\/wp-content\/uploads\/Mattia-smiling-2000w-800x400.jpg 800w, https:\/\/europeansnowsport.com\/wp-content\/uploads\/Mattia-smiling-2000w-1280x640.jpg 1280w, https:\/\/europeansnowsport.com\/wp-content\/uploads\/Mattia-smiling-2000w-1920x960.jpg 1920w\" sizes=\"auto, (max-width: 2000px) 100vw, 2000px\" \/><div class=\"wp-block-cover__inner-container is-layout-flow wp-block-cover-is-layout-flow\">\n<h1 class=\"wp-block-heading has-text-align-left has-large-font-size\" id=\"h-kontaktieren-sie-european-snowsport\">Kontaktieren Sie European Snowsport<\/h1>\n\n\n\n<div class=\"wp-block-buttons is-layout-flex wp-block-buttons-is-layout-flex\">\n<div class=\"wp-block-button\"><a class=\"wp-block-button__link wp-element-button\" href=\"tel:+41277716222\">Anrufen +41 27 771 6222<\/a><\/div>\n\n\n\n<div class=\"wp-block-button ghost-button-light\"><a class=\"wp-block-button__link wp-element-button\" href=\"mailto:info@europeansnowsport.com\">Senden Sie uns eine E-Mail<\/a><\/div>\n<\/div>\n<\/div><\/div>\n\n\n\n<div class=\"wp-block-group es-panel intro-panel contact-booking-intro\"><div class=\"wp-block-group__inner-container is-layout-constrained wp-block-group-is-layout-constrained\">\n<div class=\"wp-block-group two-thirds first\"><div class=\"wp-block-group__inner-container is-layout-constrained wp-block-group-is-layout-constrained\">\n<p>Bereits seit \u00fcber 20 Jahren bieten wir freundliche, professionelle Skistunden und Snowboard-Stunden f\u00fcr Menschen aller Erfahrungsstufen an. Unser Team \u2013 und vor allem unsere Lehrer \u2013 erhalten st\u00e4ndig begeistertes Feedback. Wenn Sie sich unsicher sind, was Sie ben\u00f6tigen, oder ob Sie \u00fcberhaupt Stunden buchen wollen, rufen Sie uns bitte an, dann besprechen wir gern, was f\u00fcr Sie am besten w\u00e4re.<\/p>\n<\/div><\/div>\n\n\n\n<figure class=\"wp-block-image size-full one-third\"><img loading=\"lazy\" decoding=\"async\" width=\"1000\" height=\"721\" src=\"https:\/\/europeansnowsport.com\/wp-content\/uploads\/contact-sub-image-1000w.jpg\" alt=\"\" class=\"wp-image-27447\" srcset=\"https:\/\/europeansnowsport.com\/wp-content\/uploads\/contact-sub-image-1000w.jpg 1000w, https:\/\/europeansnowsport.com\/wp-content\/uploads\/contact-sub-image-1000w-300x216.jpg 300w, https:\/\/europeansnowsport.com\/wp-content\/uploads\/contact-sub-image-1000w-768x554.jpg 768w, https:\/\/europeansnowsport.com\/wp-content\/uploads\/contact-sub-image-1000w-500x361.jpg 500w, https:\/\/europeansnowsport.com\/wp-content\/uploads\/contact-sub-image-1000w-800x577.jpg 800w\" sizes=\"auto, (max-width: 1000px) 100vw, 1000px\" \/><\/figure>\n<\/div><\/div>\n\n\n\n<div class=\"wp-block-group contact-full\"><div class=\"wp-block-group__inner-container is-layout-constrained wp-block-group-is-layout-constrained\">\n<div class=\"wp-block-columns is-layout-flex wp-container-core-columns-is-layout-9d6595d7 wp-block-columns-is-layout-flex\">\n<div class=\"wp-block-column es-panel is-layout-flow wp-block-column-is-layout-flow\">\n<h2 class=\"wp-block-heading full-width\">Kontaktieren Sie uns<\/h2>\n\n\n\n<div class=\"wp-block-contact-form-7-contact-form-selector\">\n<div class=\"wpcf7 no-js\" id=\"wpcf7-f26055-o1\" lang=\"de-DE\" dir=\"ltr\" data-wpcf7-id=\"26055\">\n<div class=\"screen-reader-response\"><p role=\"status\" aria-live=\"polite\" aria-atomic=\"true\"><\/p> <ul><\/ul><\/div>\n<form action=\"\/de\/wp-json\/wp\/v2\/pages\/21497#wpcf7-f26055-o1\" method=\"post\" class=\"wpcf7-form init\" aria-label=\"Kontaktformular\" novalidate=\"novalidate\" data-status=\"init\">\n<fieldset class=\"hidden-fields-container\"><input type=\"hidden\" name=\"_wpcf7\" value=\"26055\" \/><input type=\"hidden\" name=\"_wpcf7_version\" value=\"6.1.5\" \/><input type=\"hidden\" name=\"_wpcf7_locale\" value=\"de_DE\" \/><input type=\"hidden\" name=\"_wpcf7_unit_tag\" value=\"wpcf7-f26055-o1\" \/><input type=\"hidden\" name=\"_wpcf7_container_post\" value=\"0\" \/><input type=\"hidden\" name=\"_wpcf7_posted_data_hash\" value=\"\" \/><input type=\"hidden\" name=\"_wpcf7_recaptcha_response\" value=\"\" \/>\n<\/fieldset>\n<div class=\"input-wrap narrow\">\n\t<p><label> Your name<br \/>\n<span class=\"wpcf7-form-control-wrap\" data-name=\"your-name\"><input size=\"40\" maxlength=\"400\" class=\"wpcf7-form-control wpcf7-text wpcf7-validates-as-required\" aria-required=\"true\" aria-invalid=\"false\" value=\"\" type=\"text\" name=\"your-name\" \/><\/span> <\/label>\n\t<\/p>\n<\/div>\n<div class=\"input-wrap narrow with-space\">\n\t<p><label> Your email<br \/>\n<span class=\"wpcf7-form-control-wrap\" data-name=\"your-email\"><input size=\"40\" maxlength=\"400\" class=\"wpcf7-form-control wpcf7-email wpcf7-validates-as-required wpcf7-text wpcf7-validates-as-email\" aria-required=\"true\" aria-invalid=\"false\" value=\"\" type=\"email\" name=\"your-email\" \/><\/span> <\/label>\n\t<\/p>\n<\/div>\n<div class=\"input-wrap narrow\">\n\t<p><label>Which resort?<br \/>\n<span class=\"wpcf7-form-control-wrap\" data-name=\"resort\"><select class=\"wpcf7-form-control wpcf7-select\" aria-invalid=\"false\" name=\"resort\"><option value=\"Not sure or more than one\">Not sure or more than one<\/option><option value=\"Verbier\">Verbier<\/option><option value=\"Zermatt\">Zermatt<\/option><option value=\"St Moritz\">St Moritz<\/option><option value=\"Chamonix\">Chamonix<\/option><option value=\"Nendaz\">Nendaz<\/option><option value=\"Val d\u2019Is\u00e8re\">Val d\u2019Is\u00e8re<\/option><option value=\"M\u00e9ribel, Courchevel, La Tania\">M\u00e9ribel, Courchevel, La Tania<\/option><\/select><\/span> <\/label>\n\t<\/p>\n<\/div>\n<div class=\"input-wrap full\">\n\t<p><label> Your message<br \/>\n<span class=\"wpcf7-form-control-wrap\" data-name=\"your-message\"><textarea cols=\"40\" rows=\"10\" maxlength=\"2000\" class=\"wpcf7-form-control wpcf7-textarea\" aria-invalid=\"false\" name=\"your-message\"><\/textarea><\/span> <\/label>\n\t<\/p>\n<\/div>\n<input class=\"wpcf7-form-control wpcf7-hidden gclid\" id=\"gclid\" value=\"\" type=\"hidden\" name=\"gclid_cf7\" \/>\n<p><input class=\"wpcf7-form-control wpcf7-submit has-spinner\" type=\"submit\" value=\"Submit\" \/>\n<\/p><div class=\"wpcf7-response-output\" aria-hidden=\"true\"><\/div>\n<\/form>\n<\/div>\n<\/div>\n<\/div>\n\n\n\n<div class=\"wp-block-column es-panel es-panel-plain is-layout-flow wp-block-column-is-layout-flow\">\n<h2 class=\"wp-block-heading full-width\" id=\"h-call-or-email\">Rufen Sie an oder senden Sie eine E-Mail<\/h2>\n\n\n\n<p>Wir sind jeden Tag von 8 \u2013 19 Uhr und Sonntag bis 21 Uhr f\u00fcr Sie da, um Ihre Fragen zu beantworten und Ihre Buchungen anzunehmen.<\/p>\n\n\n\n<div class=\"wp-block-group contact-links\"><div class=\"wp-block-group__inner-container is-layout-constrained wp-block-group-is-layout-constrained\">\n<a href=\"tel:+41277716222\"><span class=\"material-symbols-outlined\">call<\/span><span class=\"phone-text\">+41 27 771 6222<\/span><\/a>\n\n\n\n<a href=\"mailto:info@europeansnowsport.com\"><span class=\"material-symbols-outlined\">mail<\/span><span class=\"call-text\">info@europeansnowsport.com<\/span><\/a>\n<\/div><\/div>\n\n\n\n<h2 class=\"wp-block-heading full-width\">Preise und Bedingungen<\/h2>\n\n\n\n<p>Unsere <a href=\"https:\/\/europeansnowsport.com\/de\/geschaftsbedingungen\/\">Allgemeinen Gesch\u00e4ftsbedingungen<\/a> gelten f\u00fcr alle Buchungen.<\/p>\n\n\n\n<div class=\"wp-block-buttons price-lists is-content-justification-center is-layout-flex wp-container-core-buttons-is-layout-16018d1d wp-block-buttons-is-layout-flex\">\n<div class=\"wp-block-button\"><a class=\"wp-block-button__link wp-element-button\" href=\"\/wp-content\/uploads\/ES-Price-List-Verbier.pdf\">Preise Verbier<\/a><\/div>\n\n\n\n<div class=\"wp-block-button\"><a class=\"wp-block-button__link wp-element-button\" href=\"\/wp-content\/uploads\/ES-Price-List-Zermatt.pdf\">Preise Zermatt<\/a><\/div>\n\n\n\n<div class=\"wp-block-button\"><a class=\"wp-block-button__link wp-element-button\" href=\"\/wp-content\/uploads\/ES-Price-List-St-Moritz.pdf\">Preise St Moritz<\/a><\/div>\n\n\n\n<div class=\"wp-block-button\"><a class=\"wp-block-button__link wp-element-button\" href=\"\/wp-content\/uploads\/ES-Price-List-Chamonix.pdf\">Preise Chamonix<\/a><\/div>\n\n\n\n<div class=\"wp-block-button\"><a class=\"wp-block-button__link wp-element-button\" href=\"\/wp-content\/uploads\/ES-Price-List-Nendaz.pdf\">Preise Nendaz<\/a><\/div>\n\n\n\n<div class=\"wp-block-button\"><a class=\"wp-block-button__link wp-element-button\" href=\"\/wp-content\/uploads\/ES-Price-List-Val-DIsere-Tignes.pdf\">Preise Val d\u2019Is\u00e8re<\/a><\/div>\n\n\n\n<div class=\"wp-block-button\"><a class=\"wp-block-button__link wp-element-button\" href=\"https:\/\/europeansnowsport.com\/wp-content\/uploads\/ES-Price-List-3-Vallees.pdf\">Preise 3 Vall\u00e9es<\/a><\/div>\n<\/div>\n<\/div>\n<\/div>\n<\/div><\/div>\n\n\n\n<div class=\"wp-block-group\"><div class=\"wp-block-group__inner-container is-layout-constrained wp-block-group-is-layout-constrained\">\n<div class=\"wp-block-columns is-layout-flex wp-container-core-columns-is-layout-9d6595d7 wp-block-columns-is-layout-flex\">\n<div class=\"wp-block-column is-layout-flow wp-block-column-is-layout-flow\">\n<h2 class=\"wp-block-heading full-width\" id=\"h-andere-optionen\">Andere Optionen<\/h2>\n\n\n\n<p>Wir sind stolz auf unseren herausragenden pers\u00f6nlichen Service, von Ihrer ersten Anfrage bis zur Gestaltung von Skistunden, die genau auf Ihre Anspr\u00fcche zugeschnitten sind. Darum empfehlen wir Ihnen, uns per E-Mail oder Telefon zu kontaktieren. Sie k\u00f6nnen aber nat\u00fcrlich auch online buchen:<\/p>\n\n\n\n<div class=\"wp-block-buttons is-content-justification-center is-layout-flex wp-container-core-buttons-is-layout-16018d1d wp-block-buttons-is-layout-flex\">\n<div class=\"wp-block-button\"><a class=\"wp-block-button__link wp-element-button\" href=\"https:\/\/esverbier.skischool.shop\/\">Verbier Buchen<\/a><\/div>\n\n\n\n<div class=\"wp-block-button\"><a class=\"wp-block-button__link wp-element-button\" href=\"https:\/\/eszermatt.skischool.shop\/\">Zermatt Buchen<\/a><\/div>\n\n\n\n<div class=\"wp-block-button\"><a class=\"wp-block-button__link wp-element-button\" href=\"https:\/\/esstmoritz.skischool.shop\/\">St Moritz Buchen<\/a><\/div>\n<\/div>\n<\/div>\n\n\n\n<div class=\"wp-block-column is-layout-flow wp-block-column-is-layout-flow\">\n<figure class=\"wp-block-image size-full es-fancy-image top-spacing\"><img loading=\"lazy\" decoding=\"async\" width=\"1000\" height=\"643\" src=\"https:\/\/europeansnowsport.com\/wp-content\/uploads\/Erik-1000x643-1.jpg\" alt=\"\" class=\"wp-image-27345\" srcset=\"https:\/\/europeansnowsport.com\/wp-content\/uploads\/Erik-1000x643-1.jpg 1000w, https:\/\/europeansnowsport.com\/wp-content\/uploads\/Erik-1000x643-1-300x193.jpg 300w, https:\/\/europeansnowsport.com\/wp-content\/uploads\/Erik-1000x643-1-768x494.jpg 768w, https:\/\/europeansnowsport.com\/wp-content\/uploads\/Erik-1000x643-1-500x322.jpg 500w, https:\/\/europeansnowsport.com\/wp-content\/uploads\/Erik-1000x643-1-800x514.jpg 800w\" sizes=\"auto, (max-width: 1000px) 100vw, 1000px\" \/><\/figure>\n<\/div>\n<\/div>\n<\/div><\/div>\n","protected":false},"excerpt":{"rendered":"<p>Bereits seit \u00fcber 20 Jahren bieten wir freundliche, professionelle Skistunden und Snowboard-Stunden f\u00fcr Menschen aller Erfahrungsstufen an. Unser Team \u2013 und vor allem unsere Lehrer \u2013 erhalten st\u00e4ndig begeistertes Feedback. Wenn Sie sich unsicher sind, was Sie ben\u00f6tigen, oder ob Sie \u00fcberhaupt Stunden buchen wollen, rufen Sie uns bitte an, dann besprechen wir gern, was [&hellip;]<\/p>\n","protected":false},"author":2,"featured_media":28992,"parent":0,"menu_order":0,"comment_status":"closed","ping_status":"closed","template":"","meta":{"_genesis_hide_title":false,"_genesis_hide_breadcrumbs":false,"_genesis_hide_singular_image":false,"_genesis_hide_footer_widgets":false,"_genesis_custom_body_class":"","_genesis_custom_post_class":"","_genesis_layout":"","footnotes":""},"class_list":{"0":"post-21497","1":"page","2":"type-page","3":"status-publish","4":"has-post-thumbnail","6":"entry"},"yoast_head":"<!-- This site is optimized with the Yoast SEO Premium plugin v27.5 (Yoast SEO v27.5) - https:\/\/yoast.com\/product\/yoast-seo-premium-wordpress\/ -->\n<title>Kontaktieren Sie European Snowsport Skischule<\/title>\n<meta name=\"description\" content=\"Wir sind jeden Tag von 8 \u2013 19 Uhr und Sonntag bis 21 Uhr f\u00fcr Sie da, um Ihre Fragen zu beantworten und Ihre Buchungen anzunehmen.\" \/>\n<meta name=\"robots\" content=\"index, follow, max-snippet:-1, max-image-preview:large, max-video-preview:-1\" \/>\n<link rel=\"canonical\" href=\"https:\/\/europeansnowsport.com\/de\/kontakt\/\" \/>\n<meta property=\"og:locale\" content=\"de_DE\" \/>\n<meta property=\"og:type\" content=\"article\" \/>\n<meta property=\"og:title\" content=\"Contact European Snowsport\" \/>\n<meta property=\"og:description\" content=\"Call, Enquire, Chat or Book on-line.\" \/>\n<meta property=\"og:url\" content=\"https:\/\/europeansnowsport.com\/de\/kontakt\/\" \/>\n<meta property=\"og:site_name\" content=\"European Snowsport\" \/>\n<meta property=\"article:publisher\" content=\"https:\/\/www.facebook.com\/verbierskischool\/\" \/>\n<meta property=\"article:modified_time\" content=\"2023-09-26T13:33:58+00:00\" \/>\n<meta property=\"og:image\" content=\"https:\/\/europeansnowsport.com\/wp-content\/uploads\/Ski-Lessons-2.jpg\" \/>\n\t<meta property=\"og:image:width\" content=\"900\" \/>\n\t<meta property=\"og:image:height\" content=\"600\" \/>\n\t<meta property=\"og:image:type\" content=\"image\/jpeg\" \/>\n<meta name=\"twitter:card\" content=\"summary_large_image\" \/>\n<meta name=\"twitter:title\" content=\"Contact European Snowsport Ski School\" \/>\n<meta name=\"twitter:site\" content=\"@ESSkiSchool\" \/>\n<meta name=\"twitter:label1\" content=\"Gesch\u00e4tzte Lesezeit\" \/>\n\t<meta name=\"twitter:data1\" content=\"1 Minute\" \/>\n<script type=\"application\/ld+json\" class=\"yoast-schema-graph\">{\"@context\":\"https:\\\/\\\/schema.org\",\"@graph\":[{\"@type\":\"WebPage\",\"@id\":\"https:\\\/\\\/europeansnowsport.com\\\/de\\\/kontakt\\\/\",\"url\":\"https:\\\/\\\/europeansnowsport.com\\\/de\\\/kontakt\\\/\",\"name\":\"Kontaktieren Sie European Snowsport Skischule\",\"isPartOf\":{\"@id\":\"https:\\\/\\\/europeansnowsport.com\\\/de\\\/#website\"},\"primaryImageOfPage\":{\"@id\":\"https:\\\/\\\/europeansnowsport.com\\\/de\\\/kontakt\\\/#primaryimage\"},\"image\":{\"@id\":\"https:\\\/\\\/europeansnowsport.com\\\/de\\\/kontakt\\\/#primaryimage\"},\"thumbnailUrl\":\"https:\\\/\\\/europeansnowsport.com\\\/wp-content\\\/uploads\\\/Les-Chottes.jpg\",\"datePublished\":\"2017-10-15T22:05:06+00:00\",\"dateModified\":\"2023-09-26T13:33:58+00:00\",\"description\":\"Wir sind jeden Tag von 8 \u2013 19 Uhr und Sonntag bis 21 Uhr f\u00fcr Sie da, um Ihre Fragen zu beantworten und Ihre Buchungen anzunehmen.\",\"breadcrumb\":{\"@id\":\"https:\\\/\\\/europeansnowsport.com\\\/de\\\/kontakt\\\/#breadcrumb\"},\"inLanguage\":\"de-DE\",\"potentialAction\":[{\"@type\":\"ReadAction\",\"target\":[\"https:\\\/\\\/europeansnowsport.com\\\/de\\\/kontakt\\\/\"]}]},{\"@type\":\"ImageObject\",\"inLanguage\":\"de-DE\",\"@id\":\"https:\\\/\\\/europeansnowsport.com\\\/de\\\/kontakt\\\/#primaryimage\",\"url\":\"https:\\\/\\\/europeansnowsport.com\\\/wp-content\\\/uploads\\\/Les-Chottes.jpg\",\"contentUrl\":\"https:\\\/\\\/europeansnowsport.com\\\/wp-content\\\/uploads\\\/Les-Chottes.jpg\",\"width\":900,\"height\":600},{\"@type\":\"BreadcrumbList\",\"@id\":\"https:\\\/\\\/europeansnowsport.com\\\/de\\\/kontakt\\\/#breadcrumb\",\"itemListElement\":[{\"@type\":\"ListItem\",\"position\":1,\"name\":\"Home\",\"item\":\"https:\\\/\\\/europeansnowsport.com\\\/de\\\/\"},{\"@type\":\"ListItem\",\"position\":2,\"name\":\"Kontaktieren Sie European Snowsport\"}]},{\"@type\":\"WebSite\",\"@id\":\"https:\\\/\\\/europeansnowsport.com\\\/de\\\/#website\",\"url\":\"https:\\\/\\\/europeansnowsport.com\\\/de\\\/\",\"name\":\"European Snowsport\",\"description\":\"Outstanding, independent ski schools in Verbier, Zermatt, Nendaz, St Moritz and Chamonix\",\"publisher\":{\"@id\":\"https:\\\/\\\/europeansnowsport.com\\\/de\\\/#organization\"},\"potentialAction\":[{\"@type\":\"SearchAction\",\"target\":{\"@type\":\"EntryPoint\",\"urlTemplate\":\"https:\\\/\\\/europeansnowsport.com\\\/de\\\/?s={search_term_string}\"},\"query-input\":{\"@type\":\"PropertyValueSpecification\",\"valueRequired\":true,\"valueName\":\"search_term_string\"}}],\"inLanguage\":\"de-DE\"},{\"@type\":[\"Organization\",\"Place\",\"LocalBusiness\"],\"@id\":\"https:\\\/\\\/europeansnowsport.com\\\/de\\\/#organization\",\"name\":\"European Snowsport\",\"url\":\"https:\\\/\\\/europeansnowsport.com\\\/de\\\/\",\"logo\":{\"@id\":\"https:\\\/\\\/europeansnowsport.com\\\/de\\\/kontakt\\\/#local-main-organization-logo\"},\"image\":{\"@id\":\"https:\\\/\\\/europeansnowsport.com\\\/de\\\/kontakt\\\/#local-main-organization-logo\"},\"sameAs\":[\"https:\\\/\\\/www.facebook.com\\\/verbierskischool\\\/\",\"https:\\\/\\\/x.com\\\/ESSkiSchool\",\"https:\\\/\\\/www.instagram.com\\\/europeansnowsport\\\/\",\"https:\\\/\\\/www.linkedin.com\\\/company\\\/european-snowsport-ski-and-snowboard-school\",\"https:\\\/\\\/www.pinterest.ch\\\/SkiSchool\\\/\",\"https:\\\/\\\/www.youtube.com\\\/channel\\\/UCRNrr3rTgbMt8SeKpS673lQ\"],\"address\":{\"@id\":\"https:\\\/\\\/europeansnowsport.com\\\/de\\\/kontakt\\\/#local-main-place-address\"},\"geo\":{\"@type\":\"GeoCoordinates\",\"latitude\":\"46.092474\",\"longitude\":\"7.233592\"},\"telephone\":[\"+41 27 771 6222\"],\"openingHoursSpecification\":[{\"@type\":\"OpeningHoursSpecification\",\"dayOfWeek\":[\"Monday\",\"Tuesday\",\"Wednesday\",\"Thursday\",\"Friday\",\"Saturday\"],\"opens\":\"08:00\",\"closes\":\"19:00\"},{\"@type\":\"OpeningHoursSpecification\",\"dayOfWeek\":[\"Sunday\"],\"opens\":\"08:00\",\"closes\":\"21:00\"}],\"email\":\"info@europeansnowsport.com\",\"faxNumber\":\"+41277716221\",\"priceRange\":\"CHF-CHF\"},{\"@type\":\"PostalAddress\",\"@id\":\"https:\\\/\\\/europeansnowsport.com\\\/de\\\/kontakt\\\/#local-main-place-address\",\"streetAddress\":\"European Snowsport, Rue de M\u00e9dran\",\"addressLocality\":\"Bagnes\",\"postalCode\":\"1936\",\"addressCountry\":\"CH\"},{\"@type\":\"ImageObject\",\"inLanguage\":\"de-DE\",\"@id\":\"https:\\\/\\\/europeansnowsport.com\\\/de\\\/kontakt\\\/#local-main-organization-logo\",\"url\":\"https:\\\/\\\/europeansnowsport.com\\\/wp-content\\\/uploads\\\/ESlogo400-1.jpg\",\"contentUrl\":\"https:\\\/\\\/europeansnowsport.com\\\/wp-content\\\/uploads\\\/ESlogo400-1.jpg\",\"width\":400,\"height\":400,\"caption\":\"European Snowsport\"}]}<\/script>\n<meta name=\"geo.placename\" content=\"Bagnes\" \/>\n<meta name=\"geo.position\" content=\"46.092474;7.233592\" \/>\n<meta name=\"geo.region\" content=\"Schweiz\" \/>\n<!-- \/ Yoast SEO Premium plugin. -->","yoast_head_json":{"title":"Kontaktieren Sie European Snowsport Skischule","description":"Wir sind jeden Tag von 8 \u2013 19 Uhr und Sonntag bis 21 Uhr f\u00fcr Sie da, um Ihre Fragen zu beantworten und Ihre Buchungen anzunehmen.","robots":{"index":"index","follow":"follow","max-snippet":"max-snippet:-1","max-image-preview":"max-image-preview:large","max-video-preview":"max-video-preview:-1"},"canonical":"https:\/\/europeansnowsport.com\/de\/kontakt\/","og_locale":"de_DE","og_type":"article","og_title":"Contact European Snowsport","og_description":"Call, Enquire, Chat or Book on-line.","og_url":"https:\/\/europeansnowsport.com\/de\/kontakt\/","og_site_name":"European Snowsport","article_publisher":"https:\/\/www.facebook.com\/verbierskischool\/","article_modified_time":"2023-09-26T13:33:58+00:00","og_image":[{"width":900,"height":600,"url":"https:\/\/europeansnowsport.com\/wp-content\/uploads\/Ski-Lessons-2.jpg","type":"image\/jpeg"}],"twitter_card":"summary_large_image","twitter_title":"Contact European Snowsport Ski School","twitter_site":"@ESSkiSchool","twitter_misc":{"Gesch\u00e4tzte Lesezeit":"1 Minute"},"schema":{"@context":"https:\/\/schema.org","@graph":[{"@type":"WebPage","@id":"https:\/\/europeansnowsport.com\/de\/kontakt\/","url":"https:\/\/europeansnowsport.com\/de\/kontakt\/","name":"Kontaktieren Sie European Snowsport Skischule","isPartOf":{"@id":"https:\/\/europeansnowsport.com\/de\/#website"},"primaryImageOfPage":{"@id":"https:\/\/europeansnowsport.com\/de\/kontakt\/#primaryimage"},"image":{"@id":"https:\/\/europeansnowsport.com\/de\/kontakt\/#primaryimage"},"thumbnailUrl":"https:\/\/europeansnowsport.com\/wp-content\/uploads\/Les-Chottes.jpg","datePublished":"2017-10-15T22:05:06+00:00","dateModified":"2023-09-26T13:33:58+00:00","description":"Wir sind jeden Tag von 8 \u2013 19 Uhr und Sonntag bis 21 Uhr f\u00fcr Sie da, um Ihre Fragen zu beantworten und Ihre Buchungen anzunehmen.","breadcrumb":{"@id":"https:\/\/europeansnowsport.com\/de\/kontakt\/#breadcrumb"},"inLanguage":"de-DE","potentialAction":[{"@type":"ReadAction","target":["https:\/\/europeansnowsport.com\/de\/kontakt\/"]}]},{"@type":"ImageObject","inLanguage":"de-DE","@id":"https:\/\/europeansnowsport.com\/de\/kontakt\/#primaryimage","url":"https:\/\/europeansnowsport.com\/wp-content\/uploads\/Les-Chottes.jpg","contentUrl":"https:\/\/europeansnowsport.com\/wp-content\/uploads\/Les-Chottes.jpg","width":900,"height":600},{"@type":"BreadcrumbList","@id":"https:\/\/europeansnowsport.com\/de\/kontakt\/#breadcrumb","itemListElement":[{"@type":"ListItem","position":1,"name":"Home","item":"https:\/\/europeansnowsport.com\/de\/"},{"@type":"ListItem","position":2,"name":"Kontaktieren Sie European Snowsport"}]},{"@type":"WebSite","@id":"https:\/\/europeansnowsport.com\/de\/#website","url":"https:\/\/europeansnowsport.com\/de\/","name":"European Snowsport","description":"Outstanding, independent ski schools in Verbier, Zermatt, Nendaz, St Moritz and Chamonix","publisher":{"@id":"https:\/\/europeansnowsport.com\/de\/#organization"},"potentialAction":[{"@type":"SearchAction","target":{"@type":"EntryPoint","urlTemplate":"https:\/\/europeansnowsport.com\/de\/?s={search_term_string}"},"query-input":{"@type":"PropertyValueSpecification","valueRequired":true,"valueName":"search_term_string"}}],"inLanguage":"de-DE"},{"@type":["Organization","Place","LocalBusiness"],"@id":"https:\/\/europeansnowsport.com\/de\/#organization","name":"European Snowsport","url":"https:\/\/europeansnowsport.com\/de\/","logo":{"@id":"https:\/\/europeansnowsport.com\/de\/kontakt\/#local-main-organization-logo"},"image":{"@id":"https:\/\/europeansnowsport.com\/de\/kontakt\/#local-main-organization-logo"},"sameAs":["https:\/\/www.facebook.com\/verbierskischool\/","https:\/\/x.com\/ESSkiSchool","https:\/\/www.instagram.com\/europeansnowsport\/","https:\/\/www.linkedin.com\/company\/european-snowsport-ski-and-snowboard-school","https:\/\/www.pinterest.ch\/SkiSchool\/","https:\/\/www.youtube.com\/channel\/UCRNrr3rTgbMt8SeKpS673lQ"],"address":{"@id":"https:\/\/europeansnowsport.com\/de\/kontakt\/#local-main-place-address"},"geo":{"@type":"GeoCoordinates","latitude":"46.092474","longitude":"7.233592"},"telephone":["+41 27 771 6222"],"openingHoursSpecification":[{"@type":"OpeningHoursSpecification","dayOfWeek":["Monday","Tuesday","Wednesday","Thursday","Friday","Saturday"],"opens":"08:00","closes":"19:00"},{"@type":"OpeningHoursSpecification","dayOfWeek":["Sunday"],"opens":"08:00","closes":"21:00"}],"email":"info@europeansnowsport.com","faxNumber":"+41277716221","priceRange":"CHF-CHF"},{"@type":"PostalAddress","@id":"https:\/\/europeansnowsport.com\/de\/kontakt\/#local-main-place-address","streetAddress":"European Snowsport, Rue de M\u00e9dran","addressLocality":"Bagnes","postalCode":"1936","addressCountry":"CH"},{"@type":"ImageObject","inLanguage":"de-DE","@id":"https:\/\/europeansnowsport.com\/de\/kontakt\/#local-main-organization-logo","url":"https:\/\/europeansnowsport.com\/wp-content\/uploads\/ESlogo400-1.jpg","contentUrl":"https:\/\/europeansnowsport.com\/wp-content\/uploads\/ESlogo400-1.jpg","width":400,"height":400,"caption":"European Snowsport"}]},"geo.placename":"Bagnes","geo.position":{"lat":"46.092474","long":"7.233592"},"geo.region":"Schweiz"},"featured_image_src":"https:\/\/europeansnowsport.com\/wp-content\/uploads\/Les-Chottes.jpg","featured_image_src_square":"https:\/\/europeansnowsport.com\/wp-content\/uploads\/Les-Chottes.jpg","_links":{"self":[{"href":"https:\/\/europeansnowsport.com\/de\/wp-json\/wp\/v2\/pages\/21497","targetHints":{"allow":["GET"]}}],"collection":[{"href":"https:\/\/europeansnowsport.com\/de\/wp-json\/wp\/v2\/pages"}],"about":[{"href":"https:\/\/europeansnowsport.com\/de\/wp-json\/wp\/v2\/types\/page"}],"author":[{"embeddable":true,"href":"https:\/\/europeansnowsport.com\/de\/wp-json\/wp\/v2\/users\/2"}],"replies":[{"embeddable":true,"href":"https:\/\/europeansnowsport.com\/de\/wp-json\/wp\/v2\/comments?post=21497"}],"version-history":[{"count":0,"href":"https:\/\/europeansnowsport.com\/de\/wp-json\/wp\/v2\/pages\/21497\/revisions"}],"wp:featuredmedia":[{"embeddable":true,"href":"https:\/\/europeansnowsport.com\/de\/wp-json\/wp\/v2\/media\/28992"}],"wp:attachment":[{"href":"https:\/\/europeansnowsport.com\/de\/wp-json\/wp\/v2\/media?parent=21497"}],"curies":[{"name":"wp","href":"https:\/\/api.w.org\/{rel}","templated":true}]}}