{"id":21374,"date":"2019-10-09T16:48:51","date_gmt":"2019-10-09T14:48:51","guid":{"rendered":"https:\/\/europeansnowsport.com\/chamonix-skischule\/skilehrer-in-chamomix\/"},"modified":"2023-09-26T15:32:35","modified_gmt":"2023-09-26T13:32:35","slug":"skilehrer-in-chamomix","status":"publish","type":"page","link":"https:\/\/europeansnowsport.com\/de\/chamonix-skischule\/skilehrer-in-chamomix\/","title":{"rendered":"Skilehrer in Chamomix"},"content":{"rendered":"\n<div class=\"wp-block-cover alignfull is-light page-title-area wp-duotone-unset-1\" style=\"min-height:695px;aspect-ratio:unset;\"><span aria-hidden=\"true\" class=\"wp-block-cover__background has-background-dim-20 has-background-dim\"><\/span><img loading=\"lazy\" decoding=\"async\" width=\"2000\" height=\"1000\" class=\"wp-block-cover__image-background wp-image-27482\" alt=\"\" src=\"https:\/\/europeansnowsport.com\/wp-content\/uploads\/ski-instructors-2000w.jpg\" style=\"object-position:49% 51%\" data-object-fit=\"cover\" data-object-position=\"49% 51%\" srcset=\"https:\/\/europeansnowsport.com\/wp-content\/uploads\/ski-instructors-2000w.jpg 2000w, https:\/\/europeansnowsport.com\/wp-content\/uploads\/ski-instructors-2000w-300x150.jpg 300w, https:\/\/europeansnowsport.com\/wp-content\/uploads\/ski-instructors-2000w-1024x512.jpg 1024w, https:\/\/europeansnowsport.com\/wp-content\/uploads\/ski-instructors-2000w-768x384.jpg 768w, https:\/\/europeansnowsport.com\/wp-content\/uploads\/ski-instructors-2000w-1536x768.jpg 1536w, https:\/\/europeansnowsport.com\/wp-content\/uploads\/ski-instructors-2000w-500x250.jpg 500w, https:\/\/europeansnowsport.com\/wp-content\/uploads\/ski-instructors-2000w-800x400.jpg 800w, https:\/\/europeansnowsport.com\/wp-content\/uploads\/ski-instructors-2000w-1280x640.jpg 1280w, https:\/\/europeansnowsport.com\/wp-content\/uploads\/ski-instructors-2000w-1920x960.jpg 1920w\" sizes=\"auto, (max-width: 2000px) 100vw, 2000px\" \/><div class=\"wp-block-cover__inner-container is-layout-flow wp-block-cover-is-layout-flow\">\n<h1 class=\"wp-block-heading has-text-align-left has-large-font-size\" id=\"h-skilehrer-in-chamomix\">Skilehrer in Chamomix<\/h1>\n\n\n\n<div class=\"wp-block-buttons is-layout-flex wp-block-buttons-is-layout-flex\">\n<div class=\"wp-block-button\"><a class=\"wp-block-button__link wp-element-button\" href=\"https:\/\/europeansnowsport.com\/de\/kontakt\/\">Preise und Buchung<\/a><\/div>\n\n\n\n<div class=\"wp-block-button ghost-button-light\"><a class=\"wp-block-button__link wp-element-button\" href=\"https:\/\/europeansnowsport.com\/de\/kontakt\/\">Kontaktieren Sie uns<\/a><\/div>\n<\/div>\n<\/div><\/div>\n\n\n\n<div class=\"wp-block-group es-panel intro-panel\"><div class=\"wp-block-group__inner-container is-layout-constrained wp-block-group-is-layout-constrained\">\n<div class=\"wp-block-group first\"><div class=\"wp-block-group__inner-container is-layout-constrained wp-block-group-is-layout-constrained\">\n<h2 class=\"wp-block-heading\" id=\"h-buchen-sie-skistunden-bei-unseren-freundlichen-talentierten-skiprofis\">Buchen Sie Skistunden bei unseren freundlichen, talentierten Skiprofis<\/h2>\n\n\n\n<p>An unserer\u00a0<a href=\"\/de\/chamonix-skischule\/\">Skischule in Chamomix<\/a>\u00a0sind wir stolz,\u00a0<a href=\"https:\/\/europeansnowsport.com\/de\/private-skistunden\/\">private Skistunden<\/a>\u00a0f\u00fcr Erwachsene und Kinder bei den professionellsten, freundlichsten und talentiertesten Lehrern in der Branche anzubieten. Wir tun alles, um Menschen zu finden, schulen und f\u00f6rdern, die gern unterrichten und ihre F\u00e4higkeiten und ihr Wissen an Sie weiter vermitteln wollen. Um Ihre W\u00fcnsche zu besprechen,\u00a0<a href=\"https:\/\/europeansnowsport.com\/de\/kontakt\/\">kontaktieren Sie uns bitte<\/a>\u00a0oder\u00a0<a href=\"tel:+41277716222\">rufen Sie die +41 27 771 6222 an.<\/a><\/p>\n\n\n\n<div class=\"wp-block-buttons is-layout-flex wp-block-buttons-is-layout-flex\">\n<div class=\"wp-block-button ghost-button\"><a class=\"wp-block-button__link wp-element-button\" href=\"https:\/\/europeansnowsport.com\/de\/kontakt\/\">Kontaktieren Sie uns<\/a><\/div>\n\n\n\n<div class=\"wp-block-button\"><a class=\"wp-block-button__link wp-element-button\" href=\"https:\/\/europeansnowsport.com\/de\/kontakt\/\">Preise und Buchung<\/a><\/div>\n<\/div>\n<\/div><\/div>\n<\/div><\/div>\n\n\n\n<div class=\"wp-block-group alignfull instructors-list instructors-short-list chamonix underlying\"><div class=\"wp-block-group__inner-container is-layout-constrained wp-block-group-is-layout-constrained\">\n<h2 class=\"wp-block-heading top-spacing\" id=\"h-skilehrer-in-chamonix\">Skilehrer in Chamonix<\/h2>\n\n\n<div class=\"lps-block-preview\"><section class=\"latest-post-selection four-columns as-column has-shadow hover-zoom content-center light ver2\" id=\"lps-9eb87eeeda44c2f9e7a4ee9dc37e93c8\" style=\" --default-tile-height: 15rem; --tablet-tile-height: 15rem; --mobile-tile-height: 15rem; --article-size-title: 16px;\" role=\"list\"><article class=\"post-16112 ski_instructor type-ski_instructor status-publish has-post-thumbnail ski_resorts-chamonix entry\" data-lps-id=\"16112\" role=\"listitem\"><figure class=\"article__image\"><img decoding=\"async\" src=\"https:\/\/europeansnowsport.com\/wp-content\/uploads\/paolo-300x300.jpg\" class=\"lps-tile-main-image lps-custom-medium\" loading=\"lazy\" alt=\"Paolo Beletti\" width=\"300\" height=\"300\" srcset=\"https:\/\/europeansnowsport.com\/wp-content\/uploads\/paolo-300x300.jpg 300w, https:\/\/europeansnowsport.com\/wp-content\/uploads\/paolo-150x150.jpg 150w, https:\/\/europeansnowsport.com\/wp-content\/uploads\/paolo.jpg 566w\"><\/figure><div class=\"article__info\"><h3 class=\"article__title item-title-tag\">Paolo Beletti<\/h3><\/div><\/article><\/section><\/div>\n\n\n<div class=\"wp-block-buttons big-buttons is-layout-flex wp-block-buttons-is-layout-flex\">\n<div class=\"wp-block-button\"><a class=\"wp-block-button__link wp-element-button\" href=\"https:\/\/europeansnowsport.com\/de\/chamonix-skischule\/\">Chamonix Skischule<\/a><\/div>\n\n\n\n<div class=\"wp-block-button\"><a class=\"wp-block-button__link wp-element-button\" href=\"https:\/\/europeansnowsport.com\/de\/kontakt\/\">Anfragen und buchen<\/a><\/div>\n<\/div>\n<\/div><\/div>\n","protected":false},"excerpt":{"rendered":"<p>Buchen Sie Skistunden bei unseren freundlichen, talentierten Skiprofis An unserer\u00a0Skischule in Chamomix\u00a0sind wir stolz,\u00a0private Skistunden\u00a0f\u00fcr Erwachsene und Kinder bei den professionellsten, freundlichsten und talentiertesten Lehrern in der Branche anzubieten. Wir tun alles, um Menschen zu finden, schulen und f\u00f6rdern, die gern unterrichten und ihre F\u00e4higkeiten und ihr Wissen an Sie weiter vermitteln wollen. Um Ihre [&hellip;]<\/p>\n","protected":false},"author":1,"featured_media":0,"parent":21370,"menu_order":0,"comment_status":"closed","ping_status":"closed","template":"","meta":{"_genesis_hide_title":false,"_genesis_hide_breadcrumbs":false,"_genesis_hide_singular_image":false,"_genesis_hide_footer_widgets":false,"_genesis_custom_body_class":"","_genesis_custom_post_class":"","_genesis_layout":"","footnotes":""},"class_list":{"0":"post-21374","1":"page","2":"type-page","3":"status-publish","5":"entry"},"yoast_head":"<!-- This site is optimized with the Yoast SEO Premium plugin v26.6 (Yoast SEO v26.6) - https:\/\/yoast.com\/wordpress\/plugins\/seo\/ -->\n<title>Skilehrer in Chamomix<\/title>\n<meta name=\"description\" content=\"Unser Skilehrer-Team in Chamomix\" \/>\n<meta name=\"robots\" content=\"index, follow, max-snippet:-1, max-image-preview:large, max-video-preview:-1\" \/>\n<link rel=\"canonical\" href=\"https:\/\/europeansnowsport.com\/de\/chamonix-skischule\/skilehrer-in-chamomix\/\" \/>\n<meta property=\"og:locale\" content=\"de_DE\" \/>\n<meta property=\"og:type\" content=\"article\" \/>\n<meta property=\"og:title\" content=\"Skilehrer in Chamomix\" \/>\n<meta property=\"og:description\" content=\"Unser Skilehrer-Team in Chamomix\" \/>\n<meta property=\"og:url\" content=\"https:\/\/europeansnowsport.com\/de\/chamonix-skischule\/skilehrer-in-chamomix\/\" \/>\n<meta property=\"og:site_name\" content=\"European Snowsport\" \/>\n<meta property=\"article:publisher\" content=\"https:\/\/www.facebook.com\/verbierskischool\/\" \/>\n<meta property=\"article:modified_time\" content=\"2023-09-26T13:32:35+00:00\" \/>\n<meta property=\"og:image\" content=\"https:\/\/europeansnowsport.com\/wp-content\/uploads\/ski-instructors-2000w.jpg\" \/>\n<meta name=\"twitter:card\" content=\"summary_large_image\" \/>\n<meta name=\"twitter:site\" content=\"@ESSkiSchool\" \/>\n<meta name=\"twitter:label1\" content=\"Gesch\u00e4tzte Lesezeit\" \/>\n\t<meta name=\"twitter:data1\" content=\"1 Minute\" \/>\n<script type=\"application\/ld+json\" class=\"yoast-schema-graph\">{\"@context\":\"https:\/\/schema.org\",\"@graph\":[{\"@type\":\"WebPage\",\"@id\":\"https:\/\/europeansnowsport.com\/de\/chamonix-skischule\/skilehrer-in-chamomix\/\",\"url\":\"https:\/\/europeansnowsport.com\/de\/chamonix-skischule\/skilehrer-in-chamomix\/\",\"name\":\"Skilehrer in Chamomix\",\"isPartOf\":{\"@id\":\"https:\/\/europeansnowsport.com\/de\/#website\"},\"primaryImageOfPage\":{\"@id\":\"https:\/\/europeansnowsport.com\/de\/chamonix-skischule\/skilehrer-in-chamomix\/#primaryimage\"},\"image\":{\"@id\":\"https:\/\/europeansnowsport.com\/de\/chamonix-skischule\/skilehrer-in-chamomix\/#primaryimage\"},\"thumbnailUrl\":\"https:\/\/europeansnowsport.com\/wp-content\/uploads\/ski-instructors-2000w.jpg\",\"datePublished\":\"2019-10-09T14:48:51+00:00\",\"dateModified\":\"2023-09-26T13:32:35+00:00\",\"description\":\"Unser Skilehrer-Team in Chamomix\",\"breadcrumb\":{\"@id\":\"https:\/\/europeansnowsport.com\/de\/chamonix-skischule\/skilehrer-in-chamomix\/#breadcrumb\"},\"inLanguage\":\"de-DE\",\"potentialAction\":[{\"@type\":\"ReadAction\",\"target\":[\"https:\/\/europeansnowsport.com\/de\/chamonix-skischule\/skilehrer-in-chamomix\/\"]}]},{\"@type\":\"ImageObject\",\"inLanguage\":\"de-DE\",\"@id\":\"https:\/\/europeansnowsport.com\/de\/chamonix-skischule\/skilehrer-in-chamomix\/#primaryimage\",\"url\":\"https:\/\/europeansnowsport.com\/wp-content\/uploads\/ski-instructors-2000w.jpg\",\"contentUrl\":\"https:\/\/europeansnowsport.com\/wp-content\/uploads\/ski-instructors-2000w.jpg\"},{\"@type\":\"BreadcrumbList\",\"@id\":\"https:\/\/europeansnowsport.com\/de\/chamonix-skischule\/skilehrer-in-chamomix\/#breadcrumb\",\"itemListElement\":[{\"@type\":\"ListItem\",\"position\":1,\"name\":\"Home\",\"item\":\"https:\/\/europeansnowsport.com\/de\/\"},{\"@type\":\"ListItem\",\"position\":2,\"name\":\"Chamonix Skischule\",\"item\":\"https:\/\/europeansnowsport.com\/de\/chamonix-skischule\/\"},{\"@type\":\"ListItem\",\"position\":3,\"name\":\"Skilehrer in Chamomix\"}]},{\"@type\":\"WebSite\",\"@id\":\"https:\/\/europeansnowsport.com\/de\/#website\",\"url\":\"https:\/\/europeansnowsport.com\/de\/\",\"name\":\"European Snowsport\",\"description\":\"Outstanding, independent ski schools in Verbier, Zermatt, Nendaz, St Moritz and Chamonix\",\"publisher\":{\"@id\":\"https:\/\/europeansnowsport.com\/de\/#organization\"},\"potentialAction\":[{\"@type\":\"SearchAction\",\"target\":{\"@type\":\"EntryPoint\",\"urlTemplate\":\"https:\/\/europeansnowsport.com\/de\/?s={search_term_string}\"},\"query-input\":{\"@type\":\"PropertyValueSpecification\",\"valueRequired\":true,\"valueName\":\"search_term_string\"}}],\"inLanguage\":\"de-DE\"},{\"@type\":[\"Organization\",\"Place\",\"LocalBusiness\"],\"@id\":\"https:\/\/europeansnowsport.com\/de\/#organization\",\"name\":\"European Snowsport\",\"url\":\"https:\/\/europeansnowsport.com\/de\/\",\"logo\":{\"@id\":\"https:\/\/europeansnowsport.com\/de\/chamonix-skischule\/skilehrer-in-chamomix\/#local-main-organization-logo\"},\"image\":{\"@id\":\"https:\/\/europeansnowsport.com\/de\/chamonix-skischule\/skilehrer-in-chamomix\/#local-main-organization-logo\"},\"sameAs\":[\"https:\/\/www.facebook.com\/verbierskischool\/\",\"https:\/\/x.com\/ESSkiSchool\",\"https:\/\/www.instagram.com\/europeansnowsport\/\",\"https:\/\/www.linkedin.com\/company\/european-snowsport-ski-and-snowboard-school\",\"https:\/\/www.pinterest.ch\/SkiSchool\/\",\"https:\/\/www.youtube.com\/channel\/UCRNrr3rTgbMt8SeKpS673lQ\"],\"address\":{\"@id\":\"https:\/\/europeansnowsport.com\/de\/chamonix-skischule\/skilehrer-in-chamomix\/#local-main-place-address\"},\"geo\":{\"@type\":\"GeoCoordinates\",\"latitude\":\"46.092474\",\"longitude\":\"7.233592\"},\"telephone\":[\"+41 27 771 6222\"],\"openingHoursSpecification\":[{\"@type\":\"OpeningHoursSpecification\",\"dayOfWeek\":[\"Monday\",\"Tuesday\",\"Wednesday\",\"Thursday\",\"Friday\",\"Saturday\"],\"opens\":\"08:00\",\"closes\":\"19:00\"},{\"@type\":\"OpeningHoursSpecification\",\"dayOfWeek\":[\"Sunday\"],\"opens\":\"08:00\",\"closes\":\"21:00\"}],\"email\":\"info@europeansnowsport.com\",\"faxNumber\":\"+41277716221\",\"priceRange\":\"CHF-CHF\"},{\"@type\":\"PostalAddress\",\"@id\":\"https:\/\/europeansnowsport.com\/de\/chamonix-skischule\/skilehrer-in-chamomix\/#local-main-place-address\",\"streetAddress\":\"European Snowsport, Rue de M\u00e9dran\",\"addressLocality\":\"Bagnes\",\"postalCode\":\"1936\",\"addressCountry\":\"CH\"},{\"@type\":\"ImageObject\",\"inLanguage\":\"de-DE\",\"@id\":\"https:\/\/europeansnowsport.com\/de\/chamonix-skischule\/skilehrer-in-chamomix\/#local-main-organization-logo\",\"url\":\"https:\/\/europeansnowsport.com\/wp-content\/uploads\/ESlogo400-1.jpg\",\"contentUrl\":\"https:\/\/europeansnowsport.com\/wp-content\/uploads\/ESlogo400-1.jpg\",\"width\":400,\"height\":400,\"caption\":\"European Snowsport\"}]}<\/script>\n<meta name=\"geo.placename\" content=\"Bagnes\" \/>\n<meta name=\"geo.position\" content=\"46.092474;7.233592\" \/>\n<meta name=\"geo.region\" content=\"Schweiz\" \/>\n<!-- \/ Yoast SEO Premium plugin. -->","yoast_head_json":{"title":"Skilehrer in Chamomix","description":"Unser Skilehrer-Team in Chamomix","robots":{"index":"index","follow":"follow","max-snippet":"max-snippet:-1","max-image-preview":"max-image-preview:large","max-video-preview":"max-video-preview:-1"},"canonical":"https:\/\/europeansnowsport.com\/de\/chamonix-skischule\/skilehrer-in-chamomix\/","og_locale":"de_DE","og_type":"article","og_title":"Skilehrer in Chamomix","og_description":"Unser Skilehrer-Team in Chamomix","og_url":"https:\/\/europeansnowsport.com\/de\/chamonix-skischule\/skilehrer-in-chamomix\/","og_site_name":"European Snowsport","article_publisher":"https:\/\/www.facebook.com\/verbierskischool\/","article_modified_time":"2023-09-26T13:32:35+00:00","og_image":[{"url":"https:\/\/europeansnowsport.com\/wp-content\/uploads\/ski-instructors-2000w.jpg","type":"","width":"","height":""}],"twitter_card":"summary_large_image","twitter_site":"@ESSkiSchool","twitter_misc":{"Gesch\u00e4tzte Lesezeit":"1 Minute"},"schema":{"@context":"https:\/\/schema.org","@graph":[{"@type":"WebPage","@id":"https:\/\/europeansnowsport.com\/de\/chamonix-skischule\/skilehrer-in-chamomix\/","url":"https:\/\/europeansnowsport.com\/de\/chamonix-skischule\/skilehrer-in-chamomix\/","name":"Skilehrer in Chamomix","isPartOf":{"@id":"https:\/\/europeansnowsport.com\/de\/#website"},"primaryImageOfPage":{"@id":"https:\/\/europeansnowsport.com\/de\/chamonix-skischule\/skilehrer-in-chamomix\/#primaryimage"},"image":{"@id":"https:\/\/europeansnowsport.com\/de\/chamonix-skischule\/skilehrer-in-chamomix\/#primaryimage"},"thumbnailUrl":"https:\/\/europeansnowsport.com\/wp-content\/uploads\/ski-instructors-2000w.jpg","datePublished":"2019-10-09T14:48:51+00:00","dateModified":"2023-09-26T13:32:35+00:00","description":"Unser Skilehrer-Team in Chamomix","breadcrumb":{"@id":"https:\/\/europeansnowsport.com\/de\/chamonix-skischule\/skilehrer-in-chamomix\/#breadcrumb"},"inLanguage":"de-DE","potentialAction":[{"@type":"ReadAction","target":["https:\/\/europeansnowsport.com\/de\/chamonix-skischule\/skilehrer-in-chamomix\/"]}]},{"@type":"ImageObject","inLanguage":"de-DE","@id":"https:\/\/europeansnowsport.com\/de\/chamonix-skischule\/skilehrer-in-chamomix\/#primaryimage","url":"https:\/\/europeansnowsport.com\/wp-content\/uploads\/ski-instructors-2000w.jpg","contentUrl":"https:\/\/europeansnowsport.com\/wp-content\/uploads\/ski-instructors-2000w.jpg"},{"@type":"BreadcrumbList","@id":"https:\/\/europeansnowsport.com\/de\/chamonix-skischule\/skilehrer-in-chamomix\/#breadcrumb","itemListElement":[{"@type":"ListItem","position":1,"name":"Home","item":"https:\/\/europeansnowsport.com\/de\/"},{"@type":"ListItem","position":2,"name":"Chamonix Skischule","item":"https:\/\/europeansnowsport.com\/de\/chamonix-skischule\/"},{"@type":"ListItem","position":3,"name":"Skilehrer in Chamomix"}]},{"@type":"WebSite","@id":"https:\/\/europeansnowsport.com\/de\/#website","url":"https:\/\/europeansnowsport.com\/de\/","name":"European Snowsport","description":"Outstanding, independent ski schools in Verbier, Zermatt, Nendaz, St Moritz and Chamonix","publisher":{"@id":"https:\/\/europeansnowsport.com\/de\/#organization"},"potentialAction":[{"@type":"SearchAction","target":{"@type":"EntryPoint","urlTemplate":"https:\/\/europeansnowsport.com\/de\/?s={search_term_string}"},"query-input":{"@type":"PropertyValueSpecification","valueRequired":true,"valueName":"search_term_string"}}],"inLanguage":"de-DE"},{"@type":["Organization","Place","LocalBusiness"],"@id":"https:\/\/europeansnowsport.com\/de\/#organization","name":"European Snowsport","url":"https:\/\/europeansnowsport.com\/de\/","logo":{"@id":"https:\/\/europeansnowsport.com\/de\/chamonix-skischule\/skilehrer-in-chamomix\/#local-main-organization-logo"},"image":{"@id":"https:\/\/europeansnowsport.com\/de\/chamonix-skischule\/skilehrer-in-chamomix\/#local-main-organization-logo"},"sameAs":["https:\/\/www.facebook.com\/verbierskischool\/","https:\/\/x.com\/ESSkiSchool","https:\/\/www.instagram.com\/europeansnowsport\/","https:\/\/www.linkedin.com\/company\/european-snowsport-ski-and-snowboard-school","https:\/\/www.pinterest.ch\/SkiSchool\/","https:\/\/www.youtube.com\/channel\/UCRNrr3rTgbMt8SeKpS673lQ"],"address":{"@id":"https:\/\/europeansnowsport.com\/de\/chamonix-skischule\/skilehrer-in-chamomix\/#local-main-place-address"},"geo":{"@type":"GeoCoordinates","latitude":"46.092474","longitude":"7.233592"},"telephone":["+41 27 771 6222"],"openingHoursSpecification":[{"@type":"OpeningHoursSpecification","dayOfWeek":["Monday","Tuesday","Wednesday","Thursday","Friday","Saturday"],"opens":"08:00","closes":"19:00"},{"@type":"OpeningHoursSpecification","dayOfWeek":["Sunday"],"opens":"08:00","closes":"21:00"}],"email":"info@europeansnowsport.com","faxNumber":"+41277716221","priceRange":"CHF-CHF"},{"@type":"PostalAddress","@id":"https:\/\/europeansnowsport.com\/de\/chamonix-skischule\/skilehrer-in-chamomix\/#local-main-place-address","streetAddress":"European Snowsport, Rue de M\u00e9dran","addressLocality":"Bagnes","postalCode":"1936","addressCountry":"CH"},{"@type":"ImageObject","inLanguage":"de-DE","@id":"https:\/\/europeansnowsport.com\/de\/chamonix-skischule\/skilehrer-in-chamomix\/#local-main-organization-logo","url":"https:\/\/europeansnowsport.com\/wp-content\/uploads\/ESlogo400-1.jpg","contentUrl":"https:\/\/europeansnowsport.com\/wp-content\/uploads\/ESlogo400-1.jpg","width":400,"height":400,"caption":"European Snowsport"}]},"geo.placename":"Bagnes","geo.position":{"lat":"46.092474","long":"7.233592"},"geo.region":"Schweiz"},"featured_image_src":null,"featured_image_src_square":null,"_links":{"self":[{"href":"https:\/\/europeansnowsport.com\/de\/wp-json\/wp\/v2\/pages\/21374","targetHints":{"allow":["GET"]}}],"collection":[{"href":"https:\/\/europeansnowsport.com\/de\/wp-json\/wp\/v2\/pages"}],"about":[{"href":"https:\/\/europeansnowsport.com\/de\/wp-json\/wp\/v2\/types\/page"}],"author":[{"embeddable":true,"href":"https:\/\/europeansnowsport.com\/de\/wp-json\/wp\/v2\/users\/1"}],"replies":[{"embeddable":true,"href":"https:\/\/europeansnowsport.com\/de\/wp-json\/wp\/v2\/comments?post=21374"}],"version-history":[{"count":0,"href":"https:\/\/europeansnowsport.com\/de\/wp-json\/wp\/v2\/pages\/21374\/revisions"}],"up":[{"embeddable":true,"href":"https:\/\/europeansnowsport.com\/de\/wp-json\/wp\/v2\/pages\/21370"}],"wp:attachment":[{"href":"https:\/\/europeansnowsport.com\/de\/wp-json\/wp\/v2\/media?parent=21374"}],"curies":[{"name":"wp","href":"https:\/\/api.w.org\/{rel}","templated":true}]}}